{"id":943,"date":"2025-04-22T10:36:15","date_gmt":"2025-04-22T10:36:15","guid":{"rendered":"https:\/\/umojagreenlands.org\/contactez-nous\/"},"modified":"2025-04-22T10:48:37","modified_gmt":"2025-04-22T10:48:37","slug":"contactez-nous","status":"publish","type":"page","link":"https:\/\/umojagreenlands.org\/fr\/contactez-nous\/","title":{"rendered":"Contactez nous"},"content":{"rendered":"\t\t<div data-elementor-type=\"wp-page\" data-elementor-id=\"943\" class=\"elementor elementor-943 elementor-935\" data-elementor-post-type=\"page\">\n\t\t\t\t<div class=\"elementor-element elementor-element-a1eb2c7 e-flex e-con-boxed e-con e-parent\" data-id=\"a1eb2c7\" data-element_type=\"container\" data-e-type=\"container\">\n\t\t\t\t\t<div class=\"e-con-inner\">\n\t\t\t\t<div class=\"elementor-element elementor-element-513414f elementor-widget elementor-widget-wpforms\" data-id=\"513414f\" data-element_type=\"widget\" data-e-type=\"widget\" data-widget_type=\"wpforms.default\">\n\t\t\t\t<div class=\"elementor-widget-container\">\n\t\t\t\t\t<div class=\"wpforms-container wpforms-container-full wpforms-render-modern\" id=\"wpforms-337\"><form id=\"wpforms-form-337\" class=\"wpforms-validate wpforms-form wpforms-ajax-form\" data-formid=\"337\" method=\"post\" enctype=\"multipart\/form-data\" action=\"\/fr\/wp-json\/wp\/v2\/pages\/943\" data-token=\"11be8529d568df934b2e955dd89221be\" data-token-time=\"1776962403\"><noscript class=\"wpforms-error-noscript\">Veuillez activer JavaScript dans votre navigateur pour remplir ce formulaire.<\/noscript><div id=\"wpforms-error-noscript\" style=\"display: none;\">Veuillez activer JavaScript dans votre navigateur pour remplir ce formulaire.<\/div><div class=\"wpforms-field-container\"><div id=\"wpforms-337-field_1-container\" class=\"wpforms-field wpforms-field-name\" data-field-id=\"1\"><fieldset><legend class=\"wpforms-field-label\">Nom <span class=\"wpforms-required-label\" aria-hidden=\"true\">*<\/span><\/legend><div class=\"wpforms-field-row wpforms-field-medium\"><div class=\"wpforms-field-row-block wpforms-first wpforms-one-half\"><input type=\"text\" id=\"wpforms-337-field_1\" class=\"wpforms-field-name-first wpforms-field-required\" name=\"wpforms[fields][1][first]\" aria-errormessage=\"wpforms-337-field_1-error\" required><label for=\"wpforms-337-field_1\" class=\"wpforms-field-sublabel after\">Premi\u00e8re<\/label><\/div><div class=\"wpforms-field-row-block wpforms-one-half\"><input type=\"text\" id=\"wpforms-337-field_1-last\" class=\"wpforms-field-name-last wpforms-field-required\" name=\"wpforms[fields][1][last]\" aria-errormessage=\"wpforms-337-field_1-last-error\" required><label for=\"wpforms-337-field_1-last\" class=\"wpforms-field-sublabel after\">Dernier<\/label><\/div><\/div><\/fieldset><\/div>\t\t<div id=\"wpforms-337-field_4-container\"\n\t\t\tclass=\"wpforms-field wpforms-field-text\"\n\t\t\tdata-field-type=\"text\"\n\t\t\tdata-field-id=\"4\"\n\t\t\t>\n\t\t\t<label class=\"wpforms-field-label\" for=\"wpforms-337-field_4\" >message Nom Courriel<\/label>\n\t\t\t<input type=\"text\" id=\"wpforms-337-field_4\" class=\"wpforms-field-medium\" name=\"wpforms[fields][4]\" >\n\t\t<\/div>\n\t\t<div id=\"wpforms-337-field_2-container\" class=\"wpforms-field wpforms-field-email\" data-field-id=\"2\"><label class=\"wpforms-field-label\" for=\"wpforms-337-field_2\">Courriel <span class=\"wpforms-required-label\" aria-hidden=\"true\">*<\/span><\/label><input type=\"email\" id=\"wpforms-337-field_2\" class=\"wpforms-field-medium wpforms-field-required\" name=\"wpforms[fields][2]\" spellcheck=\"false\" aria-errormessage=\"wpforms-337-field_2-error\" required><\/div><div id=\"wpforms-337-field_3-container\" class=\"wpforms-field wpforms-field-textarea\" data-field-id=\"3\"><label class=\"wpforms-field-label\" for=\"wpforms-337-field_3\">Commentaire ou message<\/label><textarea id=\"wpforms-337-field_3\" class=\"wpforms-field-medium\" name=\"wpforms[fields][3]\" aria-errormessage=\"wpforms-337-field_3-error\" ><\/textarea><\/div><script>\n\t\t\t\t( function() {\n\t\t\t\t\tconst style = document.createElement( 'style' );\n\t\t\t\t\tstyle.appendChild( document.createTextNode( '#wpforms-337-field_4-container { position: absolute !important; overflow: hidden !important; display: inline !important; height: 1px !important; width: 1px !important; z-index: -1000 !important; padding: 0 !important; } #wpforms-337-field_4-container input { visibility: hidden; } #wpforms-conversational-form-page #wpforms-337-field_4-container label { counter-increment: none; }' ) );\n\t\t\t\t\tdocument.head.appendChild( style );\n\t\t\t\t\tdocument.currentScript?.remove();\n\t\t\t\t} )();\n\t\t\t<\/script><\/div><!-- .wpforms-field-container --><div class=\"wpforms-submit-container\" ><input type=\"hidden\" name=\"wpforms[id]\" value=\"337\"><input type=\"hidden\" name=\"page_title\" value=\"\"><input type=\"hidden\" name=\"page_url\" value=\"https:\/\/umojagreenlands.org\/fr\/wp-json\/wp\/v2\/pages\/943\"><input type=\"hidden\" name=\"url_referer\" value=\"\"><button type=\"submit\" name=\"wpforms[submit]\" id=\"wpforms-submit-337\" class=\"wpforms-submit\" data-alt-text=\"Envoi...\" data-submit-text=\"Soumettre\" aria-live=\"assertive\" value=\"wpforms-submit\">Soumettre<\/button><img loading=\"lazy\" decoding=\"async\" loading=\"lazy\" src=\"https:\/\/umojagreenlands.org\/wp-content\/plugins\/wpforms-lite\/assets\/images\/submit-spin.svg\" class=\"wpforms-submit-spinner\" style=\"display: none;\" width=\"26\" height=\"26\" alt=\"Chargement en cours\"><\/div><\/form><\/div>  <!-- .wpforms-container -->\t\t\t\t<\/div>\n\t\t\t\t<\/div>\n\t\t\t\t\t<\/div>\n\t\t\t\t<\/div>\n\t\t<div class=\"elementor-element elementor-element-d0950f7 e-flex e-con-boxed e-con e-parent\" data-id=\"d0950f7\" data-element_type=\"container\" data-e-type=\"container\">\n\t\t\t\t\t<div class=\"e-con-inner\">\n\t\t\t\t<div class=\"elementor-element elementor-element-c0cf13e elementor-widget elementor-widget-text-editor\" data-id=\"c0cf13e\" data-element_type=\"widget\" data-e-type=\"widget\" data-widget_type=\"text-editor.default\">\n\t\t\t\t<div class=\"elementor-widget-container\">\n\t\t\t\t\t\t\t\t\t<p>Contactez-nous par courriel :<\/p>\t\t\t\t\t\t\t\t<\/div>\n\t\t\t\t<\/div>\n\t\t\t\t<div class=\"elementor-element elementor-element-559a628 elementor-widget elementor-widget-html\" data-id=\"559a628\" data-element_type=\"widget\" data-e-type=\"widget\" data-widget_type=\"html.default\">\n\t\t\t\t<div class=\"elementor-widget-container\">\n\t\t\t\t\t<a href=\"mailto:info@umojagreenlands.org\">\r\n  info \u2709 umojagreenlands (dot) org\r\n<\/a>\r\n\t\t\t\t<\/div>\n\t\t\t\t<\/div>\n\t\t\t\t\t<\/div>\n\t\t\t\t<\/div>\n\t\t<div class=\"elementor-element elementor-element-8da3a2b e-flex e-con-boxed e-con e-parent\" data-id=\"8da3a2b\" data-element_type=\"container\" data-e-type=\"container\">\n\t\t\t\t\t<div class=\"e-con-inner\">\n\t\t\t\t<div class=\"elementor-element elementor-element-ba614e0 elementor-widget-divider--view-line elementor-widget elementor-widget-divider\" data-id=\"ba614e0\" data-element_type=\"widget\" data-e-type=\"widget\" data-widget_type=\"divider.default\">\n\t\t\t\t<div class=\"elementor-widget-container\">\n\t\t\t\t\t\t\t<div class=\"elementor-divider\">\n\t\t\t<span class=\"elementor-divider-separator\">\n\t\t\t\t\t\t<\/span>\n\t\t<\/div>\n\t\t\t\t\t\t<\/div>\n\t\t\t\t<\/div>\n\t\t\t\t<div class=\"elementor-element elementor-element-6cbb52c elementor-widget elementor-widget-text-editor\" data-id=\"6cbb52c\" data-element_type=\"widget\" data-e-type=\"widget\" data-widget_type=\"text-editor.default\">\n\t\t\t\t<div class=\"elementor-widget-container\">\n\t\t\t\t\t\t\t\t\t<p class=\"\" data-start=\"117\" data-end=\"262\">L&#8217;\u00e9quipe dirigeante d&#8217;Umoja Greenlands est d\u00e9sormais disponible pour des rendez-vous programm\u00e9s via les liens ci-dessous :<\/p><ul data-start=\"264\" data-end=\"793\"><li class=\"\" data-start=\"264\" data-end=\"431\"><p class=\"\" data-start=\"266\" data-end=\"431\"><strong data-start=\"266\" data-end=\"283\">Sorin Ionescu<\/strong> (chefs de communaut\u00e9 uniquement) :<br data-start=\"309\" data-end=\"312\">Lien vers la r\u00e9union interne pour les membres d&#8217;Umoja Greenlands <a class=\"\" href=\"https:\/\/calendly.com\/sionescu-sangoma\/30min\" target=\"_new\" rel=\"noopener\" data-start=\"328\" data-end=\"371\">:<\/a> https:\/\/calendly.com\/sionescu-sangoma\/30min<br data-start=\"371\" data-end=\"374\">Profil <a class=\"\" href=\"https:\/\/sorinionescu.org\/ngo-curriculum-vitae\/\" target=\"_new\" rel=\"noopener\" data-start=\"385\" data-end=\"431\">: https:\/\/sorinionescu.org\/ngo-curriculum-vitae\/<\/a><\/p><\/li><li class=\"\" data-start=\"433\" data-end=\"625\"><p class=\"\" data-start=\"435\" data-end=\"625\"><strong data-start=\"435\" data-end=\"457\">Josephine Nanyombi<\/strong> (PDG &#8211; Partenariats et questions strat\u00e9giques) :<br data-start=\"499\" data-end=\"502\">Lien de la r\u00e9union <a class=\"\" href=\"https:\/\/calendly.com\/josephinenanyombi03\/30min\" target=\"_new\" rel=\"noopener\" data-start=\"518\" data-end=\"564\">:<\/a> https:\/\/calendly.com\/josephinenanyombi03\/30min<br data-start=\"564\" data-end=\"567\">Profil <a class=\"\" href=\"https:\/\/umojagreenlands.org\/fr\/nanyombi-josephine\/\" target=\"_new\" rel=\"noopener\" data-start=\"578\" data-end=\"625\">: https:\/\/umojagreenlands.org\/nanyombi-josephine\/<\/a><\/p><\/li><li class=\"\" data-start=\"627\" data-end=\"793\"><p class=\"\" data-start=\"629\" data-end=\"793\"><strong data-start=\"629\" data-end=\"647\">Kezia Nakyanzi<\/strong> (COO &#8211; Op\u00e9rations internes) :<br data-start=\"676\" data-end=\"679\">Lien de la r\u00e9union <a class=\"\" href=\"https:\/\/calendly.com\/nakyanzikezia8\/30min\" target=\"_new\" rel=\"noopener\" data-start=\"695\" data-end=\"736\">:<\/a> https:\/\/calendly.com\/nakyanzikezia8\/30min<br data-start=\"736\" data-end=\"739\">Profil <a class=\"\" href=\"https:\/\/umojagreenlands.org\/fr\/nakyanzi-kezia\/\" target=\"_new\" rel=\"noopener\" data-start=\"750\" data-end=\"793\">: https:\/\/umojagreenlands.org\/nakyanzi-kezia\/<\/a><\/p><\/li><\/ul><p> <\/p><p class=\"\" data-start=\"1282\" data-end=\"1330\"><strong data-start=\"1282\" data-end=\"1330\">Pour les partenaires, les alli\u00e9s et les contacts ext\u00e9rieurs :<\/strong><\/p><p class=\"\" data-start=\"1332\" data-end=\"1508\">Si vous ne faites pas partie de l&#8217;\u00e9quipe interne ou de la communaut\u00e9 d&#8217;Umoja Greenlands mais que vous souhaitez vous connecter, veuillez utiliser le lien externe d\u00e9di\u00e9 ci-dessous :<\/p><ul><li data-start=\"1332\" data-end=\"1508\"><strong data-start=\"1510\" data-end=\"1556\">Externe (r\u00e9unions de l&#8217;apr\u00e8s-midi uniquement)<\/strong><br data-start=\"1556\" data-end=\"1559\">Lien de la r\u00e9union <a class=\"\" href=\"https:\/\/calendly.com\/umojagreenlands-info\/60min\" target=\"_new\" rel=\"noopener\" data-start=\"1573\" data-end=\"1620\">: https:\/\/calendly.com\/umojagreenlands-info\/60min<\/a><\/li><\/ul>\t\t\t\t\t\t\t\t<\/div>\n\t\t\t\t<\/div>\n\t\t\t\t\t<\/div>\n\t\t\t\t<\/div>\n\t\t\t\t<\/div>\n\t\t","protected":false},"excerpt":{"rendered":"<p>Please enable JavaScript in your browser to complete this form.Please enable JavaScript in your browser to complete this form. Name * FirstLast Email *Comment or MessageSubmit Contactez-nous par courriel : info \u2709 umojagreenlands (dot) org L&#8217;\u00e9quipe dirigeante d&#8217;Umoja Greenlands est d\u00e9sormais disponible pour des rendez-vous programm\u00e9s via les liens ci-dessous : Sorin Ionescu (chefs de [&hellip;]<\/p>\n","protected":false},"author":1,"featured_media":0,"parent":0,"menu_order":0,"comment_status":"closed","ping_status":"closed","template":"","meta":{"nf_dc_page":"","om_disable_all_campaigns":false,"_monsterinsights_skip_tracking":false,"_monsterinsights_sitenote_active":false,"_monsterinsights_sitenote_note":"","_monsterinsights_sitenote_category":0,"footnotes":""},"class_list":["post-943","page","type-page","status-publish","hentry"],"yoast_head":"<!-- This site is optimized with the Yoast SEO plugin v27.4 - https:\/\/yoast.com\/product\/yoast-seo-wordpress\/ -->\n<title>Contactez nous - Umoja Greenlands<\/title>\n<meta name=\"robots\" content=\"index, follow, max-snippet:-1, max-image-preview:large, max-video-preview:-1\" \/>\n<link rel=\"canonical\" href=\"https:\/\/umojagreenlands.org\/fr\/contactez-nous\/\" \/>\n<meta property=\"og:locale\" content=\"fr_FR\" \/>\n<meta property=\"og:type\" content=\"article\" \/>\n<meta property=\"og:title\" content=\"Contactez nous - Umoja Greenlands\" \/>\n<meta property=\"og:description\" content=\"Please enable JavaScript in your browser to complete this form.Please enable JavaScript in your browser to complete this form. Name * FirstLast Email *Comment or MessageSubmit Contactez-nous par courriel : info \u2709 umojagreenlands (dot) org L&#8217;\u00e9quipe dirigeante d&#8217;Umoja Greenlands est d\u00e9sormais disponible pour des rendez-vous programm\u00e9s via les liens ci-dessous : Sorin Ionescu (chefs de [&hellip;]\" \/>\n<meta property=\"og:url\" content=\"https:\/\/umojagreenlands.org\/fr\/contactez-nous\/\" \/>\n<meta property=\"og:site_name\" content=\"Umoja Greenlands\" \/>\n<meta property=\"article:publisher\" content=\"https:\/\/www.facebook.com\/profile.php?id=61574025178042\" \/>\n<meta property=\"article:modified_time\" content=\"2025-04-22T10:48:37+00:00\" \/>\n<meta property=\"og:image\" content=\"https:\/\/umojagreenlands.org\/wp-content\/plugins\/wpforms-lite\/assets\/images\/submit-spin.svg\" \/>\n<meta name=\"twitter:card\" content=\"summary_large_image\" \/>\n<meta name=\"twitter:label1\" content=\"Dur\u00e9e de lecture estim\u00e9e\" \/>\n\t<meta name=\"twitter:data1\" content=\"1 minute\" \/>\n<script type=\"application\/ld+json\" class=\"yoast-schema-graph\">{\"@context\":\"https:\\\/\\\/schema.org\",\"@graph\":[{\"@type\":\"WebPage\",\"@id\":\"https:\\\/\\\/umojagreenlands.org\\\/fr\\\/contactez-nous\\\/\",\"url\":\"https:\\\/\\\/umojagreenlands.org\\\/fr\\\/contactez-nous\\\/\",\"name\":\"Contactez nous - Umoja Greenlands\",\"isPartOf\":{\"@id\":\"https:\\\/\\\/umojagreenlands.org\\\/fr\\\/#website\"},\"primaryImageOfPage\":{\"@id\":\"https:\\\/\\\/umojagreenlands.org\\\/fr\\\/contactez-nous\\\/#primaryimage\"},\"image\":{\"@id\":\"https:\\\/\\\/umojagreenlands.org\\\/fr\\\/contactez-nous\\\/#primaryimage\"},\"thumbnailUrl\":\"https:\\\/\\\/umojagreenlands.org\\\/wp-content\\\/plugins\\\/wpforms-lite\\\/assets\\\/images\\\/submit-spin.svg\",\"datePublished\":\"2025-04-22T10:36:15+00:00\",\"dateModified\":\"2025-04-22T10:48:37+00:00\",\"breadcrumb\":{\"@id\":\"https:\\\/\\\/umojagreenlands.org\\\/fr\\\/contactez-nous\\\/#breadcrumb\"},\"inLanguage\":\"fr-FR\",\"potentialAction\":[{\"@type\":\"ReadAction\",\"target\":[\"https:\\\/\\\/umojagreenlands.org\\\/fr\\\/contactez-nous\\\/\"]}]},{\"@type\":\"ImageObject\",\"inLanguage\":\"fr-FR\",\"@id\":\"https:\\\/\\\/umojagreenlands.org\\\/fr\\\/contactez-nous\\\/#primaryimage\",\"url\":\"https:\\\/\\\/umojagreenlands.org\\\/wp-content\\\/plugins\\\/wpforms-lite\\\/assets\\\/images\\\/submit-spin.svg\",\"contentUrl\":\"https:\\\/\\\/umojagreenlands.org\\\/wp-content\\\/plugins\\\/wpforms-lite\\\/assets\\\/images\\\/submit-spin.svg\"},{\"@type\":\"BreadcrumbList\",\"@id\":\"https:\\\/\\\/umojagreenlands.org\\\/fr\\\/contactez-nous\\\/#breadcrumb\",\"itemListElement\":[{\"@type\":\"ListItem\",\"position\":1,\"name\":\"Home\",\"item\":\"https:\\\/\\\/umojagreenlands.org\\\/fr\\\/zones-vertes-dumoja\\\/\"},{\"@type\":\"ListItem\",\"position\":2,\"name\":\"Contactez nous\"}]},{\"@type\":\"WebSite\",\"@id\":\"https:\\\/\\\/umojagreenlands.org\\\/fr\\\/#website\",\"url\":\"https:\\\/\\\/umojagreenlands.org\\\/fr\\\/\",\"name\":\"Umoja Greenlands\",\"description\":\"Umoja Greenlands is a community-driven initiative focused on sustainable living, environmental stewardship, and water resilience. Centered in rural Africa, it empowers local communities through rainwater harvesting, regenerative agriculture, and eco-friendly infrastructure, all rooted in the spirit of umoja\u2014Swahili for unity.\",\"publisher\":{\"@id\":\"https:\\\/\\\/umojagreenlands.org\\\/fr\\\/#organization\"},\"potentialAction\":[{\"@type\":\"SearchAction\",\"target\":{\"@type\":\"EntryPoint\",\"urlTemplate\":\"https:\\\/\\\/umojagreenlands.org\\\/fr\\\/?s={search_term_string}\"},\"query-input\":{\"@type\":\"PropertyValueSpecification\",\"valueRequired\":true,\"valueName\":\"search_term_string\"}}],\"inLanguage\":\"fr-FR\"},{\"@type\":\"Organization\",\"@id\":\"https:\\\/\\\/umojagreenlands.org\\\/fr\\\/#organization\",\"name\":\"Umoja Greenlands\",\"url\":\"https:\\\/\\\/umojagreenlands.org\\\/fr\\\/\",\"logo\":{\"@type\":\"ImageObject\",\"inLanguage\":\"fr-FR\",\"@id\":\"https:\\\/\\\/umojagreenlands.org\\\/fr\\\/#\\\/schema\\\/logo\\\/image\\\/\",\"url\":\"https:\\\/\\\/i0.wp.com\\\/umojagreenlands.org\\\/wp-content\\\/uploads\\\/2025\\\/03\\\/logo.png?fit=1024%2C1024&ssl=1\",\"contentUrl\":\"https:\\\/\\\/i0.wp.com\\\/umojagreenlands.org\\\/wp-content\\\/uploads\\\/2025\\\/03\\\/logo.png?fit=1024%2C1024&ssl=1\",\"width\":1024,\"height\":1024,\"caption\":\"Umoja Greenlands\"},\"image\":{\"@id\":\"https:\\\/\\\/umojagreenlands.org\\\/fr\\\/#\\\/schema\\\/logo\\\/image\\\/\"},\"sameAs\":[\"https:\\\/\\\/www.facebook.com\\\/profile.php?id=61574025178042\"]}]}<\/script>\n<!-- \/ Yoast SEO plugin. -->","yoast_head_json":{"title":"Contactez nous - Umoja Greenlands","robots":{"index":"index","follow":"follow","max-snippet":"max-snippet:-1","max-image-preview":"max-image-preview:large","max-video-preview":"max-video-preview:-1"},"canonical":"https:\/\/umojagreenlands.org\/fr\/contactez-nous\/","og_locale":"fr_FR","og_type":"article","og_title":"Contactez nous - Umoja Greenlands","og_description":"Please enable JavaScript in your browser to complete this form.Please enable JavaScript in your browser to complete this form. Name * FirstLast Email *Comment or MessageSubmit Contactez-nous par courriel : info \u2709 umojagreenlands (dot) org L&#8217;\u00e9quipe dirigeante d&#8217;Umoja Greenlands est d\u00e9sormais disponible pour des rendez-vous programm\u00e9s via les liens ci-dessous : Sorin Ionescu (chefs de [&hellip;]","og_url":"https:\/\/umojagreenlands.org\/fr\/contactez-nous\/","og_site_name":"Umoja Greenlands","article_publisher":"https:\/\/www.facebook.com\/profile.php?id=61574025178042","article_modified_time":"2025-04-22T10:48:37+00:00","og_image":[{"url":"https:\/\/umojagreenlands.org\/wp-content\/plugins\/wpforms-lite\/assets\/images\/submit-spin.svg","type":"","width":"","height":""}],"twitter_card":"summary_large_image","twitter_misc":{"Dur\u00e9e de lecture estim\u00e9e":"1 minute"},"schema":{"@context":"https:\/\/schema.org","@graph":[{"@type":"WebPage","@id":"https:\/\/umojagreenlands.org\/fr\/contactez-nous\/","url":"https:\/\/umojagreenlands.org\/fr\/contactez-nous\/","name":"Contactez nous - Umoja Greenlands","isPartOf":{"@id":"https:\/\/umojagreenlands.org\/fr\/#website"},"primaryImageOfPage":{"@id":"https:\/\/umojagreenlands.org\/fr\/contactez-nous\/#primaryimage"},"image":{"@id":"https:\/\/umojagreenlands.org\/fr\/contactez-nous\/#primaryimage"},"thumbnailUrl":"https:\/\/umojagreenlands.org\/wp-content\/plugins\/wpforms-lite\/assets\/images\/submit-spin.svg","datePublished":"2025-04-22T10:36:15+00:00","dateModified":"2025-04-22T10:48:37+00:00","breadcrumb":{"@id":"https:\/\/umojagreenlands.org\/fr\/contactez-nous\/#breadcrumb"},"inLanguage":"fr-FR","potentialAction":[{"@type":"ReadAction","target":["https:\/\/umojagreenlands.org\/fr\/contactez-nous\/"]}]},{"@type":"ImageObject","inLanguage":"fr-FR","@id":"https:\/\/umojagreenlands.org\/fr\/contactez-nous\/#primaryimage","url":"https:\/\/umojagreenlands.org\/wp-content\/plugins\/wpforms-lite\/assets\/images\/submit-spin.svg","contentUrl":"https:\/\/umojagreenlands.org\/wp-content\/plugins\/wpforms-lite\/assets\/images\/submit-spin.svg"},{"@type":"BreadcrumbList","@id":"https:\/\/umojagreenlands.org\/fr\/contactez-nous\/#breadcrumb","itemListElement":[{"@type":"ListItem","position":1,"name":"Home","item":"https:\/\/umojagreenlands.org\/fr\/zones-vertes-dumoja\/"},{"@type":"ListItem","position":2,"name":"Contactez nous"}]},{"@type":"WebSite","@id":"https:\/\/umojagreenlands.org\/fr\/#website","url":"https:\/\/umojagreenlands.org\/fr\/","name":"Umoja Greenlands","description":"Umoja Greenlands is a community-driven initiative focused on sustainable living, environmental stewardship, and water resilience. Centered in rural Africa, it empowers local communities through rainwater harvesting, regenerative agriculture, and eco-friendly infrastructure, all rooted in the spirit of umoja\u2014Swahili for unity.","publisher":{"@id":"https:\/\/umojagreenlands.org\/fr\/#organization"},"potentialAction":[{"@type":"SearchAction","target":{"@type":"EntryPoint","urlTemplate":"https:\/\/umojagreenlands.org\/fr\/?s={search_term_string}"},"query-input":{"@type":"PropertyValueSpecification","valueRequired":true,"valueName":"search_term_string"}}],"inLanguage":"fr-FR"},{"@type":"Organization","@id":"https:\/\/umojagreenlands.org\/fr\/#organization","name":"Umoja Greenlands","url":"https:\/\/umojagreenlands.org\/fr\/","logo":{"@type":"ImageObject","inLanguage":"fr-FR","@id":"https:\/\/umojagreenlands.org\/fr\/#\/schema\/logo\/image\/","url":"https:\/\/i0.wp.com\/umojagreenlands.org\/wp-content\/uploads\/2025\/03\/logo.png?fit=1024%2C1024&ssl=1","contentUrl":"https:\/\/i0.wp.com\/umojagreenlands.org\/wp-content\/uploads\/2025\/03\/logo.png?fit=1024%2C1024&ssl=1","width":1024,"height":1024,"caption":"Umoja Greenlands"},"image":{"@id":"https:\/\/umojagreenlands.org\/fr\/#\/schema\/logo\/image\/"},"sameAs":["https:\/\/www.facebook.com\/profile.php?id=61574025178042"]}]}},"jetpack_sharing_enabled":true,"_links":{"self":[{"href":"https:\/\/umojagreenlands.org\/fr\/wp-json\/wp\/v2\/pages\/943","targetHints":{"allow":["GET"]}}],"collection":[{"href":"https:\/\/umojagreenlands.org\/fr\/wp-json\/wp\/v2\/pages"}],"about":[{"href":"https:\/\/umojagreenlands.org\/fr\/wp-json\/wp\/v2\/types\/page"}],"author":[{"embeddable":true,"href":"https:\/\/umojagreenlands.org\/fr\/wp-json\/wp\/v2\/users\/1"}],"replies":[{"embeddable":true,"href":"https:\/\/umojagreenlands.org\/fr\/wp-json\/wp\/v2\/comments?post=943"}],"version-history":[{"count":1,"href":"https:\/\/umojagreenlands.org\/fr\/wp-json\/wp\/v2\/pages\/943\/revisions"}],"predecessor-version":[{"id":944,"href":"https:\/\/umojagreenlands.org\/fr\/wp-json\/wp\/v2\/pages\/943\/revisions\/944"}],"wp:attachment":[{"href":"https:\/\/umojagreenlands.org\/fr\/wp-json\/wp\/v2\/media?parent=943"}],"curies":[{"name":"wp","href":"https:\/\/api.w.org\/{rel}","templated":true}]}}