{"id":910,"date":"2025-04-16T01:56:44","date_gmt":"2025-04-16T01:56:44","guid":{"rendered":"https:\/\/umojagreenlands.org\/coach-en-systemes-dauto-organisation\/"},"modified":"2025-04-16T02:00:12","modified_gmt":"2025-04-16T02:00:12","slug":"coach-en-systemes-dauto-organisation","status":"publish","type":"page","link":"https:\/\/umojagreenlands.org\/fr\/coach-en-systemes-dauto-organisation\/","title":{"rendered":"Coach en syst\u00e8mes d&#8217;auto-organisation"},"content":{"rendered":"\t\t<div data-elementor-type=\"wp-page\" data-elementor-id=\"910\" class=\"elementor elementor-910 elementor-900\" data-elementor-post-type=\"page\">\n\t\t\t\t<div class=\"elementor-element elementor-element-3a6a199 e-flex e-con-boxed e-con e-parent\" data-id=\"3a6a199\" data-element_type=\"container\" data-e-type=\"container\">\n\t\t\t\t\t<div class=\"e-con-inner\">\n\t\t\t\t<div class=\"elementor-element elementor-element-c53e0c5 elementor-widget elementor-widget-text-editor\" data-id=\"c53e0c5\" data-element_type=\"widget\" data-e-type=\"widget\" data-widget_type=\"text-editor.default\">\n\t\t\t\t<div class=\"elementor-widget-container\">\n\t\t\t\t\t\t\t\t\t<p data-start=\"317\" data-end=\"508\"><strong data-start=\"317\" data-end=\"330\">Lieu de travail :<\/strong> A distance \/ hybride avec l&#8217;\u00e9quipe bas\u00e9e en Afrique de l&#8217;Est<br data-start=\"374\" data-end=\"377\"><strong data-start=\"377\" data-end=\"386\">Type :<\/strong> B\u00e9n\u00e9vole ou r\u00e9mun\u00e9r\u00e9 (avec possibilit\u00e9 d&#8217;allocation)<br data-start=\"445\" data-end=\"448\"><strong data-start=\"448\" data-end=\"468\">Temps consacr\u00e9 :<\/strong> <strong data-start=\"348\" data-end=\"378\">8-12 heures\/mois<\/strong>, avec flexibilit\u00e9<br data-start=\"482\" data-end=\"485\"><strong data-start=\"485\" data-end=\"500\">Date de d\u00e9but :<\/strong> En cours d&#8217;ex\u00e9cution<\/p>\n<h3 data-start=\"510\" data-end=\"540\"><strong data-start=\"514\" data-end=\"540\">\u00c0 propos des terres vertes d&#8217;Umoja<\/strong><\/h3>\n<p data-start=\"542\" data-end=\"758\">Umoja Greenlands est une initiative de syst\u00e8mes r\u00e9g\u00e9n\u00e9ratifs bas\u00e9e en Afrique de l&#8217;Est, qui travaille \u00e0 l&#8217;intersection de la restauration \u00e9cologique, des syst\u00e8mes alimentaires \u00e0 base de plantes, de l&#8217;\u00e9thique de l&#8217;all\u00e8gement de la souffrance et de la gouvernance d\u00e9centralis\u00e9e.<\/p>\n<p data-start=\"760\" data-end=\"969\">Nous construisons un \u00e9cosyst\u00e8me de mouvement, et non une organisation de haut en bas. Notre travail est guid\u00e9 par la pens\u00e9e des syst\u00e8mes vivants et nous utilisons l&#8217;<strong data-start=\"883\" data-end=\"923\">auto-organisation inspir\u00e9e par Holacracy<\/strong> pour rester adaptables, transparents et r\u00e9silients. <\/p>\n<p data-start=\"971\" data-end=\"1112\">Pour en savoir plus :<br data-start=\"982\" data-end=\"985\"><a href=\"https:\/\/app.glassfrog.com\/organizations\/36288\/orgnav\/roles\/14013966\/overview\" target=\"_new\" rel=\"noopener\" data-start=\"985\" data-end=\"1112\">Self-Organizing Systems Coach Role on GlassFrog<\/a><\/p>\n<hr data-start=\"1114\" data-end=\"1117\">\n<h3 data-start=\"1119\" data-end=\"1141\"><strong data-start=\"1123\" data-end=\"1141\">A propos du poste<\/strong><\/h3>\n<p data-start=\"1143\" data-end=\"1317\">Le <strong data-start=\"1147\" data-end=\"1180\">coach en syst\u00e8mes auto-organis\u00e9s<\/strong> aide Umoja Greenlands \u00e0 mieux travailler ensemble en soutenant nos \u00e9quipes dans la pratique de l&#8217;Holacratie et d&#8217;autres m\u00e9thodes d\u00e9centralis\u00e9es bas\u00e9es sur les r\u00f4les.<\/p>\n<p data-start=\"1319\" data-end=\"1462\">Ce poste fait partie de notre fonction de <strong data-start=\"1344\" data-end=\"1378\">soutien \u00e0 la gouvernance et \u00e0 la structure<\/strong>, et travaille en \u00e9troite collaboration avec les responsables de cercle et les \u00e9quipes de projet dans l&#8217;ensemble du r\u00e9seau.<\/p>\n<h3 data-start=\"1464\" data-end=\"1488\"><strong data-start=\"1468\" data-end=\"1488\">Responsabilit\u00e9s<\/strong><\/h3>\n<ul data-start=\"1490\" data-end=\"1981\">\n<li data-start=\"1490\" data-end=\"1609\">\n<p data-start=\"1492\" data-end=\"1609\">Soutenir les \u00e9quipes dans la compr\u00e9hension et l&#8217;utilisation des <strong data-start=\"1533\" data-end=\"1553\">principes de base de Holacracy<\/strong> (r\u00f4les, cercles, gouvernance, r\u00e9unions tactiques, etc.)<\/p>\n<\/li>\n<li data-start=\"1610\" data-end=\"1694\">\n<p data-start=\"1612\" data-end=\"1694\">Accompagner les responsables de cercle et les membres dans l&#8217;<strong data-start=\"1646\" data-end=\"1676\">animation et la structuration des<\/strong> r\u00e9unions.<\/p>\n<\/li>\n<li data-start=\"1695\" data-end=\"1766\">\n<p data-start=\"1697\" data-end=\"1766\">Fournir des <strong data-start=\"1705\" data-end=\"1742\">outils et des mod\u00e8les clairs et simples<\/strong> pour guider notre pratique<\/p>\n<\/li>\n<li data-start=\"1767\" data-end=\"1837\">\n<p data-start=\"1769\" data-end=\"1837\">R\u00e9pondez aux questions et partagez les ressources d&#8217;apprentissage de mani\u00e8re accessible<\/p>\n<\/li>\n<li data-start=\"1838\" data-end=\"1913\">\n<p data-start=\"1840\" data-end=\"1913\">Suivez ce qui fonctionne, r\u00e9fl\u00e9chissez aux difficult\u00e9s rencontr\u00e9es et aidez le syst\u00e8me \u00e0 \u00e9voluer.<\/p>\n<\/li>\n<li data-start=\"1914\" data-end=\"1981\">\n<p data-start=\"1916\" data-end=\"1981\">Encourager une culture de l&#8217;autonomie, de la clart\u00e9 et de l&#8217;attention dans notre fa\u00e7on de travailler<\/p>\n<\/li>\n<\/ul>\n<hr data-start=\"1983\" data-end=\"1986\">\n<h3 data-start=\"1988\" data-end=\"2017\"><strong data-start=\"1992\" data-end=\"2017\">Qui recherchons-nous ?<\/strong><\/h3>\n<p data-start=\"2019\" data-end=\"2050\">Vous pourriez \u00eatre un bon candidat si vous.. :<\/p>\n<ul data-start=\"2052\" data-end=\"2428\">\n<li data-start=\"2052\" data-end=\"2128\">\n<p data-start=\"2054\" data-end=\"2128\">Avoir de l&#8217;exp\u00e9rience avec <strong data-start=\"2075\" data-end=\"2126\">Holacracy, Sociocracy, ou des \u00e9quipes auto-organis\u00e9es.<\/strong><\/p>\n<\/li>\n<li data-start=\"2129\" data-end=\"2205\">\n<p data-start=\"2131\" data-end=\"2205\">Vous \u00eates passionn\u00e9s par la <strong data-start=\"2152\" data-end=\"2203\">d\u00e9centralisation, la transparence et l&#8217;autonomisation.<\/strong><\/p>\n<\/li>\n<li data-start=\"2206\" data-end=\"2282\">\n<p data-start=\"2208\" data-end=\"2282\">Vous aimez encadrer ou coacher d&#8217;autres personnes, en particulier dans des contextes interculturels.<\/p>\n<\/li>\n<li data-start=\"2283\" data-end=\"2354\">\n<p data-start=\"2285\" data-end=\"2354\">Peut traduire la th\u00e9orie en outils simples et utilisables au quotidien<\/p>\n<\/li>\n<li data-start=\"2355\" data-end=\"2428\">\n<p data-start=\"2357\" data-end=\"2428\">Se sentir en phase avec les valeurs d&#8217;humilit\u00e9, de justice et de r\u00e9g\u00e9n\u00e9ration d&#8217;Umoja.<\/p>\n<\/li>\n<\/ul>\n<hr data-start=\"2430\" data-end=\"2433\">\n<h3 data-start=\"2435\" data-end=\"2455\"><strong data-start=\"2439\" data-end=\"2455\">Comment postuler<\/strong><\/h3>\n<p data-start=\"2457\" data-end=\"2579\">Pour manifester votre int\u00e9r\u00eat, veuillez envoyer un courriel :<br data-start=\"2491\" data-end=\"2494\"><strong data-start=\"2494\" data-end=\"2522\"><a rel=\"noopener\" data-start=\"2496\" data-end=\"2520\">info@umojagreenlands.org<\/a><\/strong><br data-start=\"2522\" data-end=\"2525\">Objet : <strong data-start=\"2534\" data-end=\"2579\">Candidature de coach en syst\u00e8mes auto-organis\u00e9s<\/strong><\/p>\n<p data-start=\"2581\" data-end=\"2763\">Faites-nous savoir pourquoi ce travail vous appelle, quelles sont vos disponibilit\u00e9s et toute exp\u00e9rience pertinente (formelle ou informelle). Nous accueillons volontiers la sagesse issue de l&#8217;exp\u00e9rience v\u00e9cue et des voies exp\u00e9rimentales. <\/p>\t\t\t\t\t\t\t\t<\/div>\n\t\t\t\t<\/div>\n\t\t\t\t\t<\/div>\n\t\t\t\t<\/div>\n\t\t\t\t<\/div>\n\t\t","protected":false},"excerpt":{"rendered":"<p>Lieu de travail : A distance \/ hybride avec l&#8217;\u00e9quipe bas\u00e9e en Afrique de l&#8217;EstType : B\u00e9n\u00e9vole ou r\u00e9mun\u00e9r\u00e9 (avec possibilit\u00e9 d&#8217;allocation)Temps consacr\u00e9 : 8-12 heures\/mois, avec flexibilit\u00e9Date de d\u00e9but : En cours d&#8217;ex\u00e9cution \u00c0 propos des terres vertes d&#8217;Umoja Umoja Greenlands est une initiative de syst\u00e8mes r\u00e9g\u00e9n\u00e9ratifs bas\u00e9e en Afrique de l&#8217;Est, qui travaille [&hellip;]<\/p>\n","protected":false},"author":1,"featured_media":0,"parent":0,"menu_order":0,"comment_status":"closed","ping_status":"closed","template":"","meta":{"nf_dc_page":"","om_disable_all_campaigns":false,"_monsterinsights_skip_tracking":false,"_monsterinsights_sitenote_active":false,"_monsterinsights_sitenote_note":"","_monsterinsights_sitenote_category":0,"footnotes":""},"class_list":["post-910","page","type-page","status-publish","hentry"],"yoast_head":"<!-- This site is optimized with the Yoast SEO plugin v27.4 - https:\/\/yoast.com\/product\/yoast-seo-wordpress\/ -->\n<title>Coach en syst\u00e8mes d&#039;auto-organisation - Umoja Greenlands<\/title>\n<meta name=\"robots\" content=\"index, follow, max-snippet:-1, max-image-preview:large, max-video-preview:-1\" \/>\n<link rel=\"canonical\" href=\"https:\/\/umojagreenlands.org\/fr\/coach-en-systemes-dauto-organisation\/\" \/>\n<meta property=\"og:locale\" content=\"fr_FR\" \/>\n<meta property=\"og:type\" content=\"article\" \/>\n<meta property=\"og:title\" content=\"Coach en syst\u00e8mes d&#039;auto-organisation - Umoja Greenlands\" \/>\n<meta property=\"og:description\" content=\"Lieu de travail : A distance \/ hybride avec l&#8217;\u00e9quipe bas\u00e9e en Afrique de l&#8217;EstType : B\u00e9n\u00e9vole ou r\u00e9mun\u00e9r\u00e9 (avec possibilit\u00e9 d&#8217;allocation)Temps consacr\u00e9 : 8-12 heures\/mois, avec flexibilit\u00e9Date de d\u00e9but : En cours d&#8217;ex\u00e9cution \u00c0 propos des terres vertes d&#8217;Umoja Umoja Greenlands est une initiative de syst\u00e8mes r\u00e9g\u00e9n\u00e9ratifs bas\u00e9e en Afrique de l&#8217;Est, qui travaille [&hellip;]\" \/>\n<meta property=\"og:url\" content=\"https:\/\/umojagreenlands.org\/fr\/coach-en-systemes-dauto-organisation\/\" \/>\n<meta property=\"og:site_name\" content=\"Umoja Greenlands\" \/>\n<meta property=\"article:publisher\" content=\"https:\/\/www.facebook.com\/profile.php?id=61574025178042\" \/>\n<meta property=\"article:modified_time\" content=\"2025-04-16T02:00:12+00:00\" \/>\n<meta name=\"twitter:card\" content=\"summary_large_image\" \/>\n<meta name=\"twitter:label1\" content=\"Dur\u00e9e de lecture estim\u00e9e\" \/>\n\t<meta name=\"twitter:data1\" content=\"2 minutes\" \/>\n<script type=\"application\/ld+json\" class=\"yoast-schema-graph\">{\"@context\":\"https:\\\/\\\/schema.org\",\"@graph\":[{\"@type\":\"WebPage\",\"@id\":\"https:\\\/\\\/umojagreenlands.org\\\/fr\\\/coach-en-systemes-dauto-organisation\\\/\",\"url\":\"https:\\\/\\\/umojagreenlands.org\\\/fr\\\/coach-en-systemes-dauto-organisation\\\/\",\"name\":\"Coach en syst\u00e8mes d'auto-organisation - Umoja Greenlands\",\"isPartOf\":{\"@id\":\"https:\\\/\\\/umojagreenlands.org\\\/fr\\\/#website\"},\"datePublished\":\"2025-04-16T01:56:44+00:00\",\"dateModified\":\"2025-04-16T02:00:12+00:00\",\"breadcrumb\":{\"@id\":\"https:\\\/\\\/umojagreenlands.org\\\/fr\\\/coach-en-systemes-dauto-organisation\\\/#breadcrumb\"},\"inLanguage\":\"fr-FR\",\"potentialAction\":[{\"@type\":\"ReadAction\",\"target\":[\"https:\\\/\\\/umojagreenlands.org\\\/fr\\\/coach-en-systemes-dauto-organisation\\\/\"]}]},{\"@type\":\"BreadcrumbList\",\"@id\":\"https:\\\/\\\/umojagreenlands.org\\\/fr\\\/coach-en-systemes-dauto-organisation\\\/#breadcrumb\",\"itemListElement\":[{\"@type\":\"ListItem\",\"position\":1,\"name\":\"Home\",\"item\":\"https:\\\/\\\/umojagreenlands.org\\\/fr\\\/zones-vertes-dumoja\\\/\"},{\"@type\":\"ListItem\",\"position\":2,\"name\":\"Coach en syst\u00e8mes d&#8217;auto-organisation\"}]},{\"@type\":\"WebSite\",\"@id\":\"https:\\\/\\\/umojagreenlands.org\\\/fr\\\/#website\",\"url\":\"https:\\\/\\\/umojagreenlands.org\\\/fr\\\/\",\"name\":\"Umoja Greenlands\",\"description\":\"Umoja Greenlands is a community-driven initiative focused on sustainable living, environmental stewardship, and water resilience. Centered in rural Africa, it empowers local communities through rainwater harvesting, regenerative agriculture, and eco-friendly infrastructure, all rooted in the spirit of umoja\u2014Swahili for unity.\",\"publisher\":{\"@id\":\"https:\\\/\\\/umojagreenlands.org\\\/fr\\\/#organization\"},\"potentialAction\":[{\"@type\":\"SearchAction\",\"target\":{\"@type\":\"EntryPoint\",\"urlTemplate\":\"https:\\\/\\\/umojagreenlands.org\\\/fr\\\/?s={search_term_string}\"},\"query-input\":{\"@type\":\"PropertyValueSpecification\",\"valueRequired\":true,\"valueName\":\"search_term_string\"}}],\"inLanguage\":\"fr-FR\"},{\"@type\":\"Organization\",\"@id\":\"https:\\\/\\\/umojagreenlands.org\\\/fr\\\/#organization\",\"name\":\"Umoja Greenlands\",\"url\":\"https:\\\/\\\/umojagreenlands.org\\\/fr\\\/\",\"logo\":{\"@type\":\"ImageObject\",\"inLanguage\":\"fr-FR\",\"@id\":\"https:\\\/\\\/umojagreenlands.org\\\/fr\\\/#\\\/schema\\\/logo\\\/image\\\/\",\"url\":\"https:\\\/\\\/i0.wp.com\\\/umojagreenlands.org\\\/wp-content\\\/uploads\\\/2025\\\/03\\\/logo.png?fit=1024%2C1024&ssl=1\",\"contentUrl\":\"https:\\\/\\\/i0.wp.com\\\/umojagreenlands.org\\\/wp-content\\\/uploads\\\/2025\\\/03\\\/logo.png?fit=1024%2C1024&ssl=1\",\"width\":1024,\"height\":1024,\"caption\":\"Umoja Greenlands\"},\"image\":{\"@id\":\"https:\\\/\\\/umojagreenlands.org\\\/fr\\\/#\\\/schema\\\/logo\\\/image\\\/\"},\"sameAs\":[\"https:\\\/\\\/www.facebook.com\\\/profile.php?id=61574025178042\"]}]}<\/script>\n<!-- \/ Yoast SEO plugin. -->","yoast_head_json":{"title":"Coach en syst\u00e8mes d'auto-organisation - Umoja Greenlands","robots":{"index":"index","follow":"follow","max-snippet":"max-snippet:-1","max-image-preview":"max-image-preview:large","max-video-preview":"max-video-preview:-1"},"canonical":"https:\/\/umojagreenlands.org\/fr\/coach-en-systemes-dauto-organisation\/","og_locale":"fr_FR","og_type":"article","og_title":"Coach en syst\u00e8mes d'auto-organisation - Umoja Greenlands","og_description":"Lieu de travail : A distance \/ hybride avec l&#8217;\u00e9quipe bas\u00e9e en Afrique de l&#8217;EstType : B\u00e9n\u00e9vole ou r\u00e9mun\u00e9r\u00e9 (avec possibilit\u00e9 d&#8217;allocation)Temps consacr\u00e9 : 8-12 heures\/mois, avec flexibilit\u00e9Date de d\u00e9but : En cours d&#8217;ex\u00e9cution \u00c0 propos des terres vertes d&#8217;Umoja Umoja Greenlands est une initiative de syst\u00e8mes r\u00e9g\u00e9n\u00e9ratifs bas\u00e9e en Afrique de l&#8217;Est, qui travaille [&hellip;]","og_url":"https:\/\/umojagreenlands.org\/fr\/coach-en-systemes-dauto-organisation\/","og_site_name":"Umoja Greenlands","article_publisher":"https:\/\/www.facebook.com\/profile.php?id=61574025178042","article_modified_time":"2025-04-16T02:00:12+00:00","twitter_card":"summary_large_image","twitter_misc":{"Dur\u00e9e de lecture estim\u00e9e":"2 minutes"},"schema":{"@context":"https:\/\/schema.org","@graph":[{"@type":"WebPage","@id":"https:\/\/umojagreenlands.org\/fr\/coach-en-systemes-dauto-organisation\/","url":"https:\/\/umojagreenlands.org\/fr\/coach-en-systemes-dauto-organisation\/","name":"Coach en syst\u00e8mes d'auto-organisation - Umoja Greenlands","isPartOf":{"@id":"https:\/\/umojagreenlands.org\/fr\/#website"},"datePublished":"2025-04-16T01:56:44+00:00","dateModified":"2025-04-16T02:00:12+00:00","breadcrumb":{"@id":"https:\/\/umojagreenlands.org\/fr\/coach-en-systemes-dauto-organisation\/#breadcrumb"},"inLanguage":"fr-FR","potentialAction":[{"@type":"ReadAction","target":["https:\/\/umojagreenlands.org\/fr\/coach-en-systemes-dauto-organisation\/"]}]},{"@type":"BreadcrumbList","@id":"https:\/\/umojagreenlands.org\/fr\/coach-en-systemes-dauto-organisation\/#breadcrumb","itemListElement":[{"@type":"ListItem","position":1,"name":"Home","item":"https:\/\/umojagreenlands.org\/fr\/zones-vertes-dumoja\/"},{"@type":"ListItem","position":2,"name":"Coach en syst\u00e8mes d&#8217;auto-organisation"}]},{"@type":"WebSite","@id":"https:\/\/umojagreenlands.org\/fr\/#website","url":"https:\/\/umojagreenlands.org\/fr\/","name":"Umoja Greenlands","description":"Umoja Greenlands is a community-driven initiative focused on sustainable living, environmental stewardship, and water resilience. Centered in rural Africa, it empowers local communities through rainwater harvesting, regenerative agriculture, and eco-friendly infrastructure, all rooted in the spirit of umoja\u2014Swahili for unity.","publisher":{"@id":"https:\/\/umojagreenlands.org\/fr\/#organization"},"potentialAction":[{"@type":"SearchAction","target":{"@type":"EntryPoint","urlTemplate":"https:\/\/umojagreenlands.org\/fr\/?s={search_term_string}"},"query-input":{"@type":"PropertyValueSpecification","valueRequired":true,"valueName":"search_term_string"}}],"inLanguage":"fr-FR"},{"@type":"Organization","@id":"https:\/\/umojagreenlands.org\/fr\/#organization","name":"Umoja Greenlands","url":"https:\/\/umojagreenlands.org\/fr\/","logo":{"@type":"ImageObject","inLanguage":"fr-FR","@id":"https:\/\/umojagreenlands.org\/fr\/#\/schema\/logo\/image\/","url":"https:\/\/i0.wp.com\/umojagreenlands.org\/wp-content\/uploads\/2025\/03\/logo.png?fit=1024%2C1024&ssl=1","contentUrl":"https:\/\/i0.wp.com\/umojagreenlands.org\/wp-content\/uploads\/2025\/03\/logo.png?fit=1024%2C1024&ssl=1","width":1024,"height":1024,"caption":"Umoja Greenlands"},"image":{"@id":"https:\/\/umojagreenlands.org\/fr\/#\/schema\/logo\/image\/"},"sameAs":["https:\/\/www.facebook.com\/profile.php?id=61574025178042"]}]}},"jetpack_sharing_enabled":true,"_links":{"self":[{"href":"https:\/\/umojagreenlands.org\/fr\/wp-json\/wp\/v2\/pages\/910","targetHints":{"allow":["GET"]}}],"collection":[{"href":"https:\/\/umojagreenlands.org\/fr\/wp-json\/wp\/v2\/pages"}],"about":[{"href":"https:\/\/umojagreenlands.org\/fr\/wp-json\/wp\/v2\/types\/page"}],"author":[{"embeddable":true,"href":"https:\/\/umojagreenlands.org\/fr\/wp-json\/wp\/v2\/users\/1"}],"replies":[{"embeddable":true,"href":"https:\/\/umojagreenlands.org\/fr\/wp-json\/wp\/v2\/comments?post=910"}],"version-history":[{"count":1,"href":"https:\/\/umojagreenlands.org\/fr\/wp-json\/wp\/v2\/pages\/910\/revisions"}],"predecessor-version":[{"id":911,"href":"https:\/\/umojagreenlands.org\/fr\/wp-json\/wp\/v2\/pages\/910\/revisions\/911"}],"wp:attachment":[{"href":"https:\/\/umojagreenlands.org\/fr\/wp-json\/wp\/v2\/media?parent=910"}],"curies":[{"name":"wp","href":"https:\/\/api.w.org\/{rel}","templated":true}]}}