{"id":839,"date":"2025-04-14T18:17:23","date_gmt":"2025-04-14T18:17:23","guid":{"rendered":"https:\/\/umojagreenlands.org\/levis-solitei\/"},"modified":"2025-04-14T18:23:15","modified_gmt":"2025-04-14T18:23:15","slug":"levis-solitei","status":"publish","type":"page","link":"https:\/\/umojagreenlands.org\/fr\/levis-solitei\/","title":{"rendered":"Levis Solitei"},"content":{"rendered":"\t\t<div data-elementor-type=\"wp-page\" data-elementor-id=\"839\" class=\"elementor elementor-839 elementor-826\" data-elementor-post-type=\"page\">\n\t\t\t\t<div class=\"elementor-element elementor-element-6ace0c6 e-flex e-con-boxed e-con e-parent\" data-id=\"6ace0c6\" data-element_type=\"container\" data-e-type=\"container\">\n\t\t\t\t\t<div class=\"e-con-inner\">\n\t\t\t\t<div class=\"elementor-element elementor-element-182ae8c elementor-widget elementor-widget-image\" data-id=\"182ae8c\" data-element_type=\"widget\" data-e-type=\"widget\" data-widget_type=\"image.default\">\n\t\t\t\t<div class=\"elementor-widget-container\">\n\t\t\t\t\t\t\t\t\t\t\t\t\t\t\t<img loading=\"lazy\" decoding=\"async\" loading=\"lazy\" width=\"543\" height=\"543\" src=\"https:\/\/i0.wp.com\/umojagreenlands.org\/wp-content\/uploads\/2025\/04\/Levis-Solitei.jpg?fit=543%2C543&amp;ssl=1\" class=\"attachment-large size-large wp-image-820\" alt=\"\" \/>\t\t\t\t\t\t\t\t\t\t\t\t\t\t\t<\/div>\n\t\t\t\t<\/div>\n\t\t\t\t\t<\/div>\n\t\t\t\t<\/div>\n\t\t<div class=\"elementor-element elementor-element-8ce162e e-flex e-con-boxed e-con e-parent\" data-id=\"8ce162e\" data-element_type=\"container\" data-e-type=\"container\">\n\t\t\t\t\t<div class=\"e-con-inner\">\n\t\t\t\t<div class=\"elementor-element elementor-element-340c5d5 elementor-widget elementor-widget-text-editor\" data-id=\"340c5d5\" data-element_type=\"widget\" data-e-type=\"widget\" data-widget_type=\"text-editor.default\">\n\t\t\t\t<div class=\"elementor-widget-container\">\n\t\t\t\t\t\t\t\t\t<p class=\"\" data-start=\"40\" data-end=\"121\"><span class=\"relative -mx-px my-[-0.2rem] rounded px-px py-[0.2rem] transition-colors duration-100 ease-in-out\"><strong data-start=\"0\" data-end=\"50\" data-is-last-node=\"\" data-is-only-node=\"\">Conseiller en transition v\u00e9g\u00e9tale<\/strong><\/span><\/p><hr class=\"\" data-start=\"123\" data-end=\"126\"><p class=\"\" data-start=\"128\" data-end=\"247\"><span class=\"relative -mx-px my-[-0.2rem] rounded px-px py-[0.2rem] transition-colors duration-100 ease-in-out\">Levis Solitei est un leader courageux et compatissant de la communaut\u00e9 Maasai d&#8217;Amboseli, au Kenya.<\/span> <span class=\"relative -mx-px my-[-0.2rem] rounded px-px py-[0.2rem] transition-colors duration-100 ease-in-out\">En tant que <strong data-start=\"7\" data-end=\"41\">conseill\u00e8re en transition vers une agriculture bas\u00e9e sur les plantes<\/strong>, Levis guide la mise en pratique de nos valeurs, qu&#8217;il s&#8217;agisse de l&#8217;alimentation, de la culture, de la terre ou des soins inter-esp\u00e8ces.<\/span><\/p><p class=\"\" data-start=\"249\" data-end=\"330\"><span class=\"relative -mx-px my-[-0.2rem] rounded px-px py-[0.2rem] transition-colors duration-100 ease-in-out\">Il est le fondateur de trois organisations de base : <strong data-start=\"53\" data-end=\"70\">Iloing&#8217;ok CBO<\/strong>, qui d\u00e9fend l&#8217;int\u00e9grit\u00e9 culturelle et \u00e9cologique ; <strong data-start=\"117\" data-end=\"151\">Olgulului Land Defenders (OLD)<\/strong>, qui prot\u00e8ge les territoires ancestraux et les droits des communaut\u00e9s ; et <strong data-start=\"210\" data-end=\"242\">Stanley Gama Sanctuary (SGS)<\/strong>, o\u00f9 les animaux maltrait\u00e9s et abandonn\u00e9s re\u00e7oivent dignit\u00e9, soins et s\u00e9curit\u00e9.<\/span><\/p><p class=\"\" data-start=\"332\" data-end=\"493\"><span class=\"relative -mx-px my-[-0.2rem] rounded px-px py-[0.2rem] transition-colors duration-100 ease-in-out\">Levis ne se contente pas de parler au nom des animaux, il les \u00e9coute.<\/span> <span class=\"relative -mx-px my-[-0.2rem] rounded px-px py-[0.2rem] transition-colors duration-100 ease-in-out\">Il veille \u00e0 ce que nos engagements en faveur des plantes ne soient pas des id\u00e9aux abstraits, mais des pratiques r\u00e9elles ancr\u00e9es dans la compassion, la souverainet\u00e9 et la connexion avec la Terre.<\/span> <span class=\"relative -mx-px my-[-0.2rem] rounded px-px py-[0.2rem] transition-colors duration-100 ease-in-out\">Il nous rappelle que la fa\u00e7on dont nous traitons les animaux refl\u00e8te la fa\u00e7on dont nous traitons les gens, la terre et nous-m\u00eames.<\/span><\/p><hr class=\"\" data-start=\"495\" data-end=\"498\"><p class=\"\" data-start=\"500\" data-end=\"539\"><strong data-start=\"500\" data-end=\"539\">Ce que Levis offre Umoja Greenlands :<\/strong><\/p><ul data-start=\"541\" data-end=\"892\"><li class=\"\" data-start=\"541\" data-end=\"628\"><p class=\"\" data-start=\"543\" data-end=\"628\"><span class=\"relative -mx-px my-[-0.2rem] rounded px-px py-[0.2rem] transition-colors duration-100 ease-in-out\">Conseils sur les approches bas\u00e9es sur les plantes, culturellement enracin\u00e9es et pilot\u00e9es par la communaut\u00e9<\/span><\/p><\/li><li class=\"\" data-start=\"629\" data-end=\"716\"><p class=\"\" data-start=\"631\" data-end=\"716\"><span class=\"relative -mx-px my-[-0.2rem] rounded px-px py-[0.2rem] transition-colors duration-100 ease-in-out\">Conseils sur l&#8217;utilisation \u00e9thique des terres, les syst\u00e8mes alimentaires et la protection des animaux<\/span><\/p><\/li><li class=\"\" data-start=\"717\" data-end=\"804\"><p class=\"\" data-start=\"719\" data-end=\"804\"><span class=\"relative -mx-px my-[-0.2rem] rounded px-px py-[0.2rem] transition-colors duration-100 ease-in-out\">Lien avec les sanctuaires dirig\u00e9s par des autochtones et les moyens de subsistance non violents<\/span><\/p><\/li><li class=\"\" data-start=\"805\" data-end=\"892\"><p class=\"\" data-start=\"807\" data-end=\"892\"><span class=\"relative -mx-px my-[-0.2rem] rounded px-px py-[0.2rem] transition-colors duration-100 ease-in-out\">Inspiration pour suivre le chemin de la non-exploitation avec courage et clart\u00e9<\/span><\/p><\/li><\/ul><hr class=\"\" data-start=\"894\" data-end=\"897\"><p class=\"\" data-start=\"899\" data-end=\"1024\"><span class=\"relative -mx-px my-[-0.2rem] rounded px-px py-[0.2rem] transition-colors duration-100 ease-in-out\">Nous sommes profond\u00e9ment honor\u00e9s que Levis nous accompagne dans ce mouvement.<\/span> <span class=\"relative -mx-px my-[-0.2rem] rounded px-px py-[0.2rem] transition-colors duration-100 ease-in-out\">Sa voix, son exemple et son esprit continuent de fa\u00e7onner ce que signifie r\u00e9ellement la construction d&#8217;un avenir de compassion bas\u00e9 sur les plantes pour tous les \u00eatres.<\/span><\/p><div class=\"absolute h-[60px]\"><div class=\"flex flex-row-reverse\"><div class=\"border-token-main-surface-primary bg-token-main-surface-primary flex items-center overflow-hidden rounded-full -ms-1 first:me-0 border-2 group-hover\/footnote:border-token-main-surface-secondary relative\"> <\/div><\/div><\/div>\t\t\t\t\t\t\t\t<\/div>\n\t\t\t\t<\/div>\n\t\t\t\t\t<\/div>\n\t\t\t\t<\/div>\n\t\t\t\t<\/div>\n\t\t","protected":false},"excerpt":{"rendered":"<p>Conseiller en transition v\u00e9g\u00e9tale Levis Solitei est un leader courageux et compatissant de la communaut\u00e9 Maasai d&#8217;Amboseli, au Kenya. En tant que conseill\u00e8re en transition vers une agriculture bas\u00e9e sur les plantes, Levis guide la mise en pratique de nos valeurs, qu&#8217;il s&#8217;agisse de l&#8217;alimentation, de la culture, de la terre ou des soins inter-esp\u00e8ces. [&hellip;]<\/p>\n","protected":false},"author":1,"featured_media":0,"parent":0,"menu_order":0,"comment_status":"closed","ping_status":"closed","template":"","meta":{"nf_dc_page":"","om_disable_all_campaigns":false,"_monsterinsights_skip_tracking":false,"_monsterinsights_sitenote_active":false,"_monsterinsights_sitenote_note":"","_monsterinsights_sitenote_category":0,"footnotes":""},"class_list":["post-839","page","type-page","status-publish","hentry"],"yoast_head":"<!-- This site is optimized with the Yoast SEO plugin v27.4 - https:\/\/yoast.com\/product\/yoast-seo-wordpress\/ -->\n<title>Levis Solitei - Umoja Greenlands<\/title>\n<meta name=\"robots\" content=\"index, follow, max-snippet:-1, max-image-preview:large, max-video-preview:-1\" \/>\n<link rel=\"canonical\" href=\"https:\/\/umojagreenlands.org\/fr\/levis-solitei\/\" \/>\n<meta property=\"og:locale\" content=\"fr_FR\" \/>\n<meta property=\"og:type\" content=\"article\" \/>\n<meta property=\"og:title\" content=\"Levis Solitei - Umoja Greenlands\" \/>\n<meta property=\"og:description\" content=\"Conseiller en transition v\u00e9g\u00e9tale Levis Solitei est un leader courageux et compatissant de la communaut\u00e9 Maasai d&#8217;Amboseli, au Kenya. En tant que conseill\u00e8re en transition vers une agriculture bas\u00e9e sur les plantes, Levis guide la mise en pratique de nos valeurs, qu&#8217;il s&#8217;agisse de l&#8217;alimentation, de la culture, de la terre ou des soins inter-esp\u00e8ces. [&hellip;]\" \/>\n<meta property=\"og:url\" content=\"https:\/\/umojagreenlands.org\/fr\/levis-solitei\/\" \/>\n<meta property=\"og:site_name\" content=\"Umoja Greenlands\" \/>\n<meta property=\"article:publisher\" content=\"https:\/\/www.facebook.com\/profile.php?id=61574025178042\" \/>\n<meta property=\"article:modified_time\" content=\"2025-04-14T18:23:15+00:00\" \/>\n<meta property=\"og:image\" content=\"https:\/\/i0.wp.com\/umojagreenlands.org\/wp-content\/uploads\/2025\/04\/Levis-Solitei.jpg?fit=543%2C638&ssl=1\" \/>\n\t<meta property=\"og:image:width\" content=\"543\" \/>\n\t<meta property=\"og:image:height\" content=\"638\" \/>\n\t<meta property=\"og:image:type\" content=\"image\/jpeg\" \/>\n<meta name=\"twitter:card\" content=\"summary_large_image\" \/>\n<meta name=\"twitter:label1\" content=\"Dur\u00e9e de lecture estim\u00e9e\" \/>\n\t<meta name=\"twitter:data1\" content=\"1 minute\" \/>\n<script type=\"application\/ld+json\" class=\"yoast-schema-graph\">{\"@context\":\"https:\\\/\\\/schema.org\",\"@graph\":[{\"@type\":\"WebPage\",\"@id\":\"https:\\\/\\\/umojagreenlands.org\\\/fr\\\/levis-solitei\\\/\",\"url\":\"https:\\\/\\\/umojagreenlands.org\\\/fr\\\/levis-solitei\\\/\",\"name\":\"Levis Solitei - Umoja Greenlands\",\"isPartOf\":{\"@id\":\"https:\\\/\\\/umojagreenlands.org\\\/fr\\\/#website\"},\"primaryImageOfPage\":{\"@id\":\"https:\\\/\\\/umojagreenlands.org\\\/fr\\\/levis-solitei\\\/#primaryimage\"},\"image\":{\"@id\":\"https:\\\/\\\/umojagreenlands.org\\\/fr\\\/levis-solitei\\\/#primaryimage\"},\"thumbnailUrl\":\"https:\\\/\\\/i0.wp.com\\\/umojagreenlands.org\\\/wp-content\\\/uploads\\\/2025\\\/04\\\/Levis-Solitei.jpg?fit=543%2C638&amp;ssl=1\",\"datePublished\":\"2025-04-14T18:17:23+00:00\",\"dateModified\":\"2025-04-14T18:23:15+00:00\",\"breadcrumb\":{\"@id\":\"https:\\\/\\\/umojagreenlands.org\\\/fr\\\/levis-solitei\\\/#breadcrumb\"},\"inLanguage\":\"fr-FR\",\"potentialAction\":[{\"@type\":\"ReadAction\",\"target\":[\"https:\\\/\\\/umojagreenlands.org\\\/fr\\\/levis-solitei\\\/\"]}]},{\"@type\":\"ImageObject\",\"inLanguage\":\"fr-FR\",\"@id\":\"https:\\\/\\\/umojagreenlands.org\\\/fr\\\/levis-solitei\\\/#primaryimage\",\"url\":\"https:\\\/\\\/i0.wp.com\\\/umojagreenlands.org\\\/wp-content\\\/uploads\\\/2025\\\/04\\\/Levis-Solitei.jpg?fit=543%2C638&amp;ssl=1\",\"contentUrl\":\"https:\\\/\\\/i0.wp.com\\\/umojagreenlands.org\\\/wp-content\\\/uploads\\\/2025\\\/04\\\/Levis-Solitei.jpg?fit=543%2C638&amp;ssl=1\"},{\"@type\":\"BreadcrumbList\",\"@id\":\"https:\\\/\\\/umojagreenlands.org\\\/fr\\\/levis-solitei\\\/#breadcrumb\",\"itemListElement\":[{\"@type\":\"ListItem\",\"position\":1,\"name\":\"Home\",\"item\":\"https:\\\/\\\/umojagreenlands.org\\\/fr\\\/zones-vertes-dumoja\\\/\"},{\"@type\":\"ListItem\",\"position\":2,\"name\":\"Levis Solitei\"}]},{\"@type\":\"WebSite\",\"@id\":\"https:\\\/\\\/umojagreenlands.org\\\/fr\\\/#website\",\"url\":\"https:\\\/\\\/umojagreenlands.org\\\/fr\\\/\",\"name\":\"Umoja Greenlands\",\"description\":\"Umoja Greenlands is a community-driven initiative focused on sustainable living, environmental stewardship, and water resilience. Centered in rural Africa, it empowers local communities through rainwater harvesting, regenerative agriculture, and eco-friendly infrastructure, all rooted in the spirit of umoja\u2014Swahili for unity.\",\"publisher\":{\"@id\":\"https:\\\/\\\/umojagreenlands.org\\\/fr\\\/#organization\"},\"potentialAction\":[{\"@type\":\"SearchAction\",\"target\":{\"@type\":\"EntryPoint\",\"urlTemplate\":\"https:\\\/\\\/umojagreenlands.org\\\/fr\\\/?s={search_term_string}\"},\"query-input\":{\"@type\":\"PropertyValueSpecification\",\"valueRequired\":true,\"valueName\":\"search_term_string\"}}],\"inLanguage\":\"fr-FR\"},{\"@type\":\"Organization\",\"@id\":\"https:\\\/\\\/umojagreenlands.org\\\/fr\\\/#organization\",\"name\":\"Umoja Greenlands\",\"url\":\"https:\\\/\\\/umojagreenlands.org\\\/fr\\\/\",\"logo\":{\"@type\":\"ImageObject\",\"inLanguage\":\"fr-FR\",\"@id\":\"https:\\\/\\\/umojagreenlands.org\\\/fr\\\/#\\\/schema\\\/logo\\\/image\\\/\",\"url\":\"https:\\\/\\\/i0.wp.com\\\/umojagreenlands.org\\\/wp-content\\\/uploads\\\/2025\\\/03\\\/logo.png?fit=1024%2C1024&ssl=1\",\"contentUrl\":\"https:\\\/\\\/i0.wp.com\\\/umojagreenlands.org\\\/wp-content\\\/uploads\\\/2025\\\/03\\\/logo.png?fit=1024%2C1024&ssl=1\",\"width\":1024,\"height\":1024,\"caption\":\"Umoja Greenlands\"},\"image\":{\"@id\":\"https:\\\/\\\/umojagreenlands.org\\\/fr\\\/#\\\/schema\\\/logo\\\/image\\\/\"},\"sameAs\":[\"https:\\\/\\\/www.facebook.com\\\/profile.php?id=61574025178042\"]}]}<\/script>\n<!-- \/ Yoast SEO plugin. -->","yoast_head_json":{"title":"Levis Solitei - Umoja Greenlands","robots":{"index":"index","follow":"follow","max-snippet":"max-snippet:-1","max-image-preview":"max-image-preview:large","max-video-preview":"max-video-preview:-1"},"canonical":"https:\/\/umojagreenlands.org\/fr\/levis-solitei\/","og_locale":"fr_FR","og_type":"article","og_title":"Levis Solitei - Umoja Greenlands","og_description":"Conseiller en transition v\u00e9g\u00e9tale Levis Solitei est un leader courageux et compatissant de la communaut\u00e9 Maasai d&#8217;Amboseli, au Kenya. En tant que conseill\u00e8re en transition vers une agriculture bas\u00e9e sur les plantes, Levis guide la mise en pratique de nos valeurs, qu&#8217;il s&#8217;agisse de l&#8217;alimentation, de la culture, de la terre ou des soins inter-esp\u00e8ces. [&hellip;]","og_url":"https:\/\/umojagreenlands.org\/fr\/levis-solitei\/","og_site_name":"Umoja Greenlands","article_publisher":"https:\/\/www.facebook.com\/profile.php?id=61574025178042","article_modified_time":"2025-04-14T18:23:15+00:00","og_image":[{"width":543,"height":638,"url":"https:\/\/i0.wp.com\/umojagreenlands.org\/wp-content\/uploads\/2025\/04\/Levis-Solitei.jpg?fit=543%2C638&ssl=1","type":"image\/jpeg"}],"twitter_card":"summary_large_image","twitter_misc":{"Dur\u00e9e de lecture estim\u00e9e":"1 minute"},"schema":{"@context":"https:\/\/schema.org","@graph":[{"@type":"WebPage","@id":"https:\/\/umojagreenlands.org\/fr\/levis-solitei\/","url":"https:\/\/umojagreenlands.org\/fr\/levis-solitei\/","name":"Levis Solitei - Umoja Greenlands","isPartOf":{"@id":"https:\/\/umojagreenlands.org\/fr\/#website"},"primaryImageOfPage":{"@id":"https:\/\/umojagreenlands.org\/fr\/levis-solitei\/#primaryimage"},"image":{"@id":"https:\/\/umojagreenlands.org\/fr\/levis-solitei\/#primaryimage"},"thumbnailUrl":"https:\/\/i0.wp.com\/umojagreenlands.org\/wp-content\/uploads\/2025\/04\/Levis-Solitei.jpg?fit=543%2C638&amp;ssl=1","datePublished":"2025-04-14T18:17:23+00:00","dateModified":"2025-04-14T18:23:15+00:00","breadcrumb":{"@id":"https:\/\/umojagreenlands.org\/fr\/levis-solitei\/#breadcrumb"},"inLanguage":"fr-FR","potentialAction":[{"@type":"ReadAction","target":["https:\/\/umojagreenlands.org\/fr\/levis-solitei\/"]}]},{"@type":"ImageObject","inLanguage":"fr-FR","@id":"https:\/\/umojagreenlands.org\/fr\/levis-solitei\/#primaryimage","url":"https:\/\/i0.wp.com\/umojagreenlands.org\/wp-content\/uploads\/2025\/04\/Levis-Solitei.jpg?fit=543%2C638&amp;ssl=1","contentUrl":"https:\/\/i0.wp.com\/umojagreenlands.org\/wp-content\/uploads\/2025\/04\/Levis-Solitei.jpg?fit=543%2C638&amp;ssl=1"},{"@type":"BreadcrumbList","@id":"https:\/\/umojagreenlands.org\/fr\/levis-solitei\/#breadcrumb","itemListElement":[{"@type":"ListItem","position":1,"name":"Home","item":"https:\/\/umojagreenlands.org\/fr\/zones-vertes-dumoja\/"},{"@type":"ListItem","position":2,"name":"Levis Solitei"}]},{"@type":"WebSite","@id":"https:\/\/umojagreenlands.org\/fr\/#website","url":"https:\/\/umojagreenlands.org\/fr\/","name":"Umoja Greenlands","description":"Umoja Greenlands is a community-driven initiative focused on sustainable living, environmental stewardship, and water resilience. Centered in rural Africa, it empowers local communities through rainwater harvesting, regenerative agriculture, and eco-friendly infrastructure, all rooted in the spirit of umoja\u2014Swahili for unity.","publisher":{"@id":"https:\/\/umojagreenlands.org\/fr\/#organization"},"potentialAction":[{"@type":"SearchAction","target":{"@type":"EntryPoint","urlTemplate":"https:\/\/umojagreenlands.org\/fr\/?s={search_term_string}"},"query-input":{"@type":"PropertyValueSpecification","valueRequired":true,"valueName":"search_term_string"}}],"inLanguage":"fr-FR"},{"@type":"Organization","@id":"https:\/\/umojagreenlands.org\/fr\/#organization","name":"Umoja Greenlands","url":"https:\/\/umojagreenlands.org\/fr\/","logo":{"@type":"ImageObject","inLanguage":"fr-FR","@id":"https:\/\/umojagreenlands.org\/fr\/#\/schema\/logo\/image\/","url":"https:\/\/i0.wp.com\/umojagreenlands.org\/wp-content\/uploads\/2025\/03\/logo.png?fit=1024%2C1024&ssl=1","contentUrl":"https:\/\/i0.wp.com\/umojagreenlands.org\/wp-content\/uploads\/2025\/03\/logo.png?fit=1024%2C1024&ssl=1","width":1024,"height":1024,"caption":"Umoja Greenlands"},"image":{"@id":"https:\/\/umojagreenlands.org\/fr\/#\/schema\/logo\/image\/"},"sameAs":["https:\/\/www.facebook.com\/profile.php?id=61574025178042"]}]}},"jetpack_sharing_enabled":true,"_links":{"self":[{"href":"https:\/\/umojagreenlands.org\/fr\/wp-json\/wp\/v2\/pages\/839","targetHints":{"allow":["GET"]}}],"collection":[{"href":"https:\/\/umojagreenlands.org\/fr\/wp-json\/wp\/v2\/pages"}],"about":[{"href":"https:\/\/umojagreenlands.org\/fr\/wp-json\/wp\/v2\/types\/page"}],"author":[{"embeddable":true,"href":"https:\/\/umojagreenlands.org\/fr\/wp-json\/wp\/v2\/users\/1"}],"replies":[{"embeddable":true,"href":"https:\/\/umojagreenlands.org\/fr\/wp-json\/wp\/v2\/comments?post=839"}],"version-history":[{"count":1,"href":"https:\/\/umojagreenlands.org\/fr\/wp-json\/wp\/v2\/pages\/839\/revisions"}],"predecessor-version":[{"id":840,"href":"https:\/\/umojagreenlands.org\/fr\/wp-json\/wp\/v2\/pages\/839\/revisions\/840"}],"wp:attachment":[{"href":"https:\/\/umojagreenlands.org\/fr\/wp-json\/wp\/v2\/media?parent=839"}],"curies":[{"name":"wp","href":"https:\/\/api.w.org\/{rel}","templated":true}]}}