{"id":753,"date":"2025-04-14T13:23:36","date_gmt":"2025-04-14T13:23:36","guid":{"rendered":"https:\/\/umojagreenlands.org\/postes-a-pourvoir\/"},"modified":"2025-04-14T13:24:47","modified_gmt":"2025-04-14T13:24:47","slug":"postes-a-pourvoir","status":"publish","type":"page","link":"https:\/\/umojagreenlands.org\/fr\/postes-a-pourvoir\/","title":{"rendered":"Postes \u00e0 pourvoir"},"content":{"rendered":"\t\t<div data-elementor-type=\"wp-page\" data-elementor-id=\"753\" class=\"elementor elementor-753 elementor-746\" data-elementor-post-type=\"page\">\n\t\t\t\t<div class=\"elementor-element elementor-element-5b6b0c2 e-flex e-con-boxed e-con e-parent\" data-id=\"5b6b0c2\" data-element_type=\"container\" data-e-type=\"container\">\n\t\t\t\t\t<div class=\"e-con-inner\">\n\t\t\t\t<div class=\"elementor-element elementor-element-32fd5a9 elementor-widget elementor-widget-text-editor\" data-id=\"32fd5a9\" data-element_type=\"widget\" data-e-type=\"widget\" data-widget_type=\"text-editor.default\">\n\t\t\t\t<div class=\"elementor-widget-container\">\n\t\t\t\t\t\t\t\t\t<h2>\ud83c\udf3f <strong>Postes \u00e0 pourvoir &#8211; Umoja Greenlands<\/strong><\/h2><p>Umoja Greenlands recherche des personnes passionn\u00e9es et attach\u00e9es \u00e0 leurs valeurs pour rejoindre notre <strong>cercle d&#8217;altruisme efficace<\/strong>. Il s&#8217;agit de <strong>r\u00f4les b\u00e9n\u00e9voles<\/strong> pour les personnes qui souhaitent avoir un impact r\u00e9el par le biais d&#8217;un leadership \u00e9thique, de la construction d&#8217;une communaut\u00e9 et d&#8217;une action strat\u00e9gique. <\/p><p>Pour en savoir plus sur notre approche de l&#8217;altruisme efficace, cliquez ici :<br>\ud83d\udc49 <a href=\"https:\/\/umojagreenlands.org\/fr\/orientation-vers-laltruisme-efficace\/\">Orientation sur l&#8217;altruisme efficace<\/a><\/p><hr><h3>\ud83d\udd0e <a href=\"https:\/\/umojagreenlands.org\/fr\/developpeur-regional-ea\/\">D\u00e9veloppeur r\u00e9gional EA<\/a><\/h3><p>Construire et d\u00e9velopper le mouvement de l&#8217;altruisme efficace en Afrique de l&#8217;Est. Connecter les communaut\u00e9s, cr\u00e9er des partenariats et repr\u00e9senter Umoja Greenlands dans la r\u00e9gion. <\/p><hr><h3>\ud83c\udfeb <a href=\"https:\/\/umojagreenlands.org\/fr\/entraineur-ea\/\">Entra\u00eeneur EA<\/a><\/h3><p>Diriger la formation et le mentorat internes en mati\u00e8re d&#8217;EA. Id\u00e9al pour une personne ayant une connaissance approfondie de l&#8217;altruisme efficace et capable de former d&#8217;autres personnes aux concepts de base. <\/p><hr><h3>\ud83c\udf93 <a href=\"https:\/\/umojagreenlands.org\/fr\/apprenti-ea\/\">Apprenti EA (interne uniquement)<\/a><\/h3><p>Une opportunit\u00e9 d&#8217;apprentissage pour les membres d&#8217;Umoja Greenlands afin de d\u00e9velopper un leadership fond\u00e9 sur l&#8217;EA. Comprend le mentorat, la r\u00e9flexion et le soutien au projet. <\/p><hr><p>\ud83d\udce9 <strong>Pour postuler, envoyez un courriel :<\/strong> <a href=\"mailto:info@umojagreenlands.org\">info@umojagreenlands.org<\/a><\/p><p>Ensemble, faisons le plus grand bien \ud83c\udf0d<\/p>\t\t\t\t\t\t\t\t<\/div>\n\t\t\t\t<\/div>\n\t\t\t\t\t<\/div>\n\t\t\t\t<\/div>\n\t\t\t\t<\/div>\n\t\t","protected":false},"excerpt":{"rendered":"<p>\ud83c\udf3f Postes \u00e0 pourvoir &#8211; Umoja Greenlands Umoja Greenlands recherche des personnes passionn\u00e9es et attach\u00e9es \u00e0 leurs valeurs pour rejoindre notre cercle d&#8217;altruisme efficace. Il s&#8217;agit de r\u00f4les b\u00e9n\u00e9voles pour les personnes qui souhaitent avoir un impact r\u00e9el par le biais d&#8217;un leadership \u00e9thique, de la construction d&#8217;une communaut\u00e9 et d&#8217;une action strat\u00e9gique. Pour en [&hellip;]<\/p>\n","protected":false},"author":1,"featured_media":0,"parent":0,"menu_order":0,"comment_status":"closed","ping_status":"closed","template":"","meta":{"nf_dc_page":"","om_disable_all_campaigns":false,"_monsterinsights_skip_tracking":false,"_monsterinsights_sitenote_active":false,"_monsterinsights_sitenote_note":"","_monsterinsights_sitenote_category":0,"footnotes":""},"class_list":["post-753","page","type-page","status-publish","hentry"],"yoast_head":"<!-- This site is optimized with the Yoast SEO plugin v27.4 - https:\/\/yoast.com\/product\/yoast-seo-wordpress\/ -->\n<title>Postes \u00e0 pourvoir - Umoja Greenlands<\/title>\n<meta name=\"robots\" content=\"index, follow, max-snippet:-1, max-image-preview:large, max-video-preview:-1\" \/>\n<link rel=\"canonical\" href=\"https:\/\/umojagreenlands.org\/fr\/postes-a-pourvoir\/\" \/>\n<meta property=\"og:locale\" content=\"fr_FR\" \/>\n<meta property=\"og:type\" content=\"article\" \/>\n<meta property=\"og:title\" content=\"Postes \u00e0 pourvoir - Umoja Greenlands\" \/>\n<meta property=\"og:description\" content=\"\ud83c\udf3f Postes \u00e0 pourvoir &#8211; Umoja Greenlands Umoja Greenlands recherche des personnes passionn\u00e9es et attach\u00e9es \u00e0 leurs valeurs pour rejoindre notre cercle d&#8217;altruisme efficace. Il s&#8217;agit de r\u00f4les b\u00e9n\u00e9voles pour les personnes qui souhaitent avoir un impact r\u00e9el par le biais d&#8217;un leadership \u00e9thique, de la construction d&#8217;une communaut\u00e9 et d&#8217;une action strat\u00e9gique. Pour en [&hellip;]\" \/>\n<meta property=\"og:url\" content=\"https:\/\/umojagreenlands.org\/fr\/postes-a-pourvoir\/\" \/>\n<meta property=\"og:site_name\" content=\"Umoja Greenlands\" \/>\n<meta property=\"article:publisher\" content=\"https:\/\/www.facebook.com\/profile.php?id=61574025178042\" \/>\n<meta property=\"article:modified_time\" content=\"2025-04-14T13:24:47+00:00\" \/>\n<meta name=\"twitter:card\" content=\"summary_large_image\" \/>\n<meta name=\"twitter:label1\" content=\"Dur\u00e9e de lecture estim\u00e9e\" \/>\n\t<meta name=\"twitter:data1\" content=\"1 minute\" \/>\n<script type=\"application\/ld+json\" class=\"yoast-schema-graph\">{\"@context\":\"https:\\\/\\\/schema.org\",\"@graph\":[{\"@type\":\"WebPage\",\"@id\":\"https:\\\/\\\/umojagreenlands.org\\\/fr\\\/postes-a-pourvoir\\\/\",\"url\":\"https:\\\/\\\/umojagreenlands.org\\\/fr\\\/postes-a-pourvoir\\\/\",\"name\":\"Postes \u00e0 pourvoir - Umoja Greenlands\",\"isPartOf\":{\"@id\":\"https:\\\/\\\/umojagreenlands.org\\\/fr\\\/#website\"},\"datePublished\":\"2025-04-14T13:23:36+00:00\",\"dateModified\":\"2025-04-14T13:24:47+00:00\",\"breadcrumb\":{\"@id\":\"https:\\\/\\\/umojagreenlands.org\\\/fr\\\/postes-a-pourvoir\\\/#breadcrumb\"},\"inLanguage\":\"fr-FR\",\"potentialAction\":[{\"@type\":\"ReadAction\",\"target\":[\"https:\\\/\\\/umojagreenlands.org\\\/fr\\\/postes-a-pourvoir\\\/\"]}]},{\"@type\":\"BreadcrumbList\",\"@id\":\"https:\\\/\\\/umojagreenlands.org\\\/fr\\\/postes-a-pourvoir\\\/#breadcrumb\",\"itemListElement\":[{\"@type\":\"ListItem\",\"position\":1,\"name\":\"Home\",\"item\":\"https:\\\/\\\/umojagreenlands.org\\\/fr\\\/zones-vertes-dumoja\\\/\"},{\"@type\":\"ListItem\",\"position\":2,\"name\":\"Postes \u00e0 pourvoir\"}]},{\"@type\":\"WebSite\",\"@id\":\"https:\\\/\\\/umojagreenlands.org\\\/fr\\\/#website\",\"url\":\"https:\\\/\\\/umojagreenlands.org\\\/fr\\\/\",\"name\":\"Umoja Greenlands\",\"description\":\"Umoja Greenlands is a community-driven initiative focused on sustainable living, environmental stewardship, and water resilience. Centered in rural Africa, it empowers local communities through rainwater harvesting, regenerative agriculture, and eco-friendly infrastructure, all rooted in the spirit of umoja\u2014Swahili for unity.\",\"publisher\":{\"@id\":\"https:\\\/\\\/umojagreenlands.org\\\/fr\\\/#organization\"},\"potentialAction\":[{\"@type\":\"SearchAction\",\"target\":{\"@type\":\"EntryPoint\",\"urlTemplate\":\"https:\\\/\\\/umojagreenlands.org\\\/fr\\\/?s={search_term_string}\"},\"query-input\":{\"@type\":\"PropertyValueSpecification\",\"valueRequired\":true,\"valueName\":\"search_term_string\"}}],\"inLanguage\":\"fr-FR\"},{\"@type\":\"Organization\",\"@id\":\"https:\\\/\\\/umojagreenlands.org\\\/fr\\\/#organization\",\"name\":\"Umoja Greenlands\",\"url\":\"https:\\\/\\\/umojagreenlands.org\\\/fr\\\/\",\"logo\":{\"@type\":\"ImageObject\",\"inLanguage\":\"fr-FR\",\"@id\":\"https:\\\/\\\/umojagreenlands.org\\\/fr\\\/#\\\/schema\\\/logo\\\/image\\\/\",\"url\":\"https:\\\/\\\/i0.wp.com\\\/umojagreenlands.org\\\/wp-content\\\/uploads\\\/2025\\\/03\\\/logo.png?fit=1024%2C1024&ssl=1\",\"contentUrl\":\"https:\\\/\\\/i0.wp.com\\\/umojagreenlands.org\\\/wp-content\\\/uploads\\\/2025\\\/03\\\/logo.png?fit=1024%2C1024&ssl=1\",\"width\":1024,\"height\":1024,\"caption\":\"Umoja Greenlands\"},\"image\":{\"@id\":\"https:\\\/\\\/umojagreenlands.org\\\/fr\\\/#\\\/schema\\\/logo\\\/image\\\/\"},\"sameAs\":[\"https:\\\/\\\/www.facebook.com\\\/profile.php?id=61574025178042\"]}]}<\/script>\n<!-- \/ Yoast SEO plugin. -->","yoast_head_json":{"title":"Postes \u00e0 pourvoir - Umoja Greenlands","robots":{"index":"index","follow":"follow","max-snippet":"max-snippet:-1","max-image-preview":"max-image-preview:large","max-video-preview":"max-video-preview:-1"},"canonical":"https:\/\/umojagreenlands.org\/fr\/postes-a-pourvoir\/","og_locale":"fr_FR","og_type":"article","og_title":"Postes \u00e0 pourvoir - Umoja Greenlands","og_description":"\ud83c\udf3f Postes \u00e0 pourvoir &#8211; Umoja Greenlands Umoja Greenlands recherche des personnes passionn\u00e9es et attach\u00e9es \u00e0 leurs valeurs pour rejoindre notre cercle d&#8217;altruisme efficace. Il s&#8217;agit de r\u00f4les b\u00e9n\u00e9voles pour les personnes qui souhaitent avoir un impact r\u00e9el par le biais d&#8217;un leadership \u00e9thique, de la construction d&#8217;une communaut\u00e9 et d&#8217;une action strat\u00e9gique. Pour en [&hellip;]","og_url":"https:\/\/umojagreenlands.org\/fr\/postes-a-pourvoir\/","og_site_name":"Umoja Greenlands","article_publisher":"https:\/\/www.facebook.com\/profile.php?id=61574025178042","article_modified_time":"2025-04-14T13:24:47+00:00","twitter_card":"summary_large_image","twitter_misc":{"Dur\u00e9e de lecture estim\u00e9e":"1 minute"},"schema":{"@context":"https:\/\/schema.org","@graph":[{"@type":"WebPage","@id":"https:\/\/umojagreenlands.org\/fr\/postes-a-pourvoir\/","url":"https:\/\/umojagreenlands.org\/fr\/postes-a-pourvoir\/","name":"Postes \u00e0 pourvoir - Umoja Greenlands","isPartOf":{"@id":"https:\/\/umojagreenlands.org\/fr\/#website"},"datePublished":"2025-04-14T13:23:36+00:00","dateModified":"2025-04-14T13:24:47+00:00","breadcrumb":{"@id":"https:\/\/umojagreenlands.org\/fr\/postes-a-pourvoir\/#breadcrumb"},"inLanguage":"fr-FR","potentialAction":[{"@type":"ReadAction","target":["https:\/\/umojagreenlands.org\/fr\/postes-a-pourvoir\/"]}]},{"@type":"BreadcrumbList","@id":"https:\/\/umojagreenlands.org\/fr\/postes-a-pourvoir\/#breadcrumb","itemListElement":[{"@type":"ListItem","position":1,"name":"Home","item":"https:\/\/umojagreenlands.org\/fr\/zones-vertes-dumoja\/"},{"@type":"ListItem","position":2,"name":"Postes \u00e0 pourvoir"}]},{"@type":"WebSite","@id":"https:\/\/umojagreenlands.org\/fr\/#website","url":"https:\/\/umojagreenlands.org\/fr\/","name":"Umoja Greenlands","description":"Umoja Greenlands is a community-driven initiative focused on sustainable living, environmental stewardship, and water resilience. Centered in rural Africa, it empowers local communities through rainwater harvesting, regenerative agriculture, and eco-friendly infrastructure, all rooted in the spirit of umoja\u2014Swahili for unity.","publisher":{"@id":"https:\/\/umojagreenlands.org\/fr\/#organization"},"potentialAction":[{"@type":"SearchAction","target":{"@type":"EntryPoint","urlTemplate":"https:\/\/umojagreenlands.org\/fr\/?s={search_term_string}"},"query-input":{"@type":"PropertyValueSpecification","valueRequired":true,"valueName":"search_term_string"}}],"inLanguage":"fr-FR"},{"@type":"Organization","@id":"https:\/\/umojagreenlands.org\/fr\/#organization","name":"Umoja Greenlands","url":"https:\/\/umojagreenlands.org\/fr\/","logo":{"@type":"ImageObject","inLanguage":"fr-FR","@id":"https:\/\/umojagreenlands.org\/fr\/#\/schema\/logo\/image\/","url":"https:\/\/i0.wp.com\/umojagreenlands.org\/wp-content\/uploads\/2025\/03\/logo.png?fit=1024%2C1024&ssl=1","contentUrl":"https:\/\/i0.wp.com\/umojagreenlands.org\/wp-content\/uploads\/2025\/03\/logo.png?fit=1024%2C1024&ssl=1","width":1024,"height":1024,"caption":"Umoja Greenlands"},"image":{"@id":"https:\/\/umojagreenlands.org\/fr\/#\/schema\/logo\/image\/"},"sameAs":["https:\/\/www.facebook.com\/profile.php?id=61574025178042"]}]}},"jetpack_sharing_enabled":true,"_links":{"self":[{"href":"https:\/\/umojagreenlands.org\/fr\/wp-json\/wp\/v2\/pages\/753","targetHints":{"allow":["GET"]}}],"collection":[{"href":"https:\/\/umojagreenlands.org\/fr\/wp-json\/wp\/v2\/pages"}],"about":[{"href":"https:\/\/umojagreenlands.org\/fr\/wp-json\/wp\/v2\/types\/page"}],"author":[{"embeddable":true,"href":"https:\/\/umojagreenlands.org\/fr\/wp-json\/wp\/v2\/users\/1"}],"replies":[{"embeddable":true,"href":"https:\/\/umojagreenlands.org\/fr\/wp-json\/wp\/v2\/comments?post=753"}],"version-history":[{"count":2,"href":"https:\/\/umojagreenlands.org\/fr\/wp-json\/wp\/v2\/pages\/753\/revisions"}],"predecessor-version":[{"id":760,"href":"https:\/\/umojagreenlands.org\/fr\/wp-json\/wp\/v2\/pages\/753\/revisions\/760"}],"wp:attachment":[{"href":"https:\/\/umojagreenlands.org\/fr\/wp-json\/wp\/v2\/media?parent=753"}],"curies":[{"name":"wp","href":"https:\/\/api.w.org\/{rel}","templated":true}]}}