{"id":740,"date":"2025-04-14T13:17:52","date_gmt":"2025-04-14T13:17:52","guid":{"rendered":"https:\/\/umojagreenlands.org\/apprenti-ea\/"},"modified":"2025-04-14T13:18:57","modified_gmt":"2025-04-14T13:18:57","slug":"apprenti-ea","status":"publish","type":"page","link":"https:\/\/umojagreenlands.org\/fr\/apprenti-ea\/","title":{"rendered":"Apprenti EA"},"content":{"rendered":"\t\t<div data-elementor-type=\"wp-page\" data-elementor-id=\"740\" class=\"elementor elementor-740 elementor-733\" data-elementor-post-type=\"page\">\n\t\t\t\t<div class=\"elementor-element elementor-element-8ecd61b e-flex e-con-boxed e-con e-parent\" data-id=\"8ecd61b\" data-element_type=\"container\" data-e-type=\"container\">\n\t\t\t\t\t<div class=\"e-con-inner\">\n\t\t\t\t<div class=\"elementor-element elementor-element-09342b0 elementor-widget elementor-widget-text-editor\" data-id=\"09342b0\" data-element_type=\"widget\" data-e-type=\"widget\" data-widget_type=\"text-editor.default\">\n\t\t\t\t<div class=\"elementor-widget-container\">\n\t\t\t\t\t\t\t\t\t<h2 class=\"\" data-start=\"233\" data-end=\"306\">\ud83c\udf93 <strong data-start=\"239\" data-end=\"306\">Poste \u00e0 pourvoir : Apprenti EA &#8211; Umoja Greenlands (interne uniquement)<\/strong><\/h2><hr class=\"\" data-start=\"308\" data-end=\"311\"><p class=\"\" data-start=\"313\" data-end=\"551\"><strong data-start=\"313\" data-end=\"332\">Titre du poste :<\/strong> Apprenti EA<br data-start=\"346\" data-end=\"349\"><strong data-start=\"349\" data-end=\"360\">Cercle :<\/strong> Cercle de l&#8217;altruisme efficace (Cercle Ethos)<br data-start=\"401\" data-end=\"404\"><strong data-start=\"404\" data-end=\"417\">Lieu :<\/strong> A distance ou bas\u00e9 en Afrique de l&#8217;Est<br data-start=\"448\" data-end=\"451\"><strong data-start=\"451\" data-end=\"460\">Type :<\/strong> <strong data-start=\"461\" data-end=\"504\">R\u00f4le d&#8217;apprentissage b\u00e9n\u00e9vole (interne uniquement)<\/strong> &#8211; avec mentorat et soutien \u00e9ventuel sous forme d&#8217;allocation.<\/p><hr class=\"\" data-start=\"553\" data-end=\"556\"><h3 class=\"\" data-start=\"558\" data-end=\"587\"><strong data-start=\"562\" data-end=\"585\">Objectif de la fonction<\/strong><\/h3><p class=\"\" data-start=\"588\" data-end=\"963\">Ce poste est con\u00e7u pour soutenir la formation interne des futurs leaders communautaires au sein d&#8217;Umoja Greenlands qui sont enracin\u00e9s dans les principes de l&#8217;Altruisme Efficace (AE). L&#8217;apprenti EA participera \u00e0 un apprentissage structur\u00e9 et aidera \u00e0 l&#8217;application des concepts de l&#8217;EA dans le monde r\u00e9el, afin de se pr\u00e9parer \u00e0 assumer des r\u00f4les plus actifs au sein du mouvement et de l&#8217;organisation. <\/p><blockquote data-start=\"965\" data-end=\"1063\"><p class=\"\" data-start=\"967\" data-end=\"1063\">\u26a0\ufe0f Ce r\u00f4le <strong data-start=\"983\" data-end=\"1062\">n&#8217;est ouvert qu&#8217;aux membres, collaborateurs ou b\u00e9n\u00e9voles actuels d&#8217;Umoja Greenlands<\/strong>.<\/p><\/blockquote><hr class=\"\" data-start=\"1065\" data-end=\"1068\"><h3 class=\"\" data-start=\"1070\" data-end=\"1100\"><strong data-start=\"1074\" data-end=\"1098\">Principales responsabilit\u00e9s<\/strong><\/h3><ul data-start=\"1101\" data-end=\"1501\"><li class=\"\" data-start=\"1101\" data-end=\"1181\"><p class=\"\" data-start=\"1103\" data-end=\"1181\">Participez aux programmes d&#8217;apprentissage de l&#8217;EA, aux sessions de mentorat et aux groupes de lecture.<\/p><\/li><li class=\"\" data-start=\"1182\" data-end=\"1266\"><p class=\"\" data-start=\"1184\" data-end=\"1266\">Soutenir le coach EA et le d\u00e9veloppeur r\u00e9gional EA en mati\u00e8re de communication et de logistique<\/p><\/li><li class=\"\" data-start=\"1267\" data-end=\"1354\"><p class=\"\" data-start=\"1269\" data-end=\"1354\">R\u00e9fl\u00e9chir et documenter les progr\u00e8s de l&#8217;apprentissage personnel dans une perspective est-africaine<\/p><\/li><li class=\"\" data-start=\"1355\" data-end=\"1436\"><p class=\"\" data-start=\"1357\" data-end=\"1436\">Co-faciliter des \u00e9v\u00e9nements, des dialogues ou des sessions de partage des connaissances, le cas \u00e9ch\u00e9ant<\/p><\/li><li class=\"\" data-start=\"1437\" data-end=\"1501\"><p class=\"\" data-start=\"1439\" data-end=\"1501\">\u00c9laborer un petit projet ou une campagne en rapport avec l&#8217;EE (avec des conseils)<\/p><\/li><\/ul><hr class=\"\" data-start=\"1503\" data-end=\"1506\"><h3 class=\"\" data-start=\"1508\" data-end=\"1539\"><strong data-start=\"1512\" data-end=\"1537\">Qui recherchons-nous ?<\/strong><\/h3><p class=\"\" data-start=\"1540\" data-end=\"1572\">Cette opportunit\u00e9 est id\u00e9ale pour :<\/p><ul data-start=\"1573\" data-end=\"1862\"><li class=\"\" data-start=\"1573\" data-end=\"1657\"><p class=\"\" data-start=\"1575\" data-end=\"1657\">Les membres d&#8217;Umoja Greenlands qui souhaitent approfondir leur r\u00e9flexion \u00e9thique et strat\u00e9gique<\/p><\/li><li class=\"\" data-start=\"1658\" data-end=\"1724\"><p class=\"\" data-start=\"1660\" data-end=\"1724\">Futurs animateurs, responsables de projets locaux ou d\u00e9fenseurs d&#8217;une cause<\/p><\/li><li class=\"\" data-start=\"1725\" data-end=\"1792\"><p class=\"\" data-start=\"1727\" data-end=\"1792\">Des apprenants curieux qui veulent s&#8217;engager s\u00e9rieusement dans l&#8217;EA au fil du temps<\/p><\/li><li class=\"\" data-start=\"1793\" data-end=\"1862\"><p class=\"\" data-start=\"1795\" data-end=\"1862\">Des personnes pr\u00eates \u00e0 s&#8217;engager dans la r\u00e9flexion, la communaut\u00e9 et l&#8217;action<\/p><\/li><\/ul><p class=\"\" data-start=\"1864\" data-end=\"1945\">Aucune connaissance pr\u00e9alable de l&#8217;EA n&#8217;est n\u00e9cessaire &#8211; seule une forte volont\u00e9 d&#8217;apprendre et de progresser est requise.<\/p><hr class=\"\" data-start=\"1947\" data-end=\"1950\"><p class=\"\" data-start=\"1952\" data-end=\"2129\">\ud83d\udcd8 Pour en savoir plus sur EA et Umoja Greenlands, cliquez sur :<br data-start=\"2001\" data-end=\"2004\">\ud83d\udc49 <a class=\"\" href=\"https:\/\/umojagreenlands.org\/fr\/orientation-vers-laltruisme-efficace\/\" target=\"_new\" rel=\"noopener\" data-start=\"2007\" data-end=\"2129\">https:\/\/umojagreenlands.org\/effective-altruism-orientation\/<\/a><\/p><hr class=\"\" data-start=\"2131\" data-end=\"2134\"><h3 class=\"\" data-start=\"2136\" data-end=\"2158\"><strong data-start=\"2140\" data-end=\"2156\">Comment postuler<\/strong><\/h3><p class=\"\" data-start=\"2159\" data-end=\"2261\">Envoyez un courriel \u00e0 <strong data-start=\"2176\" data-end=\"2204\"><a rel=\"noopener\" data-start=\"2178\" data-end=\"2202\">info@umojagreenlands.org<\/a><\/strong> avec l&#8217;objet : <em data-start=\"2219\" data-end=\"2248\">Candidature &#8211; Apprenti EA<\/em><br data-start=\"2248\" data-end=\"2251\">Inclure :<\/p><ul data-start=\"2262\" data-end=\"2410\"><li class=\"\" data-start=\"2262\" data-end=\"2304\"><p class=\"\" data-start=\"2264\" data-end=\"2304\">Une courte introduction personnelle (200-300 mots)<\/p><\/li><li class=\"\" data-start=\"2305\" data-end=\"2346\"><p class=\"\" data-start=\"2307\" data-end=\"2346\">Pourquoi voulez-vous \u00e9voluer dans la direction de l&#8217;EA ?<\/p><\/li><li class=\"\" data-start=\"2347\" data-end=\"2410\"><p class=\"\" data-start=\"2349\" data-end=\"2410\">Tout travail pertinent, tout activisme ou toute id\u00e9e qui vous passionne<\/p><\/li><\/ul><p class=\"\" data-start=\"2412\" data-end=\"2484\"><strong data-start=\"2412\" data-end=\"2425\">Date limite :<\/strong> En cours &#8211; les candidats internes seront pris en consid\u00e9ration par vagues.<\/p><hr class=\"\" data-start=\"2486\" data-end=\"2489\">\t\t\t\t\t\t\t\t<\/div>\n\t\t\t\t<\/div>\n\t\t\t\t\t<\/div>\n\t\t\t\t<\/div>\n\t\t\t\t<\/div>\n\t\t","protected":false},"excerpt":{"rendered":"<p>\ud83c\udf93 Poste \u00e0 pourvoir : Apprenti EA &#8211; Umoja Greenlands (interne uniquement) Titre du poste : Apprenti EACercle : Cercle de l&#8217;altruisme efficace (Cercle Ethos)Lieu : A distance ou bas\u00e9 en Afrique de l&#8217;EstType : R\u00f4le d&#8217;apprentissage b\u00e9n\u00e9vole (interne uniquement) &#8211; avec mentorat et soutien \u00e9ventuel sous forme d&#8217;allocation. Objectif de la fonction Ce poste [&hellip;]<\/p>\n","protected":false},"author":1,"featured_media":0,"parent":0,"menu_order":0,"comment_status":"closed","ping_status":"closed","template":"","meta":{"nf_dc_page":"","om_disable_all_campaigns":false,"_monsterinsights_skip_tracking":false,"_monsterinsights_sitenote_active":false,"_monsterinsights_sitenote_note":"","_monsterinsights_sitenote_category":0,"footnotes":""},"class_list":["post-740","page","type-page","status-publish","hentry"],"yoast_head":"<!-- This site is optimized with the Yoast SEO plugin v27.4 - https:\/\/yoast.com\/product\/yoast-seo-wordpress\/ -->\n<title>Apprenti EA - Umoja Greenlands<\/title>\n<meta name=\"robots\" content=\"index, follow, max-snippet:-1, max-image-preview:large, max-video-preview:-1\" \/>\n<link rel=\"canonical\" href=\"https:\/\/umojagreenlands.org\/fr\/apprenti-ea\/\" \/>\n<meta property=\"og:locale\" content=\"fr_FR\" \/>\n<meta property=\"og:type\" content=\"article\" \/>\n<meta property=\"og:title\" content=\"Apprenti EA - Umoja Greenlands\" \/>\n<meta property=\"og:description\" content=\"\ud83c\udf93 Poste \u00e0 pourvoir : Apprenti EA &#8211; Umoja Greenlands (interne uniquement) Titre du poste : Apprenti EACercle : Cercle de l&#8217;altruisme efficace (Cercle Ethos)Lieu : A distance ou bas\u00e9 en Afrique de l&#8217;EstType : R\u00f4le d&#8217;apprentissage b\u00e9n\u00e9vole (interne uniquement) &#8211; avec mentorat et soutien \u00e9ventuel sous forme d&#8217;allocation. Objectif de la fonction Ce poste [&hellip;]\" \/>\n<meta property=\"og:url\" content=\"https:\/\/umojagreenlands.org\/fr\/apprenti-ea\/\" \/>\n<meta property=\"og:site_name\" content=\"Umoja Greenlands\" \/>\n<meta property=\"article:publisher\" content=\"https:\/\/www.facebook.com\/profile.php?id=61574025178042\" \/>\n<meta property=\"article:modified_time\" content=\"2025-04-14T13:18:57+00:00\" \/>\n<meta name=\"twitter:card\" content=\"summary_large_image\" \/>\n<meta name=\"twitter:label1\" content=\"Dur\u00e9e de lecture estim\u00e9e\" \/>\n\t<meta name=\"twitter:data1\" content=\"2 minutes\" \/>\n<script type=\"application\/ld+json\" class=\"yoast-schema-graph\">{\"@context\":\"https:\\\/\\\/schema.org\",\"@graph\":[{\"@type\":\"WebPage\",\"@id\":\"https:\\\/\\\/umojagreenlands.org\\\/fr\\\/apprenti-ea\\\/\",\"url\":\"https:\\\/\\\/umojagreenlands.org\\\/fr\\\/apprenti-ea\\\/\",\"name\":\"Apprenti EA - Umoja Greenlands\",\"isPartOf\":{\"@id\":\"https:\\\/\\\/umojagreenlands.org\\\/fr\\\/#website\"},\"datePublished\":\"2025-04-14T13:17:52+00:00\",\"dateModified\":\"2025-04-14T13:18:57+00:00\",\"breadcrumb\":{\"@id\":\"https:\\\/\\\/umojagreenlands.org\\\/fr\\\/apprenti-ea\\\/#breadcrumb\"},\"inLanguage\":\"fr-FR\",\"potentialAction\":[{\"@type\":\"ReadAction\",\"target\":[\"https:\\\/\\\/umojagreenlands.org\\\/fr\\\/apprenti-ea\\\/\"]}]},{\"@type\":\"BreadcrumbList\",\"@id\":\"https:\\\/\\\/umojagreenlands.org\\\/fr\\\/apprenti-ea\\\/#breadcrumb\",\"itemListElement\":[{\"@type\":\"ListItem\",\"position\":1,\"name\":\"Home\",\"item\":\"https:\\\/\\\/umojagreenlands.org\\\/fr\\\/zones-vertes-dumoja\\\/\"},{\"@type\":\"ListItem\",\"position\":2,\"name\":\"Apprenti EA\"}]},{\"@type\":\"WebSite\",\"@id\":\"https:\\\/\\\/umojagreenlands.org\\\/fr\\\/#website\",\"url\":\"https:\\\/\\\/umojagreenlands.org\\\/fr\\\/\",\"name\":\"Umoja Greenlands\",\"description\":\"Umoja Greenlands is a community-driven initiative focused on sustainable living, environmental stewardship, and water resilience. Centered in rural Africa, it empowers local communities through rainwater harvesting, regenerative agriculture, and eco-friendly infrastructure, all rooted in the spirit of umoja\u2014Swahili for unity.\",\"publisher\":{\"@id\":\"https:\\\/\\\/umojagreenlands.org\\\/fr\\\/#organization\"},\"potentialAction\":[{\"@type\":\"SearchAction\",\"target\":{\"@type\":\"EntryPoint\",\"urlTemplate\":\"https:\\\/\\\/umojagreenlands.org\\\/fr\\\/?s={search_term_string}\"},\"query-input\":{\"@type\":\"PropertyValueSpecification\",\"valueRequired\":true,\"valueName\":\"search_term_string\"}}],\"inLanguage\":\"fr-FR\"},{\"@type\":\"Organization\",\"@id\":\"https:\\\/\\\/umojagreenlands.org\\\/fr\\\/#organization\",\"name\":\"Umoja Greenlands\",\"url\":\"https:\\\/\\\/umojagreenlands.org\\\/fr\\\/\",\"logo\":{\"@type\":\"ImageObject\",\"inLanguage\":\"fr-FR\",\"@id\":\"https:\\\/\\\/umojagreenlands.org\\\/fr\\\/#\\\/schema\\\/logo\\\/image\\\/\",\"url\":\"https:\\\/\\\/i0.wp.com\\\/umojagreenlands.org\\\/wp-content\\\/uploads\\\/2025\\\/03\\\/logo.png?fit=1024%2C1024&ssl=1\",\"contentUrl\":\"https:\\\/\\\/i0.wp.com\\\/umojagreenlands.org\\\/wp-content\\\/uploads\\\/2025\\\/03\\\/logo.png?fit=1024%2C1024&ssl=1\",\"width\":1024,\"height\":1024,\"caption\":\"Umoja Greenlands\"},\"image\":{\"@id\":\"https:\\\/\\\/umojagreenlands.org\\\/fr\\\/#\\\/schema\\\/logo\\\/image\\\/\"},\"sameAs\":[\"https:\\\/\\\/www.facebook.com\\\/profile.php?id=61574025178042\"]}]}<\/script>\n<!-- \/ Yoast SEO plugin. -->","yoast_head_json":{"title":"Apprenti EA - Umoja Greenlands","robots":{"index":"index","follow":"follow","max-snippet":"max-snippet:-1","max-image-preview":"max-image-preview:large","max-video-preview":"max-video-preview:-1"},"canonical":"https:\/\/umojagreenlands.org\/fr\/apprenti-ea\/","og_locale":"fr_FR","og_type":"article","og_title":"Apprenti EA - Umoja Greenlands","og_description":"\ud83c\udf93 Poste \u00e0 pourvoir : Apprenti EA &#8211; Umoja Greenlands (interne uniquement) Titre du poste : Apprenti EACercle : Cercle de l&#8217;altruisme efficace (Cercle Ethos)Lieu : A distance ou bas\u00e9 en Afrique de l&#8217;EstType : R\u00f4le d&#8217;apprentissage b\u00e9n\u00e9vole (interne uniquement) &#8211; avec mentorat et soutien \u00e9ventuel sous forme d&#8217;allocation. Objectif de la fonction Ce poste [&hellip;]","og_url":"https:\/\/umojagreenlands.org\/fr\/apprenti-ea\/","og_site_name":"Umoja Greenlands","article_publisher":"https:\/\/www.facebook.com\/profile.php?id=61574025178042","article_modified_time":"2025-04-14T13:18:57+00:00","twitter_card":"summary_large_image","twitter_misc":{"Dur\u00e9e de lecture estim\u00e9e":"2 minutes"},"schema":{"@context":"https:\/\/schema.org","@graph":[{"@type":"WebPage","@id":"https:\/\/umojagreenlands.org\/fr\/apprenti-ea\/","url":"https:\/\/umojagreenlands.org\/fr\/apprenti-ea\/","name":"Apprenti EA - Umoja Greenlands","isPartOf":{"@id":"https:\/\/umojagreenlands.org\/fr\/#website"},"datePublished":"2025-04-14T13:17:52+00:00","dateModified":"2025-04-14T13:18:57+00:00","breadcrumb":{"@id":"https:\/\/umojagreenlands.org\/fr\/apprenti-ea\/#breadcrumb"},"inLanguage":"fr-FR","potentialAction":[{"@type":"ReadAction","target":["https:\/\/umojagreenlands.org\/fr\/apprenti-ea\/"]}]},{"@type":"BreadcrumbList","@id":"https:\/\/umojagreenlands.org\/fr\/apprenti-ea\/#breadcrumb","itemListElement":[{"@type":"ListItem","position":1,"name":"Home","item":"https:\/\/umojagreenlands.org\/fr\/zones-vertes-dumoja\/"},{"@type":"ListItem","position":2,"name":"Apprenti EA"}]},{"@type":"WebSite","@id":"https:\/\/umojagreenlands.org\/fr\/#website","url":"https:\/\/umojagreenlands.org\/fr\/","name":"Umoja Greenlands","description":"Umoja Greenlands is a community-driven initiative focused on sustainable living, environmental stewardship, and water resilience. Centered in rural Africa, it empowers local communities through rainwater harvesting, regenerative agriculture, and eco-friendly infrastructure, all rooted in the spirit of umoja\u2014Swahili for unity.","publisher":{"@id":"https:\/\/umojagreenlands.org\/fr\/#organization"},"potentialAction":[{"@type":"SearchAction","target":{"@type":"EntryPoint","urlTemplate":"https:\/\/umojagreenlands.org\/fr\/?s={search_term_string}"},"query-input":{"@type":"PropertyValueSpecification","valueRequired":true,"valueName":"search_term_string"}}],"inLanguage":"fr-FR"},{"@type":"Organization","@id":"https:\/\/umojagreenlands.org\/fr\/#organization","name":"Umoja Greenlands","url":"https:\/\/umojagreenlands.org\/fr\/","logo":{"@type":"ImageObject","inLanguage":"fr-FR","@id":"https:\/\/umojagreenlands.org\/fr\/#\/schema\/logo\/image\/","url":"https:\/\/i0.wp.com\/umojagreenlands.org\/wp-content\/uploads\/2025\/03\/logo.png?fit=1024%2C1024&ssl=1","contentUrl":"https:\/\/i0.wp.com\/umojagreenlands.org\/wp-content\/uploads\/2025\/03\/logo.png?fit=1024%2C1024&ssl=1","width":1024,"height":1024,"caption":"Umoja Greenlands"},"image":{"@id":"https:\/\/umojagreenlands.org\/fr\/#\/schema\/logo\/image\/"},"sameAs":["https:\/\/www.facebook.com\/profile.php?id=61574025178042"]}]}},"jetpack_sharing_enabled":true,"_links":{"self":[{"href":"https:\/\/umojagreenlands.org\/fr\/wp-json\/wp\/v2\/pages\/740","targetHints":{"allow":["GET"]}}],"collection":[{"href":"https:\/\/umojagreenlands.org\/fr\/wp-json\/wp\/v2\/pages"}],"about":[{"href":"https:\/\/umojagreenlands.org\/fr\/wp-json\/wp\/v2\/types\/page"}],"author":[{"embeddable":true,"href":"https:\/\/umojagreenlands.org\/fr\/wp-json\/wp\/v2\/users\/1"}],"replies":[{"embeddable":true,"href":"https:\/\/umojagreenlands.org\/fr\/wp-json\/wp\/v2\/comments?post=740"}],"version-history":[{"count":2,"href":"https:\/\/umojagreenlands.org\/fr\/wp-json\/wp\/v2\/pages\/740\/revisions"}],"predecessor-version":[{"id":745,"href":"https:\/\/umojagreenlands.org\/fr\/wp-json\/wp\/v2\/pages\/740\/revisions\/745"}],"wp:attachment":[{"href":"https:\/\/umojagreenlands.org\/fr\/wp-json\/wp\/v2\/media?parent=740"}],"curies":[{"name":"wp","href":"https:\/\/api.w.org\/{rel}","templated":true}]}}