{"id":724,"date":"2025-04-14T13:10:09","date_gmt":"2025-04-14T13:10:09","guid":{"rendered":"https:\/\/umojagreenlands.org\/entraineur-ea\/"},"modified":"2025-04-14T13:15:15","modified_gmt":"2025-04-14T13:15:15","slug":"entraineur-ea","status":"publish","type":"page","link":"https:\/\/umojagreenlands.org\/fr\/entraineur-ea\/","title":{"rendered":"Entra\u00eeneur EA"},"content":{"rendered":"\t\t<div data-elementor-type=\"wp-page\" data-elementor-id=\"724\" class=\"elementor elementor-724 elementor-716\" data-elementor-post-type=\"page\">\n\t\t\t\t<div class=\"elementor-element elementor-element-2f21dc3 e-flex e-con-boxed e-con e-parent\" data-id=\"2f21dc3\" data-element_type=\"container\" data-e-type=\"container\">\n\t\t\t\t\t<div class=\"e-con-inner\">\n\t\t\t\t<div class=\"elementor-element elementor-element-2a9d61a elementor-widget elementor-widget-text-editor\" data-id=\"2a9d61a\" data-element_type=\"widget\" data-e-type=\"widget\" data-widget_type=\"text-editor.default\">\n\t\t\t\t<div class=\"elementor-widget-container\">\n\t\t\t\t\t\t\t\t\t<p> <\/p><h2>\ud83c\udf31 <strong>Poste \u00e0 pourvoir : Entra\u00eeneur EA &#8211; Umoja Greenlands<\/strong><\/h2><hr><p><strong>Titre du poste :<\/strong> Coach EA<br><strong>Cercle :<\/strong> Cercle de l&#8217;altruisme efficace (Cercle Ethos)<br><strong>Lieu :<\/strong> A distance ou bas\u00e9 en Afrique de l&#8217;Est<br><strong>Type :<\/strong> <strong>Poste de b\u00e9n\u00e9vole<\/strong> (avec possibilit\u00e9 d&#8217;allocation en fonction du financement)<\/p><hr><h3><strong>Objectif de la fonction<\/strong><\/h3><p>Diriger l&#8217;\u00e9ducation interne et le renforcement des capacit\u00e9s en mati\u00e8re d&#8217;altruisme efficace (EA) au sein d&#8217;Umoja Greenlands, en facilitant la formation, le mentorat et l&#8217;apprentissage continu qui s&#8217;alignent sur les principes globaux de l&#8217;EA et les r\u00e9alit\u00e9s de l&#8217;Afrique de l&#8217;Est.<\/p><hr><h3><strong>Principales responsabilit\u00e9s<\/strong><\/h3><ul><li><p>Concevoir et animer des sessions et des ateliers de formation sur les concepts et les cadres de l&#8217;EA<\/p><\/li><li><p>Animer des groupes de lecture, des discussions r\u00e9flexives et des exercices de renforcement des comp\u00e9tences<\/p><\/li><li><p>Fournir un coaching individuel et en petits groupes aux membres de l&#8217;\u00e9quipe dans l&#8217;ensemble de l&#8217;organisation.<\/p><\/li><li><p>Constituer et d\u00e9velopper des ressources align\u00e9es sur l&#8217;EE et adapt\u00e9es au travail d&#8217;Umoja Greenlands.<\/p><\/li><li><p>Assurer l&#8217;alignement interne sur les meilleures pratiques en mati\u00e8re d&#8217;\u00e9valuation environnementale, y compris le raisonnement moral, la hi\u00e9rarchisation des causes et la r\u00e9flexion fond\u00e9e sur des donn\u00e9es probantes.<\/p><\/li><\/ul><hr><h3><strong>Qui recherchons-nous ?<\/strong><\/h3><p>Nous recherchons un candidat qui :<\/p><ul><li><p>Poss\u00e8de une solide compr\u00e9hension de l&#8217;altruisme efficace<\/p><\/li><li><p>Peut expliquer clairement des concepts tels que la hi\u00e9rarchisation des causes, l&#8217;utilit\u00e9 marginale, la n\u00e9gligence et le long terme.<\/p><\/li><li><p>Avoir une exp\u00e9rience pr\u00e9alable dans l&#8217;enseignement, la facilitation, le coaching ou l&#8217;\u00e9ducation communautaire.<\/p><\/li><li><p>est conforme aux valeurs et aux orientations d&#8217;Umoja Greenlands<\/p><\/li><li><p>Peut adapter le contenu \u00e0 un public diversifi\u00e9 et non universitaire en Afrique de l&#8217;Est.<\/p><\/li><\/ul><p>Bonus si vous avez de l&#8217;exp\u00e9rience en philosophie \u00e9thique, en prise de d\u00e9cision strat\u00e9gique ou en EA appliqu\u00e9e (par exemple, sant\u00e9 mondiale, d\u00e9fense des animaux, pr\u00e9visions, etc.)<\/p><hr><p>\ud83d\udcd8 Pour en savoir plus sur EA et Umoja Greenlands, cliquez sur :<br>\ud83d\udc49 <a href=\"https:\/\/umojagreenlands.org\/fr\/orientation-vers-laltruisme-efficace\/\">https:\/\/umojagreenlands.org\/effective-altruism-orientation\/<\/a><\/p><hr><h3><strong>Comment postuler<\/strong><\/h3><p>Courriel <strong><a href=\"mailto:info@umojagreenlands.org\">info@umojagreenlands.org<\/a><\/strong> avec l&#8217;objet : <em>Candidature &#8211; EA Coach<\/em><br>Incluez :<\/p><ul><li><p>Une courte lettre de motivation (300 mots maximum)<\/p><\/li><li><p>Un r\u00e9sum\u00e9 de votre parcours d&#8217;EA (lectures, groupes, projets, etc.)<\/p><\/li><li><p>Toute exp\u00e9rience pertinente en mati\u00e8re de facilitation ou de coaching<\/p><\/li><li><p>Facultatif : liens vers des contenus que vous avez cr\u00e9\u00e9s ou des formations que vous avez anim\u00e9es<\/p><\/li><\/ul><p><strong>Date limite :<\/strong> Les candidats les plus press\u00e9s sont prioritaires.<\/p><h2 class=\"\" data-start=\"2193\" data-end=\"2245\"> <\/h2>\t\t\t\t\t\t\t\t<\/div>\n\t\t\t\t<\/div>\n\t\t\t\t\t<\/div>\n\t\t\t\t<\/div>\n\t\t\t\t<\/div>\n\t\t","protected":false},"excerpt":{"rendered":"<p>\ud83c\udf31 Poste \u00e0 pourvoir : Entra\u00eeneur EA &#8211; Umoja Greenlands Titre du poste : Coach EACercle : Cercle de l&#8217;altruisme efficace (Cercle Ethos)Lieu : A distance ou bas\u00e9 en Afrique de l&#8217;EstType : Poste de b\u00e9n\u00e9vole (avec possibilit\u00e9 d&#8217;allocation en fonction du financement) Objectif de la fonction Diriger l&#8217;\u00e9ducation interne et le renforcement des capacit\u00e9s [&hellip;]<\/p>\n","protected":false},"author":1,"featured_media":0,"parent":0,"menu_order":0,"comment_status":"closed","ping_status":"closed","template":"","meta":{"nf_dc_page":"","om_disable_all_campaigns":false,"_monsterinsights_skip_tracking":false,"_monsterinsights_sitenote_active":false,"_monsterinsights_sitenote_note":"","_monsterinsights_sitenote_category":0,"footnotes":""},"class_list":["post-724","page","type-page","status-publish","hentry"],"yoast_head":"<!-- This site is optimized with the Yoast SEO plugin v27.4 - https:\/\/yoast.com\/product\/yoast-seo-wordpress\/ -->\n<title>Entra\u00eeneur EA - Umoja Greenlands<\/title>\n<meta name=\"robots\" content=\"index, follow, max-snippet:-1, max-image-preview:large, max-video-preview:-1\" \/>\n<link rel=\"canonical\" href=\"https:\/\/umojagreenlands.org\/fr\/entraineur-ea\/\" \/>\n<meta property=\"og:locale\" content=\"fr_FR\" \/>\n<meta property=\"og:type\" content=\"article\" \/>\n<meta property=\"og:title\" content=\"Entra\u00eeneur EA - Umoja Greenlands\" \/>\n<meta property=\"og:description\" content=\"\ud83c\udf31 Poste \u00e0 pourvoir : Entra\u00eeneur EA &#8211; Umoja Greenlands Titre du poste : Coach EACercle : Cercle de l&#8217;altruisme efficace (Cercle Ethos)Lieu : A distance ou bas\u00e9 en Afrique de l&#8217;EstType : Poste de b\u00e9n\u00e9vole (avec possibilit\u00e9 d&#8217;allocation en fonction du financement) Objectif de la fonction Diriger l&#8217;\u00e9ducation interne et le renforcement des capacit\u00e9s [&hellip;]\" \/>\n<meta property=\"og:url\" content=\"https:\/\/umojagreenlands.org\/fr\/entraineur-ea\/\" \/>\n<meta property=\"og:site_name\" content=\"Umoja Greenlands\" \/>\n<meta property=\"article:publisher\" content=\"https:\/\/www.facebook.com\/profile.php?id=61574025178042\" \/>\n<meta property=\"article:modified_time\" content=\"2025-04-14T13:15:15+00:00\" \/>\n<meta name=\"twitter:card\" content=\"summary_large_image\" \/>\n<meta name=\"twitter:label1\" content=\"Dur\u00e9e de lecture estim\u00e9e\" \/>\n\t<meta name=\"twitter:data1\" content=\"2 minutes\" \/>\n<script type=\"application\/ld+json\" class=\"yoast-schema-graph\">{\"@context\":\"https:\\\/\\\/schema.org\",\"@graph\":[{\"@type\":\"WebPage\",\"@id\":\"https:\\\/\\\/umojagreenlands.org\\\/fr\\\/entraineur-ea\\\/\",\"url\":\"https:\\\/\\\/umojagreenlands.org\\\/fr\\\/entraineur-ea\\\/\",\"name\":\"Entra\u00eeneur EA - Umoja Greenlands\",\"isPartOf\":{\"@id\":\"https:\\\/\\\/umojagreenlands.org\\\/fr\\\/#website\"},\"datePublished\":\"2025-04-14T13:10:09+00:00\",\"dateModified\":\"2025-04-14T13:15:15+00:00\",\"breadcrumb\":{\"@id\":\"https:\\\/\\\/umojagreenlands.org\\\/fr\\\/entraineur-ea\\\/#breadcrumb\"},\"inLanguage\":\"fr-FR\",\"potentialAction\":[{\"@type\":\"ReadAction\",\"target\":[\"https:\\\/\\\/umojagreenlands.org\\\/fr\\\/entraineur-ea\\\/\"]}]},{\"@type\":\"BreadcrumbList\",\"@id\":\"https:\\\/\\\/umojagreenlands.org\\\/fr\\\/entraineur-ea\\\/#breadcrumb\",\"itemListElement\":[{\"@type\":\"ListItem\",\"position\":1,\"name\":\"Home\",\"item\":\"https:\\\/\\\/umojagreenlands.org\\\/fr\\\/zones-vertes-dumoja\\\/\"},{\"@type\":\"ListItem\",\"position\":2,\"name\":\"Entra\u00eeneur EA\"}]},{\"@type\":\"WebSite\",\"@id\":\"https:\\\/\\\/umojagreenlands.org\\\/fr\\\/#website\",\"url\":\"https:\\\/\\\/umojagreenlands.org\\\/fr\\\/\",\"name\":\"Umoja Greenlands\",\"description\":\"Umoja Greenlands is a community-driven initiative focused on sustainable living, environmental stewardship, and water resilience. Centered in rural Africa, it empowers local communities through rainwater harvesting, regenerative agriculture, and eco-friendly infrastructure, all rooted in the spirit of umoja\u2014Swahili for unity.\",\"publisher\":{\"@id\":\"https:\\\/\\\/umojagreenlands.org\\\/fr\\\/#organization\"},\"potentialAction\":[{\"@type\":\"SearchAction\",\"target\":{\"@type\":\"EntryPoint\",\"urlTemplate\":\"https:\\\/\\\/umojagreenlands.org\\\/fr\\\/?s={search_term_string}\"},\"query-input\":{\"@type\":\"PropertyValueSpecification\",\"valueRequired\":true,\"valueName\":\"search_term_string\"}}],\"inLanguage\":\"fr-FR\"},{\"@type\":\"Organization\",\"@id\":\"https:\\\/\\\/umojagreenlands.org\\\/fr\\\/#organization\",\"name\":\"Umoja Greenlands\",\"url\":\"https:\\\/\\\/umojagreenlands.org\\\/fr\\\/\",\"logo\":{\"@type\":\"ImageObject\",\"inLanguage\":\"fr-FR\",\"@id\":\"https:\\\/\\\/umojagreenlands.org\\\/fr\\\/#\\\/schema\\\/logo\\\/image\\\/\",\"url\":\"https:\\\/\\\/i0.wp.com\\\/umojagreenlands.org\\\/wp-content\\\/uploads\\\/2025\\\/03\\\/logo.png?fit=1024%2C1024&ssl=1\",\"contentUrl\":\"https:\\\/\\\/i0.wp.com\\\/umojagreenlands.org\\\/wp-content\\\/uploads\\\/2025\\\/03\\\/logo.png?fit=1024%2C1024&ssl=1\",\"width\":1024,\"height\":1024,\"caption\":\"Umoja Greenlands\"},\"image\":{\"@id\":\"https:\\\/\\\/umojagreenlands.org\\\/fr\\\/#\\\/schema\\\/logo\\\/image\\\/\"},\"sameAs\":[\"https:\\\/\\\/www.facebook.com\\\/profile.php?id=61574025178042\"]}]}<\/script>\n<!-- \/ Yoast SEO plugin. -->","yoast_head_json":{"title":"Entra\u00eeneur EA - Umoja Greenlands","robots":{"index":"index","follow":"follow","max-snippet":"max-snippet:-1","max-image-preview":"max-image-preview:large","max-video-preview":"max-video-preview:-1"},"canonical":"https:\/\/umojagreenlands.org\/fr\/entraineur-ea\/","og_locale":"fr_FR","og_type":"article","og_title":"Entra\u00eeneur EA - Umoja Greenlands","og_description":"\ud83c\udf31 Poste \u00e0 pourvoir : Entra\u00eeneur EA &#8211; Umoja Greenlands Titre du poste : Coach EACercle : Cercle de l&#8217;altruisme efficace (Cercle Ethos)Lieu : A distance ou bas\u00e9 en Afrique de l&#8217;EstType : Poste de b\u00e9n\u00e9vole (avec possibilit\u00e9 d&#8217;allocation en fonction du financement) Objectif de la fonction Diriger l&#8217;\u00e9ducation interne et le renforcement des capacit\u00e9s [&hellip;]","og_url":"https:\/\/umojagreenlands.org\/fr\/entraineur-ea\/","og_site_name":"Umoja Greenlands","article_publisher":"https:\/\/www.facebook.com\/profile.php?id=61574025178042","article_modified_time":"2025-04-14T13:15:15+00:00","twitter_card":"summary_large_image","twitter_misc":{"Dur\u00e9e de lecture estim\u00e9e":"2 minutes"},"schema":{"@context":"https:\/\/schema.org","@graph":[{"@type":"WebPage","@id":"https:\/\/umojagreenlands.org\/fr\/entraineur-ea\/","url":"https:\/\/umojagreenlands.org\/fr\/entraineur-ea\/","name":"Entra\u00eeneur EA - Umoja Greenlands","isPartOf":{"@id":"https:\/\/umojagreenlands.org\/fr\/#website"},"datePublished":"2025-04-14T13:10:09+00:00","dateModified":"2025-04-14T13:15:15+00:00","breadcrumb":{"@id":"https:\/\/umojagreenlands.org\/fr\/entraineur-ea\/#breadcrumb"},"inLanguage":"fr-FR","potentialAction":[{"@type":"ReadAction","target":["https:\/\/umojagreenlands.org\/fr\/entraineur-ea\/"]}]},{"@type":"BreadcrumbList","@id":"https:\/\/umojagreenlands.org\/fr\/entraineur-ea\/#breadcrumb","itemListElement":[{"@type":"ListItem","position":1,"name":"Home","item":"https:\/\/umojagreenlands.org\/fr\/zones-vertes-dumoja\/"},{"@type":"ListItem","position":2,"name":"Entra\u00eeneur EA"}]},{"@type":"WebSite","@id":"https:\/\/umojagreenlands.org\/fr\/#website","url":"https:\/\/umojagreenlands.org\/fr\/","name":"Umoja Greenlands","description":"Umoja Greenlands is a community-driven initiative focused on sustainable living, environmental stewardship, and water resilience. Centered in rural Africa, it empowers local communities through rainwater harvesting, regenerative agriculture, and eco-friendly infrastructure, all rooted in the spirit of umoja\u2014Swahili for unity.","publisher":{"@id":"https:\/\/umojagreenlands.org\/fr\/#organization"},"potentialAction":[{"@type":"SearchAction","target":{"@type":"EntryPoint","urlTemplate":"https:\/\/umojagreenlands.org\/fr\/?s={search_term_string}"},"query-input":{"@type":"PropertyValueSpecification","valueRequired":true,"valueName":"search_term_string"}}],"inLanguage":"fr-FR"},{"@type":"Organization","@id":"https:\/\/umojagreenlands.org\/fr\/#organization","name":"Umoja Greenlands","url":"https:\/\/umojagreenlands.org\/fr\/","logo":{"@type":"ImageObject","inLanguage":"fr-FR","@id":"https:\/\/umojagreenlands.org\/fr\/#\/schema\/logo\/image\/","url":"https:\/\/i0.wp.com\/umojagreenlands.org\/wp-content\/uploads\/2025\/03\/logo.png?fit=1024%2C1024&ssl=1","contentUrl":"https:\/\/i0.wp.com\/umojagreenlands.org\/wp-content\/uploads\/2025\/03\/logo.png?fit=1024%2C1024&ssl=1","width":1024,"height":1024,"caption":"Umoja Greenlands"},"image":{"@id":"https:\/\/umojagreenlands.org\/fr\/#\/schema\/logo\/image\/"},"sameAs":["https:\/\/www.facebook.com\/profile.php?id=61574025178042"]}]}},"jetpack_sharing_enabled":true,"_links":{"self":[{"href":"https:\/\/umojagreenlands.org\/fr\/wp-json\/wp\/v2\/pages\/724","targetHints":{"allow":["GET"]}}],"collection":[{"href":"https:\/\/umojagreenlands.org\/fr\/wp-json\/wp\/v2\/pages"}],"about":[{"href":"https:\/\/umojagreenlands.org\/fr\/wp-json\/wp\/v2\/types\/page"}],"author":[{"embeddable":true,"href":"https:\/\/umojagreenlands.org\/fr\/wp-json\/wp\/v2\/users\/1"}],"replies":[{"embeddable":true,"href":"https:\/\/umojagreenlands.org\/fr\/wp-json\/wp\/v2\/comments?post=724"}],"version-history":[{"count":2,"href":"https:\/\/umojagreenlands.org\/fr\/wp-json\/wp\/v2\/pages\/724\/revisions"}],"predecessor-version":[{"id":732,"href":"https:\/\/umojagreenlands.org\/fr\/wp-json\/wp\/v2\/pages\/724\/revisions\/732"}],"wp:attachment":[{"href":"https:\/\/umojagreenlands.org\/fr\/wp-json\/wp\/v2\/media?parent=724"}],"curies":[{"name":"wp","href":"https:\/\/api.w.org\/{rel}","templated":true}]}}