{"id":704,"date":"2025-04-14T13:00:30","date_gmt":"2025-04-14T13:00:30","guid":{"rendered":"https:\/\/umojagreenlands.org\/developpeur-regional-ea\/"},"modified":"2025-04-15T14:01:08","modified_gmt":"2025-04-15T14:01:08","slug":"developpeur-regional-ea","status":"publish","type":"page","link":"https:\/\/umojagreenlands.org\/fr\/developpeur-regional-ea\/","title":{"rendered":"D\u00e9veloppeur r\u00e9gional EA"},"content":{"rendered":"\t\t<div data-elementor-type=\"wp-page\" data-elementor-id=\"704\" class=\"elementor elementor-704 elementor-699\" data-elementor-post-type=\"page\">\n\t\t\t\t<div class=\"elementor-element elementor-element-df8c10d e-flex e-con-boxed e-con e-parent\" data-id=\"df8c10d\" data-element_type=\"container\" data-e-type=\"container\">\n\t\t\t\t\t<div class=\"e-con-inner\">\n\t\t\t\t<div class=\"elementor-element elementor-element-faa5cc4 elementor-widget elementor-widget-text-editor\" data-id=\"faa5cc4\" data-element_type=\"widget\" data-e-type=\"widget\" data-widget_type=\"text-editor.default\">\n\t\t\t\t<div class=\"elementor-widget-container\">\n\t\t\t\t\t\t\t\t\t<h2 class=\"\" data-start=\"136\" data-end=\"201\">\ud83c\udf0d <strong data-start=\"142\" data-end=\"201\">Poste \u00e0 pourvoir : D\u00e9veloppeur r\u00e9gional EA &#8211; Umoja Greenlands<\/strong><\/h2><hr class=\"\" data-start=\"203\" data-end=\"206\"><p class=\"\" data-start=\"208\" data-end=\"499\"><strong data-start=\"208\" data-end=\"227\">Titre du poste :<\/strong> D\u00e9veloppeur r\u00e9gional EA<br data-start=\"249\" data-end=\"252\"><strong data-start=\"252\" data-end=\"263\">Circle :<\/strong> Cercle de l&#8217;altruisme efficace (Cercle Ethos)<br data-start=\"304\" data-end=\"307\"><strong data-start=\"307\" data-end=\"320\">Lieu :<\/strong> Afrique de l&#8217;Est (\u00e9loign\u00e9\/flexible ; pr\u00e9f\u00e9rence pour le Kenya, l&#8217;Ouganda ou les r\u00e9gions environnantes)<br data-start=\"404\" data-end=\"407\"><strong data-start=\"407\" data-end=\"416\">Type :<\/strong> <strong data-start=\"417\" data-end=\"439\">Poste de b\u00e9n\u00e9vole<\/strong> (avec possibilit\u00e9 d&#8217;allocation en fonction des fonds disponibles)<\/p><hr class=\"\" data-start=\"501\" data-end=\"504\"><h3 class=\"\" data-start=\"506\" data-end=\"535\"><strong data-start=\"510\" data-end=\"533\">Objectif de la fonction<\/strong><\/h3><p class=\"\" data-start=\"536\" data-end=\"743\">Construire et d\u00e9velopper une communaut\u00e9 d&#8217;altruisme efficace (EA) prosp\u00e8re, inclusive et orient\u00e9e vers l&#8217;impact en Afrique de l&#8217;Est, tout en la reliant de mani\u00e8re significative \u00e0 la mission, aux valeurs et aux initiatives communautaires d&#8217;Umoja Greenlands.<\/p><hr class=\"\" data-start=\"745\" data-end=\"748\"><h3 class=\"\" data-start=\"750\" data-end=\"780\"><strong data-start=\"754\" data-end=\"778\">Principales responsabilit\u00e9s<\/strong><\/h3><ul data-start=\"781\" data-end=\"1281\"><li class=\"\" data-start=\"781\" data-end=\"890\"><p class=\"\" data-start=\"783\" data-end=\"890\">Diriger le d\u00e9veloppement de la communaut\u00e9 de l <strong data-start=\"807\" data-end=\"841\">&#8216;Altruisme efficace en Afrique de l&#8217;Est<\/strong> (groupe Facebook, \u00e9v\u00e9nements, int\u00e9gration).<\/p><\/li><li class=\"\" data-start=\"891\" data-end=\"966\"><p class=\"\" data-start=\"893\" data-end=\"966\">Faciliter la sensibilisation, la collaboration et les possibilit\u00e9s d&#8217;apprentissage au niveau r\u00e9gional<\/p><\/li><li class=\"\" data-start=\"967\" data-end=\"1027\"><p class=\"\" data-start=\"969\" data-end=\"1027\">Repr\u00e9senter les zones vertes d&#8217;Umoja dans les espaces d&#8217;EE locaux et mondiaux<\/p><\/li><li class=\"\" data-start=\"1028\" data-end=\"1114\"><p class=\"\" data-start=\"1030\" data-end=\"1114\">Aligner les efforts de la communaut\u00e9 sur les principes de l&#8217;EE et les orientations d&#8217;Umoja Greenlands<\/p><\/li><li class=\"\" data-start=\"1115\" data-end=\"1201\"><p class=\"\" data-start=\"1117\" data-end=\"1201\">Aider \u00e0 identifier les possibilit\u00e9s de financement et de partenariat qui correspondent \u00e0 des objectifs \u00e0 fort impact<\/p><\/li><li class=\"\" data-start=\"1202\" data-end=\"1281\"><p class=\"\" data-start=\"1204\" data-end=\"1281\">Cr\u00e9ez un contenu pertinent et attrayant (par exemple, des pr\u00e9sentations, des articles de blog, des r\u00e9sum\u00e9s).<\/p><\/li><\/ul><hr class=\"\" data-start=\"1283\" data-end=\"1286\"><h3 class=\"\" data-start=\"1288\" data-end=\"1319\"><strong data-start=\"1292\" data-end=\"1317\">Qui recherchons-nous ?<\/strong><\/h3><p class=\"\" data-start=\"1320\" data-end=\"1348\">Nous accueillons des personnes qui sont :<\/p><ul data-start=\"1349\" data-end=\"1627\"><li class=\"\" data-start=\"1349\" data-end=\"1415\"><p class=\"\" data-start=\"1351\" data-end=\"1415\">La passion de r\u00e9duire la souffrance et de faire le bien de mani\u00e8re efficace<\/p><\/li><li class=\"\" data-start=\"1416\" data-end=\"1467\"><p class=\"\" data-start=\"1418\" data-end=\"1467\">Comp\u00e9tences en mati\u00e8re de cr\u00e9ation de communaut\u00e9s ou de communication<\/p><\/li><li class=\"\" data-start=\"1468\" data-end=\"1532\"><p class=\"\" data-start=\"1470\" data-end=\"1532\">Familiarisation avec les contextes sociaux et environnementaux de l&#8217;Afrique de l&#8217;Est<\/p><\/li><li class=\"\" data-start=\"1533\" data-end=\"1592\"><p class=\"\" data-start=\"1535\" data-end=\"1592\">Curieux de d\u00e9couvrir des id\u00e9es d&#8217;EA (formation et soutien fournis !)<\/p><\/li><li class=\"\" data-start=\"1593\" data-end=\"1627\"><p class=\"\" data-start=\"1595\" data-end=\"1627\">Motivation personnelle et respect des valeurs<\/p><\/li><\/ul><hr class=\"\" data-start=\"1629\" data-end=\"1632\"><p class=\"\" data-start=\"1634\" data-end=\"1811\">\ud83d\udcd8 Pour en savoir plus sur EA et Umoja Greenlands, cliquez sur :<br data-start=\"1683\" data-end=\"1686\">\ud83d\udc49 <a class=\"\" href=\"https:\/\/umojagreenlands.org\/fr\/orientation-vers-laltruisme-efficace\/\" target=\"_new\" rel=\"noopener\" data-start=\"1689\" data-end=\"1811\">https:\/\/umojagreenlands.org\/effective-altruism-orientation\/<\/a><\/p><hr class=\"\" data-start=\"1813\" data-end=\"1816\"><h3 class=\"\" data-start=\"1818\" data-end=\"1840\"><strong data-start=\"1822\" data-end=\"1838\">Comment postuler<\/strong><\/h3><p class=\"\" data-start=\"1841\" data-end=\"1951\">Envoyez les documents suivants par courrier \u00e9lectronique \u00e0 <strong data-start=\"1864\" data-end=\"1892\"><a rel=\"noopener\" data-start=\"1866\" data-end=\"1890\">info@umojagreenlands.org<\/a><\/strong> avec pour objet <em data-start=\"1912\" data-end=\"1949\">Candidature &#8211; D\u00e9veloppeur r\u00e9gional EA<\/em><\/p><ul data-start=\"1952\" data-end=\"2135\"><li class=\"\" data-start=\"1952\" data-end=\"2020\"><p class=\"\" data-start=\"1954\" data-end=\"2020\">Une br\u00e8ve d\u00e9claration (300 mots maximum) sur les raisons pour lesquelles ce poste vous convient.<\/p><\/li><li class=\"\" data-start=\"2021\" data-end=\"2097\"><p class=\"\" data-start=\"2023\" data-end=\"2097\">Exp\u00e9riences pertinentes (b\u00e9n\u00e9volat, militantisme, projets li\u00e9s \u00e0 l&#8217;EA, etc.)<\/p><\/li><li class=\"\" data-start=\"2098\" data-end=\"2135\"><p class=\"\" data-start=\"2100\" data-end=\"2135\">Liens \u00e9ventuels vers des travaux publics (facultatif)<\/p><\/li><\/ul><p class=\"\" data-start=\"2137\" data-end=\"2186\"><strong data-start=\"2137\" data-end=\"2150\">Date limite :<\/strong> En continu &#8211; postulez t\u00f4t pour avoir la priorit\u00e9.<\/p><h2 class=\"\" data-start=\"186\" data-end=\"251\"> <\/h2>\t\t\t\t\t\t\t\t<\/div>\n\t\t\t\t<\/div>\n\t\t\t\t\t<\/div>\n\t\t\t\t<\/div>\n\t\t\t\t<\/div>\n\t\t","protected":false},"excerpt":{"rendered":"<p>\ud83c\udf0d Poste \u00e0 pourvoir : D\u00e9veloppeur r\u00e9gional EA &#8211; Umoja Greenlands Titre du poste : D\u00e9veloppeur r\u00e9gional EACircle : Cercle de l&#8217;altruisme efficace (Cercle Ethos)Lieu : Afrique de l&#8217;Est (\u00e9loign\u00e9\/flexible ; pr\u00e9f\u00e9rence pour le Kenya, l&#8217;Ouganda ou les r\u00e9gions environnantes)Type : Poste de b\u00e9n\u00e9vole (avec possibilit\u00e9 d&#8217;allocation en fonction des fonds disponibles) Objectif de la [&hellip;]<\/p>\n","protected":false},"author":1,"featured_media":0,"parent":0,"menu_order":0,"comment_status":"closed","ping_status":"closed","template":"","meta":{"nf_dc_page":"","om_disable_all_campaigns":false,"_monsterinsights_skip_tracking":false,"_monsterinsights_sitenote_active":false,"_monsterinsights_sitenote_note":"","_monsterinsights_sitenote_category":0,"footnotes":""},"class_list":["post-704","page","type-page","status-publish","hentry"],"yoast_head":"<!-- This site is optimized with the Yoast SEO plugin v27.4 - https:\/\/yoast.com\/product\/yoast-seo-wordpress\/ -->\n<title>D\u00e9veloppeur r\u00e9gional EA - Umoja Greenlands<\/title>\n<meta name=\"robots\" content=\"index, follow, max-snippet:-1, max-image-preview:large, max-video-preview:-1\" \/>\n<link rel=\"canonical\" href=\"https:\/\/umojagreenlands.org\/fr\/developpeur-regional-ea\/\" \/>\n<meta property=\"og:locale\" content=\"fr_FR\" \/>\n<meta property=\"og:type\" content=\"article\" \/>\n<meta property=\"og:title\" content=\"D\u00e9veloppeur r\u00e9gional EA - Umoja Greenlands\" \/>\n<meta property=\"og:description\" content=\"\ud83c\udf0d Poste \u00e0 pourvoir : D\u00e9veloppeur r\u00e9gional EA &#8211; Umoja Greenlands Titre du poste : D\u00e9veloppeur r\u00e9gional EACircle : Cercle de l&#8217;altruisme efficace (Cercle Ethos)Lieu : Afrique de l&#8217;Est (\u00e9loign\u00e9\/flexible ; pr\u00e9f\u00e9rence pour le Kenya, l&#8217;Ouganda ou les r\u00e9gions environnantes)Type : Poste de b\u00e9n\u00e9vole (avec possibilit\u00e9 d&#8217;allocation en fonction des fonds disponibles) Objectif de la [&hellip;]\" \/>\n<meta property=\"og:url\" content=\"https:\/\/umojagreenlands.org\/fr\/developpeur-regional-ea\/\" \/>\n<meta property=\"og:site_name\" content=\"Umoja Greenlands\" \/>\n<meta property=\"article:publisher\" content=\"https:\/\/www.facebook.com\/profile.php?id=61574025178042\" \/>\n<meta property=\"article:modified_time\" content=\"2025-04-15T14:01:08+00:00\" \/>\n<meta name=\"twitter:card\" content=\"summary_large_image\" \/>\n<meta name=\"twitter:label1\" content=\"Dur\u00e9e de lecture estim\u00e9e\" \/>\n\t<meta name=\"twitter:data1\" content=\"2 minutes\" \/>\n<script type=\"application\/ld+json\" class=\"yoast-schema-graph\">{\"@context\":\"https:\\\/\\\/schema.org\",\"@graph\":[{\"@type\":\"WebPage\",\"@id\":\"https:\\\/\\\/umojagreenlands.org\\\/fr\\\/developpeur-regional-ea\\\/\",\"url\":\"https:\\\/\\\/umojagreenlands.org\\\/fr\\\/developpeur-regional-ea\\\/\",\"name\":\"D\u00e9veloppeur r\u00e9gional EA - Umoja Greenlands\",\"isPartOf\":{\"@id\":\"https:\\\/\\\/umojagreenlands.org\\\/fr\\\/#website\"},\"datePublished\":\"2025-04-14T13:00:30+00:00\",\"dateModified\":\"2025-04-15T14:01:08+00:00\",\"breadcrumb\":{\"@id\":\"https:\\\/\\\/umojagreenlands.org\\\/fr\\\/developpeur-regional-ea\\\/#breadcrumb\"},\"inLanguage\":\"fr-FR\",\"potentialAction\":[{\"@type\":\"ReadAction\",\"target\":[\"https:\\\/\\\/umojagreenlands.org\\\/fr\\\/developpeur-regional-ea\\\/\"]}]},{\"@type\":\"BreadcrumbList\",\"@id\":\"https:\\\/\\\/umojagreenlands.org\\\/fr\\\/developpeur-regional-ea\\\/#breadcrumb\",\"itemListElement\":[{\"@type\":\"ListItem\",\"position\":1,\"name\":\"Home\",\"item\":\"https:\\\/\\\/umojagreenlands.org\\\/fr\\\/zones-vertes-dumoja\\\/\"},{\"@type\":\"ListItem\",\"position\":2,\"name\":\"D\u00e9veloppeur r\u00e9gional EA\"}]},{\"@type\":\"WebSite\",\"@id\":\"https:\\\/\\\/umojagreenlands.org\\\/fr\\\/#website\",\"url\":\"https:\\\/\\\/umojagreenlands.org\\\/fr\\\/\",\"name\":\"Umoja Greenlands\",\"description\":\"Umoja Greenlands is a community-driven initiative focused on sustainable living, environmental stewardship, and water resilience. Centered in rural Africa, it empowers local communities through rainwater harvesting, regenerative agriculture, and eco-friendly infrastructure, all rooted in the spirit of umoja\u2014Swahili for unity.\",\"publisher\":{\"@id\":\"https:\\\/\\\/umojagreenlands.org\\\/fr\\\/#organization\"},\"potentialAction\":[{\"@type\":\"SearchAction\",\"target\":{\"@type\":\"EntryPoint\",\"urlTemplate\":\"https:\\\/\\\/umojagreenlands.org\\\/fr\\\/?s={search_term_string}\"},\"query-input\":{\"@type\":\"PropertyValueSpecification\",\"valueRequired\":true,\"valueName\":\"search_term_string\"}}],\"inLanguage\":\"fr-FR\"},{\"@type\":\"Organization\",\"@id\":\"https:\\\/\\\/umojagreenlands.org\\\/fr\\\/#organization\",\"name\":\"Umoja Greenlands\",\"url\":\"https:\\\/\\\/umojagreenlands.org\\\/fr\\\/\",\"logo\":{\"@type\":\"ImageObject\",\"inLanguage\":\"fr-FR\",\"@id\":\"https:\\\/\\\/umojagreenlands.org\\\/fr\\\/#\\\/schema\\\/logo\\\/image\\\/\",\"url\":\"https:\\\/\\\/i0.wp.com\\\/umojagreenlands.org\\\/wp-content\\\/uploads\\\/2025\\\/03\\\/logo.png?fit=1024%2C1024&ssl=1\",\"contentUrl\":\"https:\\\/\\\/i0.wp.com\\\/umojagreenlands.org\\\/wp-content\\\/uploads\\\/2025\\\/03\\\/logo.png?fit=1024%2C1024&ssl=1\",\"width\":1024,\"height\":1024,\"caption\":\"Umoja Greenlands\"},\"image\":{\"@id\":\"https:\\\/\\\/umojagreenlands.org\\\/fr\\\/#\\\/schema\\\/logo\\\/image\\\/\"},\"sameAs\":[\"https:\\\/\\\/www.facebook.com\\\/profile.php?id=61574025178042\"]}]}<\/script>\n<!-- \/ Yoast SEO plugin. -->","yoast_head_json":{"title":"D\u00e9veloppeur r\u00e9gional EA - Umoja Greenlands","robots":{"index":"index","follow":"follow","max-snippet":"max-snippet:-1","max-image-preview":"max-image-preview:large","max-video-preview":"max-video-preview:-1"},"canonical":"https:\/\/umojagreenlands.org\/fr\/developpeur-regional-ea\/","og_locale":"fr_FR","og_type":"article","og_title":"D\u00e9veloppeur r\u00e9gional EA - Umoja Greenlands","og_description":"\ud83c\udf0d Poste \u00e0 pourvoir : D\u00e9veloppeur r\u00e9gional EA &#8211; Umoja Greenlands Titre du poste : D\u00e9veloppeur r\u00e9gional EACircle : Cercle de l&#8217;altruisme efficace (Cercle Ethos)Lieu : Afrique de l&#8217;Est (\u00e9loign\u00e9\/flexible ; pr\u00e9f\u00e9rence pour le Kenya, l&#8217;Ouganda ou les r\u00e9gions environnantes)Type : Poste de b\u00e9n\u00e9vole (avec possibilit\u00e9 d&#8217;allocation en fonction des fonds disponibles) Objectif de la [&hellip;]","og_url":"https:\/\/umojagreenlands.org\/fr\/developpeur-regional-ea\/","og_site_name":"Umoja Greenlands","article_publisher":"https:\/\/www.facebook.com\/profile.php?id=61574025178042","article_modified_time":"2025-04-15T14:01:08+00:00","twitter_card":"summary_large_image","twitter_misc":{"Dur\u00e9e de lecture estim\u00e9e":"2 minutes"},"schema":{"@context":"https:\/\/schema.org","@graph":[{"@type":"WebPage","@id":"https:\/\/umojagreenlands.org\/fr\/developpeur-regional-ea\/","url":"https:\/\/umojagreenlands.org\/fr\/developpeur-regional-ea\/","name":"D\u00e9veloppeur r\u00e9gional EA - Umoja Greenlands","isPartOf":{"@id":"https:\/\/umojagreenlands.org\/fr\/#website"},"datePublished":"2025-04-14T13:00:30+00:00","dateModified":"2025-04-15T14:01:08+00:00","breadcrumb":{"@id":"https:\/\/umojagreenlands.org\/fr\/developpeur-regional-ea\/#breadcrumb"},"inLanguage":"fr-FR","potentialAction":[{"@type":"ReadAction","target":["https:\/\/umojagreenlands.org\/fr\/developpeur-regional-ea\/"]}]},{"@type":"BreadcrumbList","@id":"https:\/\/umojagreenlands.org\/fr\/developpeur-regional-ea\/#breadcrumb","itemListElement":[{"@type":"ListItem","position":1,"name":"Home","item":"https:\/\/umojagreenlands.org\/fr\/zones-vertes-dumoja\/"},{"@type":"ListItem","position":2,"name":"D\u00e9veloppeur r\u00e9gional EA"}]},{"@type":"WebSite","@id":"https:\/\/umojagreenlands.org\/fr\/#website","url":"https:\/\/umojagreenlands.org\/fr\/","name":"Umoja Greenlands","description":"Umoja Greenlands is a community-driven initiative focused on sustainable living, environmental stewardship, and water resilience. Centered in rural Africa, it empowers local communities through rainwater harvesting, regenerative agriculture, and eco-friendly infrastructure, all rooted in the spirit of umoja\u2014Swahili for unity.","publisher":{"@id":"https:\/\/umojagreenlands.org\/fr\/#organization"},"potentialAction":[{"@type":"SearchAction","target":{"@type":"EntryPoint","urlTemplate":"https:\/\/umojagreenlands.org\/fr\/?s={search_term_string}"},"query-input":{"@type":"PropertyValueSpecification","valueRequired":true,"valueName":"search_term_string"}}],"inLanguage":"fr-FR"},{"@type":"Organization","@id":"https:\/\/umojagreenlands.org\/fr\/#organization","name":"Umoja Greenlands","url":"https:\/\/umojagreenlands.org\/fr\/","logo":{"@type":"ImageObject","inLanguage":"fr-FR","@id":"https:\/\/umojagreenlands.org\/fr\/#\/schema\/logo\/image\/","url":"https:\/\/i0.wp.com\/umojagreenlands.org\/wp-content\/uploads\/2025\/03\/logo.png?fit=1024%2C1024&ssl=1","contentUrl":"https:\/\/i0.wp.com\/umojagreenlands.org\/wp-content\/uploads\/2025\/03\/logo.png?fit=1024%2C1024&ssl=1","width":1024,"height":1024,"caption":"Umoja Greenlands"},"image":{"@id":"https:\/\/umojagreenlands.org\/fr\/#\/schema\/logo\/image\/"},"sameAs":["https:\/\/www.facebook.com\/profile.php?id=61574025178042"]}]}},"jetpack_sharing_enabled":true,"_links":{"self":[{"href":"https:\/\/umojagreenlands.org\/fr\/wp-json\/wp\/v2\/pages\/704","targetHints":{"allow":["GET"]}}],"collection":[{"href":"https:\/\/umojagreenlands.org\/fr\/wp-json\/wp\/v2\/pages"}],"about":[{"href":"https:\/\/umojagreenlands.org\/fr\/wp-json\/wp\/v2\/types\/page"}],"author":[{"embeddable":true,"href":"https:\/\/umojagreenlands.org\/fr\/wp-json\/wp\/v2\/users\/1"}],"replies":[{"embeddable":true,"href":"https:\/\/umojagreenlands.org\/fr\/wp-json\/wp\/v2\/comments?post=704"}],"version-history":[{"count":3,"href":"https:\/\/umojagreenlands.org\/fr\/wp-json\/wp\/v2\/pages\/704\/revisions"}],"predecessor-version":[{"id":865,"href":"https:\/\/umojagreenlands.org\/fr\/wp-json\/wp\/v2\/pages\/704\/revisions\/865"}],"wp:attachment":[{"href":"https:\/\/umojagreenlands.org\/fr\/wp-json\/wp\/v2\/media?parent=704"}],"curies":[{"name":"wp","href":"https:\/\/api.w.org\/{rel}","templated":true}]}}