{"id":607,"date":"2025-04-09T15:57:03","date_gmt":"2025-04-09T15:57:03","guid":{"rendered":"https:\/\/umojagreenlands.org\/nanyombi-josephine\/"},"modified":"2025-04-09T15:58:55","modified_gmt":"2025-04-09T15:58:55","slug":"nanyombi-josephine","status":"publish","type":"page","link":"https:\/\/umojagreenlands.org\/fr\/nanyombi-josephine\/","title":{"rendered":"Nanyombi Josephine"},"content":{"rendered":"\t\t<div data-elementor-type=\"wp-page\" data-elementor-id=\"607\" class=\"elementor elementor-607 elementor-602\" data-elementor-post-type=\"page\">\n\t\t\t\t<div class=\"elementor-element elementor-element-6a63a66 e-flex e-con-boxed e-con e-parent\" data-id=\"6a63a66\" data-element_type=\"container\" data-e-type=\"container\">\n\t\t\t\t\t<div class=\"e-con-inner\">\n\t\t\t\t<div class=\"elementor-element elementor-element-7381141 elementor-widget elementor-widget-image\" data-id=\"7381141\" data-element_type=\"widget\" data-e-type=\"widget\" data-widget_type=\"image.default\">\n\t\t\t\t<div class=\"elementor-widget-container\">\n\t\t\t\t\t\t\t\t\t\t\t\t\t\t\t<img loading=\"lazy\" decoding=\"async\" loading=\"lazy\" width=\"640\" height=\"640\" src=\"https:\/\/i0.wp.com\/umojagreenlands.org\/wp-content\/uploads\/2025\/03\/Josephine.jpg?fit=640%2C640&amp;ssl=1\" class=\"attachment-large size-large wp-image-348\" alt=\"\" srcset=\"https:\/\/i0.wp.com\/umojagreenlands.org\/wp-content\/uploads\/2025\/03\/Josephine.jpg?w=640&amp;ssl=1 640w, https:\/\/i0.wp.com\/umojagreenlands.org\/wp-content\/uploads\/2025\/03\/Josephine.jpg?resize=300%2C300&amp;ssl=1 300w, https:\/\/i0.wp.com\/umojagreenlands.org\/wp-content\/uploads\/2025\/03\/Josephine.jpg?resize=150%2C150&amp;ssl=1 150w\" sizes=\"auto, (max-width: 640px) 100vw, 640px\" \/>\t\t\t\t\t\t\t\t\t\t\t\t\t\t\t<\/div>\n\t\t\t\t<\/div>\n\t\t\t\t\t<\/div>\n\t\t\t\t<\/div>\n\t\t<div class=\"elementor-element elementor-element-a9bf0da e-flex e-con-boxed e-con e-parent\" data-id=\"a9bf0da\" data-element_type=\"container\" data-e-type=\"container\">\n\t\t\t\t\t<div class=\"e-con-inner\">\n\t\t\t\t<div class=\"elementor-element elementor-element-e9f83e1 elementor-widget elementor-widget-text-editor\" data-id=\"e9f83e1\" data-element_type=\"widget\" data-e-type=\"widget\" data-widget_type=\"text-editor.default\">\n\t\t\t\t<div class=\"elementor-widget-container\">\n\t\t\t\t\t\t\t\t\t<h2><strong>Nanyombi Josephine<\/strong><\/h2><p><strong>Directeur ex\u00e9cutif<\/strong><br>\ud83c\udf0d <em>Dirigeant d&#8217;organisations \u00e0 but non lucratif | Fondateur | Strat\u00e8ge de l&#8217;autonomisation des communaut\u00e9s<\/em><br><a href=\"https:\/\/sorinionescu.org\/jos-harmony-and-inspiration-mission-foundation\/\">Jos Harmony and Inspiration Mission Foundation \u2192<\/a><\/p><hr><h3>&#8220;Le v\u00e9ritable leadership n&#8217;est pas une question de pouvoir, mais d&#8217;objectif, de personnes et de changement durable.<\/h3><p>Nanyombi Josephine est une dirigeante visionnaire d&#8217;organisations \u00e0 but non lucratif et la directrice ex\u00e9cutive d&#8217;<strong>Umoja Greenlands<\/strong>, o\u00f9 elle dirige des programmes de transformation qui renforcent les communaut\u00e9s par la durabilit\u00e9, l&#8217;\u00e9ducation et la r\u00e9silience au niveau local. Avec plus de trois ans d&#8217;exp\u00e9rience dans la direction d&#8217;organisations caritatives, Josephine allie compassion et strat\u00e9gie pour construire des avenirs plus solides et autosuffisants pour les populations vuln\u00e9rables. <\/p><hr><h3>\ud83d\udca1 <strong>Leadership strat\u00e9gique et vision durable<\/strong><\/h3><p>En tant que fondatrice et directrice g\u00e9n\u00e9rale de <a href=\"https:\/\/sorinionescu.org\/jos-harmony-and-inspiration-mission-foundation\/\">Jos Harmony and Inspiration Mission Foundation<\/a>, Josephine a mis en place et d\u00e9velopp\u00e9 des programmes \u00e0 fort impact dans les domaines de l&#8217;\u00e9ducation, de la sant\u00e9 et de l&#8217;autonomisation des jeunes. Sous sa direction, l&#8217;organisation est devenue une force de confiance \u00e0 Kampala, connue pour favoriser l&#8217;espoir et le soutien pratique aux communaut\u00e9s d\u00e9favoris\u00e9es. <\/p><p>\u00c0 Umoja Greenlands, elle poursuit cette mission \u00e0 une \u00e9chelle \u00e9cologique et de d\u00e9veloppement plus large, en \u00e9tant le fer de lance :<\/p><ul><li><p><strong>Projets de r\u00e9silience climatique et de d\u00e9veloppement durable<\/strong><\/p><\/li><li><p><strong>Mobilisation de subventions et partenariats pour un impact rural<\/strong><\/p><\/li><li><p><strong>Conception et suivi de programmes centr\u00e9s sur la communaut\u00e9<\/strong><\/p><\/li><li><p><strong>Encadrement de l&#8217;\u00e9quipe et planification \u00e0 long terme<\/strong><\/p><\/li><\/ul><hr><h3>\ud83c\udf31 <strong>Un leader enracin\u00e9 dans la communaut\u00e9<\/strong><\/h3><p>M\u00e8re d\u00e9vou\u00e9e et mentor passionn\u00e9 de jeunes, Josephine est anim\u00e9e par une compassion de la vie r\u00e9elle et une profonde compr\u00e9hension de la soci\u00e9t\u00e9. Elle dirige avec c\u0153ur et clart\u00e9, laissant la place \u00e0 des voix qui ne sont souvent pas entendues et contribuant \u00e0 fa\u00e7onner des syst\u00e8mes qui travaillent <em>avec les<\/em> communaut\u00e9s plut\u00f4t que <em>pour<\/em> elles. <\/p><hr><h3>\ud83d\udd11 <strong>Comp\u00e9tences de base<\/strong><\/h3><ul><li><p>Planification strat\u00e9gique et gestion de programme<\/p><\/li><li><p>Engagement et autonomisation de la communaut\u00e9<\/p><\/li><li><p>Collecte de fonds et partenariats philanthropiques<\/p><\/li><li><p>Prise de parole en public et mentorat des jeunes<\/p><\/li><li><p>Op\u00e9rations \u00e0 but non lucratif et renforcement de l&#8217;esprit d&#8217;\u00e9quipe<\/p><\/li><\/ul><hr><h3>\ud83c\udf93 <strong>Contexte et inspiration<\/strong><\/h3><p>Josephine a termin\u00e9 ses \u00e9tudes secondaires \u00e0 la <strong>Mengo Senior School<\/strong> de Kampala et s&#8217;est depuis consacr\u00e9e enti\u00e8rement au service et \u00e0 l&#8217;impact. Elle parle couramment l&#8217;anglais et est profond\u00e9ment inspir\u00e9e par la po\u00e9sie, la litt\u00e9rature r\u00e9flexive et le mentorat significatif. <\/p><hr><h3>\ud83c\udf0d <strong>Dans les zones vertes d&#8217;Umoja<\/strong><\/h3><p>En tant que directrice ex\u00e9cutive, Josephine dirige la vision et les objectifs \u00e0 long terme d&#8217;Umoja Greenlands, en veillant \u00e0 ce que chaque initiative contribue \u00e0 un avenir o\u00f9 les communaut\u00e9s africaines sont r\u00e9silientes, nourries et unies. Sa passion pour la transformation sociale alimente les progr\u00e8s de l&#8217;organisation \u00e0 tous les niveaux. <\/p><hr><p>\ud83d\udccc <strong>Fondateur et PDG<\/strong>: <a href=\"https:\/\/sorinionescu.org\/jos-harmony-and-inspiration-mission-foundation\/\">Jos Harmony and Inspiration Mission Foundation<\/a><br>\ud83d\udce3 <strong>Int\u00e9r\u00eats<\/strong>: Po\u00e9sie | Litt\u00e9rature | Leadership des jeunes<br><br><\/p>\t\t\t\t\t\t\t\t<\/div>\n\t\t\t\t<\/div>\n\t\t\t\t\t<\/div>\n\t\t\t\t<\/div>\n\t\t\t\t<\/div>\n\t\t","protected":false},"excerpt":{"rendered":"<p>Nanyombi Josephine Directeur ex\u00e9cutif\ud83c\udf0d Dirigeant d&#8217;organisations \u00e0 but non lucratif | Fondateur | Strat\u00e8ge de l&#8217;autonomisation des communaut\u00e9sJos Harmony and Inspiration Mission Foundation \u2192 &#8220;Le v\u00e9ritable leadership n&#8217;est pas une question de pouvoir, mais d&#8217;objectif, de personnes et de changement durable. Nanyombi Josephine est une dirigeante visionnaire d&#8217;organisations \u00e0 but non lucratif et la directrice [&hellip;]<\/p>\n","protected":false},"author":1,"featured_media":0,"parent":0,"menu_order":0,"comment_status":"closed","ping_status":"closed","template":"","meta":{"nf_dc_page":"","om_disable_all_campaigns":false,"_monsterinsights_skip_tracking":false,"_monsterinsights_sitenote_active":false,"_monsterinsights_sitenote_note":"","_monsterinsights_sitenote_category":0,"footnotes":""},"class_list":["post-607","page","type-page","status-publish","hentry"],"yoast_head":"<!-- This site is optimized with the Yoast SEO plugin v27.4 - https:\/\/yoast.com\/product\/yoast-seo-wordpress\/ -->\n<title>Nanyombi Josephine - Umoja Greenlands<\/title>\n<meta name=\"robots\" content=\"index, follow, max-snippet:-1, max-image-preview:large, max-video-preview:-1\" \/>\n<link rel=\"canonical\" href=\"https:\/\/umojagreenlands.org\/fr\/nanyombi-josephine\/\" \/>\n<meta property=\"og:locale\" content=\"fr_FR\" \/>\n<meta property=\"og:type\" content=\"article\" \/>\n<meta property=\"og:title\" content=\"Nanyombi Josephine - Umoja Greenlands\" \/>\n<meta property=\"og:description\" content=\"Nanyombi Josephine Directeur ex\u00e9cutif\ud83c\udf0d Dirigeant d&#8217;organisations \u00e0 but non lucratif | Fondateur | Strat\u00e8ge de l&#8217;autonomisation des communaut\u00e9sJos Harmony and Inspiration Mission Foundation \u2192 &#8220;Le v\u00e9ritable leadership n&#8217;est pas une question de pouvoir, mais d&#8217;objectif, de personnes et de changement durable. Nanyombi Josephine est une dirigeante visionnaire d&#8217;organisations \u00e0 but non lucratif et la directrice [&hellip;]\" \/>\n<meta property=\"og:url\" content=\"https:\/\/umojagreenlands.org\/fr\/nanyombi-josephine\/\" \/>\n<meta property=\"og:site_name\" content=\"Umoja Greenlands\" \/>\n<meta property=\"article:publisher\" content=\"https:\/\/www.facebook.com\/profile.php?id=61574025178042\" \/>\n<meta property=\"article:modified_time\" content=\"2025-04-09T15:58:55+00:00\" \/>\n<meta property=\"og:image\" content=\"https:\/\/umojagreenlands.org\/wp-content\/uploads\/2025\/03\/Josephine.jpg\" \/>\n<meta name=\"twitter:card\" content=\"summary_large_image\" \/>\n<meta name=\"twitter:label1\" content=\"Dur\u00e9e de lecture estim\u00e9e\" \/>\n\t<meta name=\"twitter:data1\" content=\"2 minutes\" \/>\n<script type=\"application\/ld+json\" class=\"yoast-schema-graph\">{\"@context\":\"https:\\\/\\\/schema.org\",\"@graph\":[{\"@type\":\"WebPage\",\"@id\":\"https:\\\/\\\/umojagreenlands.org\\\/fr\\\/nanyombi-josephine\\\/\",\"url\":\"https:\\\/\\\/umojagreenlands.org\\\/fr\\\/nanyombi-josephine\\\/\",\"name\":\"Nanyombi Josephine - Umoja Greenlands\",\"isPartOf\":{\"@id\":\"https:\\\/\\\/umojagreenlands.org\\\/fr\\\/#website\"},\"primaryImageOfPage\":{\"@id\":\"https:\\\/\\\/umojagreenlands.org\\\/fr\\\/nanyombi-josephine\\\/#primaryimage\"},\"image\":{\"@id\":\"https:\\\/\\\/umojagreenlands.org\\\/fr\\\/nanyombi-josephine\\\/#primaryimage\"},\"thumbnailUrl\":\"https:\\\/\\\/umojagreenlands.org\\\/wp-content\\\/uploads\\\/2025\\\/03\\\/Josephine.jpg\",\"datePublished\":\"2025-04-09T15:57:03+00:00\",\"dateModified\":\"2025-04-09T15:58:55+00:00\",\"breadcrumb\":{\"@id\":\"https:\\\/\\\/umojagreenlands.org\\\/fr\\\/nanyombi-josephine\\\/#breadcrumb\"},\"inLanguage\":\"fr-FR\",\"potentialAction\":[{\"@type\":\"ReadAction\",\"target\":[\"https:\\\/\\\/umojagreenlands.org\\\/fr\\\/nanyombi-josephine\\\/\"]}]},{\"@type\":\"ImageObject\",\"inLanguage\":\"fr-FR\",\"@id\":\"https:\\\/\\\/umojagreenlands.org\\\/fr\\\/nanyombi-josephine\\\/#primaryimage\",\"url\":\"https:\\\/\\\/umojagreenlands.org\\\/wp-content\\\/uploads\\\/2025\\\/03\\\/Josephine.jpg\",\"contentUrl\":\"https:\\\/\\\/umojagreenlands.org\\\/wp-content\\\/uploads\\\/2025\\\/03\\\/Josephine.jpg\"},{\"@type\":\"BreadcrumbList\",\"@id\":\"https:\\\/\\\/umojagreenlands.org\\\/fr\\\/nanyombi-josephine\\\/#breadcrumb\",\"itemListElement\":[{\"@type\":\"ListItem\",\"position\":1,\"name\":\"Home\",\"item\":\"https:\\\/\\\/umojagreenlands.org\\\/fr\\\/zones-vertes-dumoja\\\/\"},{\"@type\":\"ListItem\",\"position\":2,\"name\":\"Nanyombi Josephine\"}]},{\"@type\":\"WebSite\",\"@id\":\"https:\\\/\\\/umojagreenlands.org\\\/fr\\\/#website\",\"url\":\"https:\\\/\\\/umojagreenlands.org\\\/fr\\\/\",\"name\":\"Umoja Greenlands\",\"description\":\"Umoja Greenlands is a community-driven initiative focused on sustainable living, environmental stewardship, and water resilience. Centered in rural Africa, it empowers local communities through rainwater harvesting, regenerative agriculture, and eco-friendly infrastructure, all rooted in the spirit of umoja\u2014Swahili for unity.\",\"publisher\":{\"@id\":\"https:\\\/\\\/umojagreenlands.org\\\/fr\\\/#organization\"},\"potentialAction\":[{\"@type\":\"SearchAction\",\"target\":{\"@type\":\"EntryPoint\",\"urlTemplate\":\"https:\\\/\\\/umojagreenlands.org\\\/fr\\\/?s={search_term_string}\"},\"query-input\":{\"@type\":\"PropertyValueSpecification\",\"valueRequired\":true,\"valueName\":\"search_term_string\"}}],\"inLanguage\":\"fr-FR\"},{\"@type\":\"Organization\",\"@id\":\"https:\\\/\\\/umojagreenlands.org\\\/fr\\\/#organization\",\"name\":\"Umoja Greenlands\",\"url\":\"https:\\\/\\\/umojagreenlands.org\\\/fr\\\/\",\"logo\":{\"@type\":\"ImageObject\",\"inLanguage\":\"fr-FR\",\"@id\":\"https:\\\/\\\/umojagreenlands.org\\\/fr\\\/#\\\/schema\\\/logo\\\/image\\\/\",\"url\":\"https:\\\/\\\/i0.wp.com\\\/umojagreenlands.org\\\/wp-content\\\/uploads\\\/2025\\\/03\\\/logo.png?fit=1024%2C1024&ssl=1\",\"contentUrl\":\"https:\\\/\\\/i0.wp.com\\\/umojagreenlands.org\\\/wp-content\\\/uploads\\\/2025\\\/03\\\/logo.png?fit=1024%2C1024&ssl=1\",\"width\":1024,\"height\":1024,\"caption\":\"Umoja Greenlands\"},\"image\":{\"@id\":\"https:\\\/\\\/umojagreenlands.org\\\/fr\\\/#\\\/schema\\\/logo\\\/image\\\/\"},\"sameAs\":[\"https:\\\/\\\/www.facebook.com\\\/profile.php?id=61574025178042\"]}]}<\/script>\n<!-- \/ Yoast SEO plugin. -->","yoast_head_json":{"title":"Nanyombi Josephine - Umoja Greenlands","robots":{"index":"index","follow":"follow","max-snippet":"max-snippet:-1","max-image-preview":"max-image-preview:large","max-video-preview":"max-video-preview:-1"},"canonical":"https:\/\/umojagreenlands.org\/fr\/nanyombi-josephine\/","og_locale":"fr_FR","og_type":"article","og_title":"Nanyombi Josephine - Umoja Greenlands","og_description":"Nanyombi Josephine Directeur ex\u00e9cutif\ud83c\udf0d Dirigeant d&#8217;organisations \u00e0 but non lucratif | Fondateur | Strat\u00e8ge de l&#8217;autonomisation des communaut\u00e9sJos Harmony and Inspiration Mission Foundation \u2192 &#8220;Le v\u00e9ritable leadership n&#8217;est pas une question de pouvoir, mais d&#8217;objectif, de personnes et de changement durable. Nanyombi Josephine est une dirigeante visionnaire d&#8217;organisations \u00e0 but non lucratif et la directrice [&hellip;]","og_url":"https:\/\/umojagreenlands.org\/fr\/nanyombi-josephine\/","og_site_name":"Umoja Greenlands","article_publisher":"https:\/\/www.facebook.com\/profile.php?id=61574025178042","article_modified_time":"2025-04-09T15:58:55+00:00","og_image":[{"url":"https:\/\/umojagreenlands.org\/wp-content\/uploads\/2025\/03\/Josephine.jpg","type":"","width":"","height":""}],"twitter_card":"summary_large_image","twitter_misc":{"Dur\u00e9e de lecture estim\u00e9e":"2 minutes"},"schema":{"@context":"https:\/\/schema.org","@graph":[{"@type":"WebPage","@id":"https:\/\/umojagreenlands.org\/fr\/nanyombi-josephine\/","url":"https:\/\/umojagreenlands.org\/fr\/nanyombi-josephine\/","name":"Nanyombi Josephine - Umoja Greenlands","isPartOf":{"@id":"https:\/\/umojagreenlands.org\/fr\/#website"},"primaryImageOfPage":{"@id":"https:\/\/umojagreenlands.org\/fr\/nanyombi-josephine\/#primaryimage"},"image":{"@id":"https:\/\/umojagreenlands.org\/fr\/nanyombi-josephine\/#primaryimage"},"thumbnailUrl":"https:\/\/umojagreenlands.org\/wp-content\/uploads\/2025\/03\/Josephine.jpg","datePublished":"2025-04-09T15:57:03+00:00","dateModified":"2025-04-09T15:58:55+00:00","breadcrumb":{"@id":"https:\/\/umojagreenlands.org\/fr\/nanyombi-josephine\/#breadcrumb"},"inLanguage":"fr-FR","potentialAction":[{"@type":"ReadAction","target":["https:\/\/umojagreenlands.org\/fr\/nanyombi-josephine\/"]}]},{"@type":"ImageObject","inLanguage":"fr-FR","@id":"https:\/\/umojagreenlands.org\/fr\/nanyombi-josephine\/#primaryimage","url":"https:\/\/umojagreenlands.org\/wp-content\/uploads\/2025\/03\/Josephine.jpg","contentUrl":"https:\/\/umojagreenlands.org\/wp-content\/uploads\/2025\/03\/Josephine.jpg"},{"@type":"BreadcrumbList","@id":"https:\/\/umojagreenlands.org\/fr\/nanyombi-josephine\/#breadcrumb","itemListElement":[{"@type":"ListItem","position":1,"name":"Home","item":"https:\/\/umojagreenlands.org\/fr\/zones-vertes-dumoja\/"},{"@type":"ListItem","position":2,"name":"Nanyombi Josephine"}]},{"@type":"WebSite","@id":"https:\/\/umojagreenlands.org\/fr\/#website","url":"https:\/\/umojagreenlands.org\/fr\/","name":"Umoja Greenlands","description":"Umoja Greenlands is a community-driven initiative focused on sustainable living, environmental stewardship, and water resilience. Centered in rural Africa, it empowers local communities through rainwater harvesting, regenerative agriculture, and eco-friendly infrastructure, all rooted in the spirit of umoja\u2014Swahili for unity.","publisher":{"@id":"https:\/\/umojagreenlands.org\/fr\/#organization"},"potentialAction":[{"@type":"SearchAction","target":{"@type":"EntryPoint","urlTemplate":"https:\/\/umojagreenlands.org\/fr\/?s={search_term_string}"},"query-input":{"@type":"PropertyValueSpecification","valueRequired":true,"valueName":"search_term_string"}}],"inLanguage":"fr-FR"},{"@type":"Organization","@id":"https:\/\/umojagreenlands.org\/fr\/#organization","name":"Umoja Greenlands","url":"https:\/\/umojagreenlands.org\/fr\/","logo":{"@type":"ImageObject","inLanguage":"fr-FR","@id":"https:\/\/umojagreenlands.org\/fr\/#\/schema\/logo\/image\/","url":"https:\/\/i0.wp.com\/umojagreenlands.org\/wp-content\/uploads\/2025\/03\/logo.png?fit=1024%2C1024&ssl=1","contentUrl":"https:\/\/i0.wp.com\/umojagreenlands.org\/wp-content\/uploads\/2025\/03\/logo.png?fit=1024%2C1024&ssl=1","width":1024,"height":1024,"caption":"Umoja Greenlands"},"image":{"@id":"https:\/\/umojagreenlands.org\/fr\/#\/schema\/logo\/image\/"},"sameAs":["https:\/\/www.facebook.com\/profile.php?id=61574025178042"]}]}},"jetpack_sharing_enabled":true,"_links":{"self":[{"href":"https:\/\/umojagreenlands.org\/fr\/wp-json\/wp\/v2\/pages\/607","targetHints":{"allow":["GET"]}}],"collection":[{"href":"https:\/\/umojagreenlands.org\/fr\/wp-json\/wp\/v2\/pages"}],"about":[{"href":"https:\/\/umojagreenlands.org\/fr\/wp-json\/wp\/v2\/types\/page"}],"author":[{"embeddable":true,"href":"https:\/\/umojagreenlands.org\/fr\/wp-json\/wp\/v2\/users\/1"}],"replies":[{"embeddable":true,"href":"https:\/\/umojagreenlands.org\/fr\/wp-json\/wp\/v2\/comments?post=607"}],"version-history":[{"count":2,"href":"https:\/\/umojagreenlands.org\/fr\/wp-json\/wp\/v2\/pages\/607\/revisions"}],"predecessor-version":[{"id":614,"href":"https:\/\/umojagreenlands.org\/fr\/wp-json\/wp\/v2\/pages\/607\/revisions\/614"}],"wp:attachment":[{"href":"https:\/\/umojagreenlands.org\/fr\/wp-json\/wp\/v2\/media?parent=607"}],"curies":[{"name":"wp","href":"https:\/\/api.w.org\/{rel}","templated":true}]}}