{"id":585,"date":"2025-04-09T15:44:58","date_gmt":"2025-04-09T15:44:58","guid":{"rendered":"https:\/\/umojagreenlands.org\/paul-odiwuor-ogola\/"},"modified":"2025-04-09T15:46:29","modified_gmt":"2025-04-09T15:46:29","slug":"paul-odiwuor-ogola","status":"publish","type":"page","link":"https:\/\/umojagreenlands.org\/fr\/paul-odiwuor-ogola\/","title":{"rendered":"PAUL ODIWUOR OGOLA"},"content":{"rendered":"\t\t<div data-elementor-type=\"wp-page\" data-elementor-id=\"585\" class=\"elementor elementor-585 elementor-579\" data-elementor-post-type=\"page\">\n\t\t\t\t<div class=\"elementor-element elementor-element-b2c2396 e-flex e-con-boxed e-con e-parent\" data-id=\"b2c2396\" data-element_type=\"container\" data-e-type=\"container\">\n\t\t\t\t\t<div class=\"e-con-inner\">\n\t\t\t\t<div class=\"elementor-element elementor-element-7995c6f elementor-widget elementor-widget-image\" data-id=\"7995c6f\" data-element_type=\"widget\" data-e-type=\"widget\" data-widget_type=\"image.default\">\n\t\t\t\t<div class=\"elementor-widget-container\">\n\t\t\t\t\t\t\t\t\t\t\t\t\t\t\t<img loading=\"lazy\" decoding=\"async\" loading=\"lazy\" width=\"600\" height=\"600\" src=\"https:\/\/i0.wp.com\/umojagreenlands.org\/wp-content\/uploads\/2025\/04\/Paul.jpg?fit=600%2C600&amp;ssl=1\" class=\"attachment-large size-large wp-image-571\" alt=\"\" srcset=\"https:\/\/i0.wp.com\/umojagreenlands.org\/wp-content\/uploads\/2025\/04\/Paul.jpg?w=600&amp;ssl=1 600w, https:\/\/i0.wp.com\/umojagreenlands.org\/wp-content\/uploads\/2025\/04\/Paul.jpg?resize=300%2C300&amp;ssl=1 300w, https:\/\/i0.wp.com\/umojagreenlands.org\/wp-content\/uploads\/2025\/04\/Paul.jpg?resize=150%2C150&amp;ssl=1 150w\" sizes=\"auto, (max-width: 600px) 100vw, 600px\" \/>\t\t\t\t\t\t\t\t\t\t\t\t\t\t\t<\/div>\n\t\t\t\t<\/div>\n\t\t\t\t\t<\/div>\n\t\t\t\t<\/div>\n\t\t<div class=\"elementor-element elementor-element-2ff64d7 e-flex e-con-boxed e-con e-parent\" data-id=\"2ff64d7\" data-element_type=\"container\" data-e-type=\"container\">\n\t\t\t\t\t<div class=\"e-con-inner\">\n\t\t\t\t<div class=\"elementor-element elementor-element-5816c80 elementor-widget elementor-widget-text-editor\" data-id=\"5816c80\" data-element_type=\"widget\" data-e-type=\"widget\" data-widget_type=\"text-editor.default\">\n\t\t\t\t<div class=\"elementor-widget-container\">\n\t\t\t\t\t\t\t\t\t<p> <\/p><h3>\ud83c\udf31 <em>&#8220;D\u00e9voiler les secrets de la permaculture pour la r\u00e9silience des communaut\u00e9s&#8221;.<\/em><\/h3><p>Paul Odiwuor Ogola est un \u00e9ducateur en permaculture, un concepteur et un dirigeant communautaire chevronn\u00e9 qui poss\u00e8de plus de neuf ans d&#8217;exp\u00e9rience pratique dans la transformation des paysages et des vies gr\u00e2ce \u00e0 l&#8217;agriculture r\u00e9g\u00e9n\u00e9ratrice.<\/p><p>Mari\u00e9 et p\u00e8re de cinq enfants, Paul a commenc\u00e9 son parcours en permaculture par une formation aupr\u00e8s de Steve Jones (Pays de Galles, Royaume-Uni), suivie d&#8217;un cours de conception en permaculture (PDC) en Ouganda en 2016. Cette exp\u00e9rience a \u00e9veill\u00e9 sa passion pour le m\u00e9lange de connaissances ancestrales et d&#8217;innovations modernes afin de construire des syst\u00e8mes alimentaires durables et d&#8217;autonomiser les communaut\u00e9s \u00e0 partir de la base. <\/p><hr><h3>\ud83d\udc68\u200d\ud83c\udfeb <strong>Fondateur de Permoafrica-Centre<\/strong><\/h3><p>En r\u00e9ponse \u00e0 son sens croissant des responsabilit\u00e9s, Paul a fond\u00e9 <a href=\"https:\/\/permoafrica-centre.weebly.com\/\">Permoafrica-Centre<\/a>, un centre de formation \u00e0 la permaculture au Kenya. Depuis plus de huit ans, ce centre est un espace dynamique d&#8217;apprentissage et de transformation \u00e9cologique, offrant aux agriculteurs, aux jeunes et aux \u00e9ducateurs une formation pratique bas\u00e9e sur la communaut\u00e9. <\/p><p>Le travail de Paul se concentre sur :<\/p><ul><li><p>S\u00e9curit\u00e9 alimentaire et agro\u00e9cologie<\/p><\/li><li><p>Restauration des sols et sant\u00e9 des \u00e9cosyst\u00e8mes<\/p><\/li><li><p>Renforcement des capacit\u00e9s par la formation des enseignants<\/p><\/li><li><p>Int\u00e9grer la permaculture dans les communaut\u00e9s de r\u00e9fugi\u00e9s et les communaut\u00e9s marginalis\u00e9es<\/p><\/li><\/ul><hr><h3>\ud83c\udf0d <strong>Principales \u00e9tapes<\/strong><\/h3><ul><li><p><strong>2018 &#8211; Convergence de permaculture en Afrique de l&#8217;Est<\/strong>: Pr\u00e9sentateur et formateur principal pour les r\u00e9fugi\u00e9s du Sud-Soudan dans la colonie de Bidi Bidi, en Ouganda, en partenariat avec le Conseil norv\u00e9gien pour les r\u00e9fugi\u00e9s.<\/p><\/li><li><p><strong>2023 &#8211; Autonomisation des communaut\u00e9s<\/strong>: R\u00e9alisation d&#8217;un PDC complet \u00e0 Permoafrica-Centre, certifiant 25 nouveaux enseignants en permaculture afin de diffuser les connaissances \u00e0 travers les r\u00e9seaux locaux.<\/p><\/li><li><p><strong>2024 &#8211; Convergence internationale de la permaculture (IPC15), Ta\u00efwan<\/strong>:<\/p><ul><li><p>Il a pr\u00e9sent\u00e9 un expos\u00e9 percutant intitul\u00e9 <em>&#8220;D\u00e9voiler les secrets de la permaculture&#8221;.<\/em><\/p><\/li><li><p>Engag\u00e9 dans un dialogue mondial avec les agriculteurs, les d\u00e9cideurs politiques et les responsables communautaires.<\/p><\/li><li><p>Participation \u00e0 un symposium sur la r\u00e9g\u00e9n\u00e9ration des sols dans la ville de Hsunchi et partage d&#8217;id\u00e9es avec des pionniers de l&#8217;agriculture biologique dans le village de Taromak.<\/p><\/li><\/ul><\/li><\/ul><hr><h3>\ud83e\udd1d <strong>Paul \u00e0 Umoja Greenlands<\/strong><\/h3><p>En tant que directeur de la permaculture et coach en permaculture \u00e0 Umoja Greenlands, Paul apporte sa passion, son exp\u00e9rience v\u00e9cue et sa profonde connaissance de l&#8217;\u00e9cologie \u00e0 notre mission de r\u00e9silience, d&#8217;unit\u00e9 et de durabilit\u00e9. Son leadership renforce nos initiatives de souverainet\u00e9 alimentaire, responsabilise les jeunes et veille \u00e0 ce que la permaculture reste au c\u0153ur de la fa\u00e7on dont nous soignons la terre et la communaut\u00e9 &#8211; ensemble. <\/p><hr><p>\ud83d\udcf8 <em>Les points forts de la galerie seront bient\u00f4t disponibles.<\/em><br>\ud83d\udd17 <strong>Pour en savoir plus sur le travail de Paul<\/strong> <a href=\"https:\/\/permoafrica-centre.weebly.com\/\">Centre Permoafrica<\/a><\/p>\t\t\t\t\t\t\t\t<\/div>\n\t\t\t\t<\/div>\n\t\t\t\t\t<\/div>\n\t\t\t\t<\/div>\n\t\t\t\t<\/div>\n\t\t","protected":false},"excerpt":{"rendered":"<p>\ud83c\udf31 &#8220;D\u00e9voiler les secrets de la permaculture pour la r\u00e9silience des communaut\u00e9s&#8221;. Paul Odiwuor Ogola est un \u00e9ducateur en permaculture, un concepteur et un dirigeant communautaire chevronn\u00e9 qui poss\u00e8de plus de neuf ans d&#8217;exp\u00e9rience pratique dans la transformation des paysages et des vies gr\u00e2ce \u00e0 l&#8217;agriculture r\u00e9g\u00e9n\u00e9ratrice. Mari\u00e9 et p\u00e8re de cinq enfants, Paul a [&hellip;]<\/p>\n","protected":false},"author":1,"featured_media":0,"parent":0,"menu_order":0,"comment_status":"closed","ping_status":"closed","template":"","meta":{"nf_dc_page":"","om_disable_all_campaigns":false,"_monsterinsights_skip_tracking":false,"_monsterinsights_sitenote_active":false,"_monsterinsights_sitenote_note":"","_monsterinsights_sitenote_category":0,"footnotes":""},"class_list":["post-585","page","type-page","status-publish","hentry"],"yoast_head":"<!-- This site is optimized with the Yoast SEO plugin v27.4 - https:\/\/yoast.com\/product\/yoast-seo-wordpress\/ -->\n<title>PAUL ODIWUOR OGOLA - Umoja Greenlands<\/title>\n<meta name=\"robots\" content=\"index, follow, max-snippet:-1, max-image-preview:large, max-video-preview:-1\" \/>\n<link rel=\"canonical\" href=\"https:\/\/umojagreenlands.org\/fr\/paul-odiwuor-ogola\/\" \/>\n<meta property=\"og:locale\" content=\"fr_FR\" \/>\n<meta property=\"og:type\" content=\"article\" \/>\n<meta property=\"og:title\" content=\"PAUL ODIWUOR OGOLA - Umoja Greenlands\" \/>\n<meta property=\"og:description\" content=\"\ud83c\udf31 &#8220;D\u00e9voiler les secrets de la permaculture pour la r\u00e9silience des communaut\u00e9s&#8221;. Paul Odiwuor Ogola est un \u00e9ducateur en permaculture, un concepteur et un dirigeant communautaire chevronn\u00e9 qui poss\u00e8de plus de neuf ans d&#8217;exp\u00e9rience pratique dans la transformation des paysages et des vies gr\u00e2ce \u00e0 l&#8217;agriculture r\u00e9g\u00e9n\u00e9ratrice. Mari\u00e9 et p\u00e8re de cinq enfants, Paul a [&hellip;]\" \/>\n<meta property=\"og:url\" content=\"https:\/\/umojagreenlands.org\/fr\/paul-odiwuor-ogola\/\" \/>\n<meta property=\"og:site_name\" content=\"Umoja Greenlands\" \/>\n<meta property=\"article:publisher\" content=\"https:\/\/www.facebook.com\/profile.php?id=61574025178042\" \/>\n<meta property=\"article:modified_time\" content=\"2025-04-09T15:46:29+00:00\" \/>\n<meta property=\"og:image\" content=\"https:\/\/umojagreenlands.org\/wp-content\/uploads\/2025\/04\/Paul.jpg\" \/>\n<meta name=\"twitter:card\" content=\"summary_large_image\" \/>\n<meta name=\"twitter:label1\" content=\"Dur\u00e9e de lecture estim\u00e9e\" \/>\n\t<meta name=\"twitter:data1\" content=\"2 minutes\" \/>\n<script type=\"application\/ld+json\" class=\"yoast-schema-graph\">{\"@context\":\"https:\\\/\\\/schema.org\",\"@graph\":[{\"@type\":\"WebPage\",\"@id\":\"https:\\\/\\\/umojagreenlands.org\\\/fr\\\/paul-odiwuor-ogola\\\/\",\"url\":\"https:\\\/\\\/umojagreenlands.org\\\/fr\\\/paul-odiwuor-ogola\\\/\",\"name\":\"PAUL ODIWUOR OGOLA - Umoja Greenlands\",\"isPartOf\":{\"@id\":\"https:\\\/\\\/umojagreenlands.org\\\/fr\\\/#website\"},\"primaryImageOfPage\":{\"@id\":\"https:\\\/\\\/umojagreenlands.org\\\/fr\\\/paul-odiwuor-ogola\\\/#primaryimage\"},\"image\":{\"@id\":\"https:\\\/\\\/umojagreenlands.org\\\/fr\\\/paul-odiwuor-ogola\\\/#primaryimage\"},\"thumbnailUrl\":\"https:\\\/\\\/umojagreenlands.org\\\/wp-content\\\/uploads\\\/2025\\\/04\\\/Paul.jpg\",\"datePublished\":\"2025-04-09T15:44:58+00:00\",\"dateModified\":\"2025-04-09T15:46:29+00:00\",\"breadcrumb\":{\"@id\":\"https:\\\/\\\/umojagreenlands.org\\\/fr\\\/paul-odiwuor-ogola\\\/#breadcrumb\"},\"inLanguage\":\"fr-FR\",\"potentialAction\":[{\"@type\":\"ReadAction\",\"target\":[\"https:\\\/\\\/umojagreenlands.org\\\/fr\\\/paul-odiwuor-ogola\\\/\"]}]},{\"@type\":\"ImageObject\",\"inLanguage\":\"fr-FR\",\"@id\":\"https:\\\/\\\/umojagreenlands.org\\\/fr\\\/paul-odiwuor-ogola\\\/#primaryimage\",\"url\":\"https:\\\/\\\/umojagreenlands.org\\\/wp-content\\\/uploads\\\/2025\\\/04\\\/Paul.jpg\",\"contentUrl\":\"https:\\\/\\\/umojagreenlands.org\\\/wp-content\\\/uploads\\\/2025\\\/04\\\/Paul.jpg\"},{\"@type\":\"BreadcrumbList\",\"@id\":\"https:\\\/\\\/umojagreenlands.org\\\/fr\\\/paul-odiwuor-ogola\\\/#breadcrumb\",\"itemListElement\":[{\"@type\":\"ListItem\",\"position\":1,\"name\":\"Home\",\"item\":\"https:\\\/\\\/umojagreenlands.org\\\/fr\\\/zones-vertes-dumoja\\\/\"},{\"@type\":\"ListItem\",\"position\":2,\"name\":\"PAUL ODIWUOR OGOLA\"}]},{\"@type\":\"WebSite\",\"@id\":\"https:\\\/\\\/umojagreenlands.org\\\/fr\\\/#website\",\"url\":\"https:\\\/\\\/umojagreenlands.org\\\/fr\\\/\",\"name\":\"Umoja Greenlands\",\"description\":\"Umoja Greenlands is a community-driven initiative focused on sustainable living, environmental stewardship, and water resilience. Centered in rural Africa, it empowers local communities through rainwater harvesting, regenerative agriculture, and eco-friendly infrastructure, all rooted in the spirit of umoja\u2014Swahili for unity.\",\"publisher\":{\"@id\":\"https:\\\/\\\/umojagreenlands.org\\\/fr\\\/#organization\"},\"potentialAction\":[{\"@type\":\"SearchAction\",\"target\":{\"@type\":\"EntryPoint\",\"urlTemplate\":\"https:\\\/\\\/umojagreenlands.org\\\/fr\\\/?s={search_term_string}\"},\"query-input\":{\"@type\":\"PropertyValueSpecification\",\"valueRequired\":true,\"valueName\":\"search_term_string\"}}],\"inLanguage\":\"fr-FR\"},{\"@type\":\"Organization\",\"@id\":\"https:\\\/\\\/umojagreenlands.org\\\/fr\\\/#organization\",\"name\":\"Umoja Greenlands\",\"url\":\"https:\\\/\\\/umojagreenlands.org\\\/fr\\\/\",\"logo\":{\"@type\":\"ImageObject\",\"inLanguage\":\"fr-FR\",\"@id\":\"https:\\\/\\\/umojagreenlands.org\\\/fr\\\/#\\\/schema\\\/logo\\\/image\\\/\",\"url\":\"https:\\\/\\\/i0.wp.com\\\/umojagreenlands.org\\\/wp-content\\\/uploads\\\/2025\\\/03\\\/logo.png?fit=1024%2C1024&ssl=1\",\"contentUrl\":\"https:\\\/\\\/i0.wp.com\\\/umojagreenlands.org\\\/wp-content\\\/uploads\\\/2025\\\/03\\\/logo.png?fit=1024%2C1024&ssl=1\",\"width\":1024,\"height\":1024,\"caption\":\"Umoja Greenlands\"},\"image\":{\"@id\":\"https:\\\/\\\/umojagreenlands.org\\\/fr\\\/#\\\/schema\\\/logo\\\/image\\\/\"},\"sameAs\":[\"https:\\\/\\\/www.facebook.com\\\/profile.php?id=61574025178042\"]}]}<\/script>\n<!-- \/ Yoast SEO plugin. -->","yoast_head_json":{"title":"PAUL ODIWUOR OGOLA - Umoja Greenlands","robots":{"index":"index","follow":"follow","max-snippet":"max-snippet:-1","max-image-preview":"max-image-preview:large","max-video-preview":"max-video-preview:-1"},"canonical":"https:\/\/umojagreenlands.org\/fr\/paul-odiwuor-ogola\/","og_locale":"fr_FR","og_type":"article","og_title":"PAUL ODIWUOR OGOLA - Umoja Greenlands","og_description":"\ud83c\udf31 &#8220;D\u00e9voiler les secrets de la permaculture pour la r\u00e9silience des communaut\u00e9s&#8221;. Paul Odiwuor Ogola est un \u00e9ducateur en permaculture, un concepteur et un dirigeant communautaire chevronn\u00e9 qui poss\u00e8de plus de neuf ans d&#8217;exp\u00e9rience pratique dans la transformation des paysages et des vies gr\u00e2ce \u00e0 l&#8217;agriculture r\u00e9g\u00e9n\u00e9ratrice. Mari\u00e9 et p\u00e8re de cinq enfants, Paul a [&hellip;]","og_url":"https:\/\/umojagreenlands.org\/fr\/paul-odiwuor-ogola\/","og_site_name":"Umoja Greenlands","article_publisher":"https:\/\/www.facebook.com\/profile.php?id=61574025178042","article_modified_time":"2025-04-09T15:46:29+00:00","og_image":[{"url":"https:\/\/umojagreenlands.org\/wp-content\/uploads\/2025\/04\/Paul.jpg","type":"","width":"","height":""}],"twitter_card":"summary_large_image","twitter_misc":{"Dur\u00e9e de lecture estim\u00e9e":"2 minutes"},"schema":{"@context":"https:\/\/schema.org","@graph":[{"@type":"WebPage","@id":"https:\/\/umojagreenlands.org\/fr\/paul-odiwuor-ogola\/","url":"https:\/\/umojagreenlands.org\/fr\/paul-odiwuor-ogola\/","name":"PAUL ODIWUOR OGOLA - Umoja Greenlands","isPartOf":{"@id":"https:\/\/umojagreenlands.org\/fr\/#website"},"primaryImageOfPage":{"@id":"https:\/\/umojagreenlands.org\/fr\/paul-odiwuor-ogola\/#primaryimage"},"image":{"@id":"https:\/\/umojagreenlands.org\/fr\/paul-odiwuor-ogola\/#primaryimage"},"thumbnailUrl":"https:\/\/umojagreenlands.org\/wp-content\/uploads\/2025\/04\/Paul.jpg","datePublished":"2025-04-09T15:44:58+00:00","dateModified":"2025-04-09T15:46:29+00:00","breadcrumb":{"@id":"https:\/\/umojagreenlands.org\/fr\/paul-odiwuor-ogola\/#breadcrumb"},"inLanguage":"fr-FR","potentialAction":[{"@type":"ReadAction","target":["https:\/\/umojagreenlands.org\/fr\/paul-odiwuor-ogola\/"]}]},{"@type":"ImageObject","inLanguage":"fr-FR","@id":"https:\/\/umojagreenlands.org\/fr\/paul-odiwuor-ogola\/#primaryimage","url":"https:\/\/umojagreenlands.org\/wp-content\/uploads\/2025\/04\/Paul.jpg","contentUrl":"https:\/\/umojagreenlands.org\/wp-content\/uploads\/2025\/04\/Paul.jpg"},{"@type":"BreadcrumbList","@id":"https:\/\/umojagreenlands.org\/fr\/paul-odiwuor-ogola\/#breadcrumb","itemListElement":[{"@type":"ListItem","position":1,"name":"Home","item":"https:\/\/umojagreenlands.org\/fr\/zones-vertes-dumoja\/"},{"@type":"ListItem","position":2,"name":"PAUL ODIWUOR OGOLA"}]},{"@type":"WebSite","@id":"https:\/\/umojagreenlands.org\/fr\/#website","url":"https:\/\/umojagreenlands.org\/fr\/","name":"Umoja Greenlands","description":"Umoja Greenlands is a community-driven initiative focused on sustainable living, environmental stewardship, and water resilience. Centered in rural Africa, it empowers local communities through rainwater harvesting, regenerative agriculture, and eco-friendly infrastructure, all rooted in the spirit of umoja\u2014Swahili for unity.","publisher":{"@id":"https:\/\/umojagreenlands.org\/fr\/#organization"},"potentialAction":[{"@type":"SearchAction","target":{"@type":"EntryPoint","urlTemplate":"https:\/\/umojagreenlands.org\/fr\/?s={search_term_string}"},"query-input":{"@type":"PropertyValueSpecification","valueRequired":true,"valueName":"search_term_string"}}],"inLanguage":"fr-FR"},{"@type":"Organization","@id":"https:\/\/umojagreenlands.org\/fr\/#organization","name":"Umoja Greenlands","url":"https:\/\/umojagreenlands.org\/fr\/","logo":{"@type":"ImageObject","inLanguage":"fr-FR","@id":"https:\/\/umojagreenlands.org\/fr\/#\/schema\/logo\/image\/","url":"https:\/\/i0.wp.com\/umojagreenlands.org\/wp-content\/uploads\/2025\/03\/logo.png?fit=1024%2C1024&ssl=1","contentUrl":"https:\/\/i0.wp.com\/umojagreenlands.org\/wp-content\/uploads\/2025\/03\/logo.png?fit=1024%2C1024&ssl=1","width":1024,"height":1024,"caption":"Umoja Greenlands"},"image":{"@id":"https:\/\/umojagreenlands.org\/fr\/#\/schema\/logo\/image\/"},"sameAs":["https:\/\/www.facebook.com\/profile.php?id=61574025178042"]}]}},"jetpack_sharing_enabled":true,"_links":{"self":[{"href":"https:\/\/umojagreenlands.org\/fr\/wp-json\/wp\/v2\/pages\/585","targetHints":{"allow":["GET"]}}],"collection":[{"href":"https:\/\/umojagreenlands.org\/fr\/wp-json\/wp\/v2\/pages"}],"about":[{"href":"https:\/\/umojagreenlands.org\/fr\/wp-json\/wp\/v2\/types\/page"}],"author":[{"embeddable":true,"href":"https:\/\/umojagreenlands.org\/fr\/wp-json\/wp\/v2\/users\/1"}],"replies":[{"embeddable":true,"href":"https:\/\/umojagreenlands.org\/fr\/wp-json\/wp\/v2\/comments?post=585"}],"version-history":[{"count":2,"href":"https:\/\/umojagreenlands.org\/fr\/wp-json\/wp\/v2\/pages\/585\/revisions"}],"predecessor-version":[{"id":591,"href":"https:\/\/umojagreenlands.org\/fr\/wp-json\/wp\/v2\/pages\/585\/revisions\/591"}],"wp:attachment":[{"href":"https:\/\/umojagreenlands.org\/fr\/wp-json\/wp\/v2\/media?parent=585"}],"curies":[{"name":"wp","href":"https:\/\/api.w.org\/{rel}","templated":true}]}}