{"id":399,"date":"2025-03-31T15:10:53","date_gmt":"2025-03-31T15:10:53","guid":{"rendered":"https:\/\/umojagreenlands.org\/okwairwoth-sauveur\/"},"modified":"2025-05-15T16:49:14","modified_gmt":"2025-05-15T16:49:14","slug":"okwairwoth-sauveur","status":"publish","type":"page","link":"https:\/\/umojagreenlands.org\/fr\/okwairwoth-sauveur\/","title":{"rendered":"OKWAIRWOTH SAUVEUR"},"content":{"rendered":"\t\t<div data-elementor-type=\"wp-page\" data-elementor-id=\"399\" class=\"elementor elementor-399 elementor-389\" data-elementor-post-type=\"page\">\n\t\t\t\t<div class=\"elementor-element elementor-element-3bcc22e e-flex e-con-boxed e-con e-parent\" data-id=\"3bcc22e\" data-element_type=\"container\" data-e-type=\"container\">\n\t\t\t\t\t<div class=\"e-con-inner\">\n\t\t\t\t<div class=\"elementor-element elementor-element-e90e0ea elementor-position-top elementor-widget elementor-widget-image-box\" data-id=\"e90e0ea\" data-element_type=\"widget\" data-e-type=\"widget\" data-widget_type=\"image-box.default\">\n\t\t\t\t<div class=\"elementor-widget-container\">\n\t\t\t\t\t<div class=\"elementor-image-box-wrapper\"><figure class=\"elementor-image-box-img\"><img loading=\"lazy\" decoding=\"async\" loading=\"lazy\" width=\"756\" height=\"1008\" src=\"https:\/\/i0.wp.com\/umojagreenlands.org\/wp-content\/uploads\/2025\/05\/PXL_20250501_075937842.jpg?fit=756%2C1008&amp;ssl=1\" class=\"attachment-full size-full wp-image-1172\" alt=\"\" srcset=\"https:\/\/i0.wp.com\/umojagreenlands.org\/wp-content\/uploads\/2025\/05\/PXL_20250501_075937842.jpg?w=756&amp;ssl=1 756w, https:\/\/i0.wp.com\/umojagreenlands.org\/wp-content\/uploads\/2025\/05\/PXL_20250501_075937842.jpg?resize=225%2C300&amp;ssl=1 225w\" sizes=\"auto, (max-width: 756px) 100vw, 756px\" \/><\/figure><div class=\"elementor-image-box-content\"><h3 class=\"elementor-image-box-title\">OKWAIRWOTH SAVIOUR<br>Chef de cabinet<\/h3><\/div><\/div>\t\t\t\t<\/div>\n\t\t\t\t<\/div>\n\t\t\t\t<div class=\"elementor-element elementor-element-f40c7f8 elementor-widget elementor-widget-text-editor\" data-id=\"f40c7f8\" data-element_type=\"widget\" data-e-type=\"widget\" data-widget_type=\"text-editor.default\">\n\t\t\t\t<div class=\"elementor-widget-container\">\n\t\t\t\t\t\t\t\t\t<p class=\"\" data-start=\"290\" data-end=\"446\">Okwairwoth Saviour est originaire du village de Nguthe, une communaut\u00e9 de 1 000 personnes, o\u00f9 il a pu constater de visu les difficult\u00e9s li\u00e9es \u00e0 l&#8217;acc\u00e8s limit\u00e9 \u00e0 l&#8217;eau potable.<\/p><p class=\"\" data-start=\"448\" data-end=\"771\">Apr\u00e8s avoir termin\u00e9 le Senior 3 (S.3), Saviour s&#8217;est engag\u00e9 \u00e0 trouver des solutions pratiques pour sa communaut\u00e9. Son leadership a conduit \u00e0 la proposition et \u00e0 la construction du syst\u00e8me d&#8217;eau de source Nguthe &#8211; une source d&#8217;eau durable et naturelle qui s&#8217;\u00e9coule \u00e0 la surface sans n\u00e9cessiter de traitement chimique ou de d\u00e9sinfection. <\/p><p class=\"\" data-start=\"773\" data-end=\"990\">En reconnaissance de son d\u00e9vouement exceptionnel, Saviour a d&#8217;abord \u00e9t\u00e9 nomm\u00e9 <strong data-start=\"847\" data-end=\"885\">directeur des solutions d&#8217;eau de source<\/strong> \u00e0 Umoja Greenlands, o\u00f9 il a men\u00e9 des initiatives d&#8217;assainissement de l&#8217;eau avec une honn\u00eatet\u00e9 et un esprit communautaire exceptionnels.<\/p><p class=\"\" data-start=\"992\" data-end=\"1286\">Apr\u00e8s l&#8217;ach\u00e8vement r\u00e9ussi du projet Spring Water System &#8211; livr\u00e9 en avance sur le calendrier et en de\u00e7\u00e0 du budget &#8211; il a \u00e9t\u00e9 promu <strong data-start=\"1131\" data-end=\"1169\">chef du personnel d&#8217;Umoja Greenlands<\/strong>. \u00c0 ce titre, il supervise d\u00e9sormais des op\u00e9rations plus larges et soutient l&#8217;expansion des projets d&#8217;Umoja en Afrique de l&#8217;Est. <\/p><p class=\"\" data-start=\"1288\" data-end=\"1537\">Le leadership de Saviour refl\u00e8te les valeurs les plus profondes d&#8217;Umoja Greenlands : la compassion, l&#8217;int\u00e9grit\u00e9, le service d\u00e9sint\u00e9ress\u00e9 et la priorit\u00e9 d&#8217;all\u00e9ger la souffrance. Sa vision est d&#8217;aider \u00e0 reproduire des solutions \u00e9thiques et r\u00e9g\u00e9n\u00e9ratrices dans les communaut\u00e9s de toute la r\u00e9gion. <\/p>\t\t\t\t\t\t\t\t<\/div>\n\t\t\t\t<\/div>\n\t\t\t\t\t<\/div>\n\t\t\t\t<\/div>\n\t\t<div class=\"elementor-element elementor-element-186319b e-grid e-con-boxed e-con e-parent\" data-id=\"186319b\" data-element_type=\"container\" data-e-type=\"container\">\n\t\t\t\t\t<div class=\"e-con-inner\">\n\t\t\t\t<div class=\"elementor-element elementor-element-e320d86 elementor-widget elementor-widget-image\" data-id=\"e320d86\" data-element_type=\"widget\" data-e-type=\"widget\" data-widget_type=\"image.default\">\n\t\t\t\t<div class=\"elementor-widget-container\">\n\t\t\t\t\t\t\t\t\t\t\t\t\t\t\t<img loading=\"lazy\" decoding=\"async\" loading=\"lazy\" width=\"225\" height=\"300\" src=\"https:\/\/i0.wp.com\/umojagreenlands.org\/wp-content\/uploads\/2025\/05\/PXL_20250429_081916054.MP_.jpg?fit=225%2C300&amp;ssl=1\" class=\"attachment-medium size-medium wp-image-1145\" alt=\"\" srcset=\"https:\/\/i0.wp.com\/umojagreenlands.org\/wp-content\/uploads\/2025\/05\/PXL_20250429_081916054.MP_.jpg?w=756&amp;ssl=1 756w, https:\/\/i0.wp.com\/umojagreenlands.org\/wp-content\/uploads\/2025\/05\/PXL_20250429_081916054.MP_.jpg?resize=225%2C300&amp;ssl=1 225w\" sizes=\"auto, (max-width: 225px) 100vw, 225px\" \/>\t\t\t\t\t\t\t\t\t\t\t\t\t\t\t<\/div>\n\t\t\t\t<\/div>\n\t\t\t\t<div class=\"elementor-element elementor-element-a7feefd elementor-widget elementor-widget-image\" data-id=\"a7feefd\" data-element_type=\"widget\" data-e-type=\"widget\" data-widget_type=\"image.default\">\n\t\t\t\t<div class=\"elementor-widget-container\">\n\t\t\t\t\t\t\t\t\t\t\t\t\t\t\t<img loading=\"lazy\" decoding=\"async\" loading=\"lazy\" width=\"300\" height=\"225\" src=\"https:\/\/i0.wp.com\/umojagreenlands.org\/wp-content\/uploads\/2025\/05\/PXL_20250501_125842067.MP_.jpg?fit=300%2C225&amp;ssl=1\" class=\"attachment-medium size-medium wp-image-1169\" alt=\"\" srcset=\"https:\/\/i0.wp.com\/umojagreenlands.org\/wp-content\/uploads\/2025\/05\/PXL_20250501_125842067.MP_.jpg?w=1008&amp;ssl=1 1008w, https:\/\/i0.wp.com\/umojagreenlands.org\/wp-content\/uploads\/2025\/05\/PXL_20250501_125842067.MP_.jpg?resize=300%2C225&amp;ssl=1 300w, https:\/\/i0.wp.com\/umojagreenlands.org\/wp-content\/uploads\/2025\/05\/PXL_20250501_125842067.MP_.jpg?resize=768%2C576&amp;ssl=1 768w\" sizes=\"auto, (max-width: 300px) 100vw, 300px\" \/>\t\t\t\t\t\t\t\t\t\t\t\t\t\t\t<\/div>\n\t\t\t\t<\/div>\n\t\t\t\t<div class=\"elementor-element elementor-element-012b759 elementor-widget elementor-widget-image\" data-id=\"012b759\" data-element_type=\"widget\" data-e-type=\"widget\" data-widget_type=\"image.default\">\n\t\t\t\t<div class=\"elementor-widget-container\">\n\t\t\t\t\t\t\t\t\t\t\t\t\t\t\t<img loading=\"lazy\" decoding=\"async\" loading=\"lazy\" width=\"300\" height=\"225\" src=\"https:\/\/i0.wp.com\/umojagreenlands.org\/wp-content\/uploads\/2025\/05\/PXL_20250508_152128772.jpg?fit=300%2C225&amp;ssl=1\" class=\"attachment-medium size-medium wp-image-1175\" alt=\"\" srcset=\"https:\/\/i0.wp.com\/umojagreenlands.org\/wp-content\/uploads\/2025\/05\/PXL_20250508_152128772.jpg?w=1008&amp;ssl=1 1008w, https:\/\/i0.wp.com\/umojagreenlands.org\/wp-content\/uploads\/2025\/05\/PXL_20250508_152128772.jpg?resize=300%2C225&amp;ssl=1 300w, https:\/\/i0.wp.com\/umojagreenlands.org\/wp-content\/uploads\/2025\/05\/PXL_20250508_152128772.jpg?resize=768%2C576&amp;ssl=1 768w\" sizes=\"auto, (max-width: 300px) 100vw, 300px\" \/>\t\t\t\t\t\t\t\t\t\t\t\t\t\t\t<\/div>\n\t\t\t\t<\/div>\n\t\t\t\t\t<\/div>\n\t\t\t\t<\/div>\n\t\t\t\t<\/div>\n\t\t","protected":false},"excerpt":{"rendered":"<p>OKWAIRWOTH SAVIOURChef de cabinet Okwairwoth Saviour est originaire du village de Nguthe, une communaut\u00e9 de 1 000 personnes, o\u00f9 il a pu constater de visu les difficult\u00e9s li\u00e9es \u00e0 l&#8217;acc\u00e8s limit\u00e9 \u00e0 l&#8217;eau potable. Apr\u00e8s avoir termin\u00e9 le Senior 3 (S.3), Saviour s&#8217;est engag\u00e9 \u00e0 trouver des solutions pratiques pour sa communaut\u00e9. Son leadership a [&hellip;]<\/p>\n","protected":false},"author":1,"featured_media":0,"parent":0,"menu_order":0,"comment_status":"closed","ping_status":"closed","template":"","meta":{"nf_dc_page":"","om_disable_all_campaigns":false,"_monsterinsights_skip_tracking":false,"_monsterinsights_sitenote_active":false,"_monsterinsights_sitenote_note":"","_monsterinsights_sitenote_category":0,"footnotes":""},"class_list":["post-399","page","type-page","status-publish","hentry"],"yoast_head":"<!-- This site is optimized with the Yoast SEO plugin v27.4 - https:\/\/yoast.com\/product\/yoast-seo-wordpress\/ -->\n<title>OKWAIRWOTH SAUVEUR - Umoja Greenlands<\/title>\n<meta name=\"robots\" content=\"index, follow, max-snippet:-1, max-image-preview:large, max-video-preview:-1\" \/>\n<link rel=\"canonical\" href=\"https:\/\/umojagreenlands.org\/fr\/okwairwoth-sauveur\/\" \/>\n<meta property=\"og:locale\" content=\"fr_FR\" \/>\n<meta property=\"og:type\" content=\"article\" \/>\n<meta property=\"og:title\" content=\"OKWAIRWOTH SAUVEUR - Umoja Greenlands\" \/>\n<meta property=\"og:description\" content=\"OKWAIRWOTH SAVIOURChef de cabinet Okwairwoth Saviour est originaire du village de Nguthe, une communaut\u00e9 de 1 000 personnes, o\u00f9 il a pu constater de visu les difficult\u00e9s li\u00e9es \u00e0 l&#8217;acc\u00e8s limit\u00e9 \u00e0 l&#8217;eau potable. Apr\u00e8s avoir termin\u00e9 le Senior 3 (S.3), Saviour s&#8217;est engag\u00e9 \u00e0 trouver des solutions pratiques pour sa communaut\u00e9. Son leadership a [&hellip;]\" \/>\n<meta property=\"og:url\" content=\"https:\/\/umojagreenlands.org\/fr\/okwairwoth-sauveur\/\" \/>\n<meta property=\"og:site_name\" content=\"Umoja Greenlands\" \/>\n<meta property=\"article:publisher\" content=\"https:\/\/www.facebook.com\/profile.php?id=61574025178042\" \/>\n<meta property=\"article:modified_time\" content=\"2025-05-15T16:49:14+00:00\" \/>\n<meta property=\"og:image\" content=\"https:\/\/umojagreenlands.org\/wp-content\/uploads\/2025\/05\/PXL_20250501_075937842.jpg\" \/>\n<meta name=\"twitter:card\" content=\"summary_large_image\" \/>\n<meta name=\"twitter:label1\" content=\"Dur\u00e9e de lecture estim\u00e9e\" \/>\n\t<meta name=\"twitter:data1\" content=\"1 minute\" \/>\n<script type=\"application\/ld+json\" class=\"yoast-schema-graph\">{\"@context\":\"https:\\\/\\\/schema.org\",\"@graph\":[{\"@type\":\"WebPage\",\"@id\":\"https:\\\/\\\/umojagreenlands.org\\\/fr\\\/okwairwoth-sauveur\\\/\",\"url\":\"https:\\\/\\\/umojagreenlands.org\\\/fr\\\/okwairwoth-sauveur\\\/\",\"name\":\"OKWAIRWOTH SAUVEUR - Umoja Greenlands\",\"isPartOf\":{\"@id\":\"https:\\\/\\\/umojagreenlands.org\\\/fr\\\/#website\"},\"primaryImageOfPage\":{\"@id\":\"https:\\\/\\\/umojagreenlands.org\\\/fr\\\/okwairwoth-sauveur\\\/#primaryimage\"},\"image\":{\"@id\":\"https:\\\/\\\/umojagreenlands.org\\\/fr\\\/okwairwoth-sauveur\\\/#primaryimage\"},\"thumbnailUrl\":\"https:\\\/\\\/umojagreenlands.org\\\/wp-content\\\/uploads\\\/2025\\\/05\\\/PXL_20250501_075937842.jpg\",\"datePublished\":\"2025-03-31T15:10:53+00:00\",\"dateModified\":\"2025-05-15T16:49:14+00:00\",\"breadcrumb\":{\"@id\":\"https:\\\/\\\/umojagreenlands.org\\\/fr\\\/okwairwoth-sauveur\\\/#breadcrumb\"},\"inLanguage\":\"fr-FR\",\"potentialAction\":[{\"@type\":\"ReadAction\",\"target\":[\"https:\\\/\\\/umojagreenlands.org\\\/fr\\\/okwairwoth-sauveur\\\/\"]}]},{\"@type\":\"ImageObject\",\"inLanguage\":\"fr-FR\",\"@id\":\"https:\\\/\\\/umojagreenlands.org\\\/fr\\\/okwairwoth-sauveur\\\/#primaryimage\",\"url\":\"https:\\\/\\\/umojagreenlands.org\\\/wp-content\\\/uploads\\\/2025\\\/05\\\/PXL_20250501_075937842.jpg\",\"contentUrl\":\"https:\\\/\\\/umojagreenlands.org\\\/wp-content\\\/uploads\\\/2025\\\/05\\\/PXL_20250501_075937842.jpg\"},{\"@type\":\"BreadcrumbList\",\"@id\":\"https:\\\/\\\/umojagreenlands.org\\\/fr\\\/okwairwoth-sauveur\\\/#breadcrumb\",\"itemListElement\":[{\"@type\":\"ListItem\",\"position\":1,\"name\":\"Home\",\"item\":\"https:\\\/\\\/umojagreenlands.org\\\/fr\\\/zones-vertes-dumoja\\\/\"},{\"@type\":\"ListItem\",\"position\":2,\"name\":\"OKWAIRWOTH SAUVEUR\"}]},{\"@type\":\"WebSite\",\"@id\":\"https:\\\/\\\/umojagreenlands.org\\\/fr\\\/#website\",\"url\":\"https:\\\/\\\/umojagreenlands.org\\\/fr\\\/\",\"name\":\"Umoja Greenlands\",\"description\":\"Umoja Greenlands is a community-driven initiative focused on sustainable living, environmental stewardship, and water resilience. Centered in rural Africa, it empowers local communities through rainwater harvesting, regenerative agriculture, and eco-friendly infrastructure, all rooted in the spirit of umoja\u2014Swahili for unity.\",\"publisher\":{\"@id\":\"https:\\\/\\\/umojagreenlands.org\\\/fr\\\/#organization\"},\"potentialAction\":[{\"@type\":\"SearchAction\",\"target\":{\"@type\":\"EntryPoint\",\"urlTemplate\":\"https:\\\/\\\/umojagreenlands.org\\\/fr\\\/?s={search_term_string}\"},\"query-input\":{\"@type\":\"PropertyValueSpecification\",\"valueRequired\":true,\"valueName\":\"search_term_string\"}}],\"inLanguage\":\"fr-FR\"},{\"@type\":\"Organization\",\"@id\":\"https:\\\/\\\/umojagreenlands.org\\\/fr\\\/#organization\",\"name\":\"Umoja Greenlands\",\"url\":\"https:\\\/\\\/umojagreenlands.org\\\/fr\\\/\",\"logo\":{\"@type\":\"ImageObject\",\"inLanguage\":\"fr-FR\",\"@id\":\"https:\\\/\\\/umojagreenlands.org\\\/fr\\\/#\\\/schema\\\/logo\\\/image\\\/\",\"url\":\"https:\\\/\\\/i0.wp.com\\\/umojagreenlands.org\\\/wp-content\\\/uploads\\\/2025\\\/03\\\/logo.png?fit=1024%2C1024&ssl=1\",\"contentUrl\":\"https:\\\/\\\/i0.wp.com\\\/umojagreenlands.org\\\/wp-content\\\/uploads\\\/2025\\\/03\\\/logo.png?fit=1024%2C1024&ssl=1\",\"width\":1024,\"height\":1024,\"caption\":\"Umoja Greenlands\"},\"image\":{\"@id\":\"https:\\\/\\\/umojagreenlands.org\\\/fr\\\/#\\\/schema\\\/logo\\\/image\\\/\"},\"sameAs\":[\"https:\\\/\\\/www.facebook.com\\\/profile.php?id=61574025178042\"]}]}<\/script>\n<!-- \/ Yoast SEO plugin. -->","yoast_head_json":{"title":"OKWAIRWOTH SAUVEUR - Umoja Greenlands","robots":{"index":"index","follow":"follow","max-snippet":"max-snippet:-1","max-image-preview":"max-image-preview:large","max-video-preview":"max-video-preview:-1"},"canonical":"https:\/\/umojagreenlands.org\/fr\/okwairwoth-sauveur\/","og_locale":"fr_FR","og_type":"article","og_title":"OKWAIRWOTH SAUVEUR - Umoja Greenlands","og_description":"OKWAIRWOTH SAVIOURChef de cabinet Okwairwoth Saviour est originaire du village de Nguthe, une communaut\u00e9 de 1 000 personnes, o\u00f9 il a pu constater de visu les difficult\u00e9s li\u00e9es \u00e0 l&#8217;acc\u00e8s limit\u00e9 \u00e0 l&#8217;eau potable. Apr\u00e8s avoir termin\u00e9 le Senior 3 (S.3), Saviour s&#8217;est engag\u00e9 \u00e0 trouver des solutions pratiques pour sa communaut\u00e9. Son leadership a [&hellip;]","og_url":"https:\/\/umojagreenlands.org\/fr\/okwairwoth-sauveur\/","og_site_name":"Umoja Greenlands","article_publisher":"https:\/\/www.facebook.com\/profile.php?id=61574025178042","article_modified_time":"2025-05-15T16:49:14+00:00","og_image":[{"url":"https:\/\/umojagreenlands.org\/wp-content\/uploads\/2025\/05\/PXL_20250501_075937842.jpg","type":"","width":"","height":""}],"twitter_card":"summary_large_image","twitter_misc":{"Dur\u00e9e de lecture estim\u00e9e":"1 minute"},"schema":{"@context":"https:\/\/schema.org","@graph":[{"@type":"WebPage","@id":"https:\/\/umojagreenlands.org\/fr\/okwairwoth-sauveur\/","url":"https:\/\/umojagreenlands.org\/fr\/okwairwoth-sauveur\/","name":"OKWAIRWOTH SAUVEUR - Umoja Greenlands","isPartOf":{"@id":"https:\/\/umojagreenlands.org\/fr\/#website"},"primaryImageOfPage":{"@id":"https:\/\/umojagreenlands.org\/fr\/okwairwoth-sauveur\/#primaryimage"},"image":{"@id":"https:\/\/umojagreenlands.org\/fr\/okwairwoth-sauveur\/#primaryimage"},"thumbnailUrl":"https:\/\/umojagreenlands.org\/wp-content\/uploads\/2025\/05\/PXL_20250501_075937842.jpg","datePublished":"2025-03-31T15:10:53+00:00","dateModified":"2025-05-15T16:49:14+00:00","breadcrumb":{"@id":"https:\/\/umojagreenlands.org\/fr\/okwairwoth-sauveur\/#breadcrumb"},"inLanguage":"fr-FR","potentialAction":[{"@type":"ReadAction","target":["https:\/\/umojagreenlands.org\/fr\/okwairwoth-sauveur\/"]}]},{"@type":"ImageObject","inLanguage":"fr-FR","@id":"https:\/\/umojagreenlands.org\/fr\/okwairwoth-sauveur\/#primaryimage","url":"https:\/\/umojagreenlands.org\/wp-content\/uploads\/2025\/05\/PXL_20250501_075937842.jpg","contentUrl":"https:\/\/umojagreenlands.org\/wp-content\/uploads\/2025\/05\/PXL_20250501_075937842.jpg"},{"@type":"BreadcrumbList","@id":"https:\/\/umojagreenlands.org\/fr\/okwairwoth-sauveur\/#breadcrumb","itemListElement":[{"@type":"ListItem","position":1,"name":"Home","item":"https:\/\/umojagreenlands.org\/fr\/zones-vertes-dumoja\/"},{"@type":"ListItem","position":2,"name":"OKWAIRWOTH SAUVEUR"}]},{"@type":"WebSite","@id":"https:\/\/umojagreenlands.org\/fr\/#website","url":"https:\/\/umojagreenlands.org\/fr\/","name":"Umoja Greenlands","description":"Umoja Greenlands is a community-driven initiative focused on sustainable living, environmental stewardship, and water resilience. Centered in rural Africa, it empowers local communities through rainwater harvesting, regenerative agriculture, and eco-friendly infrastructure, all rooted in the spirit of umoja\u2014Swahili for unity.","publisher":{"@id":"https:\/\/umojagreenlands.org\/fr\/#organization"},"potentialAction":[{"@type":"SearchAction","target":{"@type":"EntryPoint","urlTemplate":"https:\/\/umojagreenlands.org\/fr\/?s={search_term_string}"},"query-input":{"@type":"PropertyValueSpecification","valueRequired":true,"valueName":"search_term_string"}}],"inLanguage":"fr-FR"},{"@type":"Organization","@id":"https:\/\/umojagreenlands.org\/fr\/#organization","name":"Umoja Greenlands","url":"https:\/\/umojagreenlands.org\/fr\/","logo":{"@type":"ImageObject","inLanguage":"fr-FR","@id":"https:\/\/umojagreenlands.org\/fr\/#\/schema\/logo\/image\/","url":"https:\/\/i0.wp.com\/umojagreenlands.org\/wp-content\/uploads\/2025\/03\/logo.png?fit=1024%2C1024&ssl=1","contentUrl":"https:\/\/i0.wp.com\/umojagreenlands.org\/wp-content\/uploads\/2025\/03\/logo.png?fit=1024%2C1024&ssl=1","width":1024,"height":1024,"caption":"Umoja Greenlands"},"image":{"@id":"https:\/\/umojagreenlands.org\/fr\/#\/schema\/logo\/image\/"},"sameAs":["https:\/\/www.facebook.com\/profile.php?id=61574025178042"]}]}},"jetpack_sharing_enabled":true,"_links":{"self":[{"href":"https:\/\/umojagreenlands.org\/fr\/wp-json\/wp\/v2\/pages\/399","targetHints":{"allow":["GET"]}}],"collection":[{"href":"https:\/\/umojagreenlands.org\/fr\/wp-json\/wp\/v2\/pages"}],"about":[{"href":"https:\/\/umojagreenlands.org\/fr\/wp-json\/wp\/v2\/types\/page"}],"author":[{"embeddable":true,"href":"https:\/\/umojagreenlands.org\/fr\/wp-json\/wp\/v2\/users\/1"}],"replies":[{"embeddable":true,"href":"https:\/\/umojagreenlands.org\/fr\/wp-json\/wp\/v2\/comments?post=399"}],"version-history":[{"count":3,"href":"https:\/\/umojagreenlands.org\/fr\/wp-json\/wp\/v2\/pages\/399\/revisions"}],"predecessor-version":[{"id":1252,"href":"https:\/\/umojagreenlands.org\/fr\/wp-json\/wp\/v2\/pages\/399\/revisions\/1252"}],"wp:attachment":[{"href":"https:\/\/umojagreenlands.org\/fr\/wp-json\/wp\/v2\/media?parent=399"}],"curies":[{"name":"wp","href":"https:\/\/api.w.org\/{rel}","templated":true}]}}