{"id":283,"date":"2025-03-27T13:15:10","date_gmt":"2025-03-27T13:15:10","guid":{"rendered":"https:\/\/umojagreenlands.org\/abri-abordable\/"},"modified":"2025-03-29T13:02:36","modified_gmt":"2025-03-29T13:02:36","slug":"abri-abordable","status":"publish","type":"page","link":"https:\/\/umojagreenlands.org\/fr\/abri-abordable\/","title":{"rendered":"Abri abordable"},"content":{"rendered":"\t\t<div data-elementor-type=\"wp-page\" data-elementor-id=\"283\" class=\"elementor elementor-283 elementor-122\" data-elementor-post-type=\"page\">\n\t\t\t\t<div class=\"elementor-element elementor-element-4fe1a78 e-flex e-con-boxed e-con e-parent\" data-id=\"4fe1a78\" data-element_type=\"container\" data-e-type=\"container\">\n\t\t\t\t\t<div class=\"e-con-inner\">\n\t\t\t\t<div class=\"elementor-element elementor-element-c58a21c elementor-widget elementor-widget-text-editor\" data-id=\"c58a21c\" data-element_type=\"widget\" data-e-type=\"widget\" data-widget_type=\"text-editor.default\">\n\t\t\t\t<div class=\"elementor-widget-container\">\n\t\t\t\t\t\t\t\t\t<h2 data-pm-slice=\"1 1 []\">Comment construire une maison traditionnelle bon march\u00e9 au Kenya &#8211; Guide \u00e9tape par \u00e9tape et budget<\/h2><p>Vous souhaitez construire une maison traditionnelle abordable et durable au Kenya ? Suivez ce guide simple avec des instructions \u00e9tape par \u00e9tape et une ventilation compl\u00e8te des co\u00fbts ! <\/p><div><hr><\/div><h3>\ud83d\udee0 \u00c9tape 1 : Pr\u00e9parer le site<\/h3><ul data-spread=\"false\"><li><p>D\u00e9barrassez le terrain des d\u00e9bris, des buissons et des obstacles.<\/p><\/li><li><p>Nivelez le sol pour assurer sa stabilit\u00e9 et un bon drainage.<\/p><\/li><\/ul><div><hr><\/div><h3>\ud83d\udee0 \u00c9tape 2 : Construire les fondations et le cadre<\/h3><p><strong>Mat\u00e9riel n\u00e9cessaire :<\/strong><\/p><ul data-spread=\"false\"><li><p>Poteaux ronds (60 pi\u00e8ces @ Ksh 200 chacune) : <strong>Ksh 12,000<\/strong><\/p><\/li><li><p>Purline (20 pi\u00e8ces @ Ksh 500 chacune) : <strong>10 000 Ksh<\/strong><\/p><\/li><\/ul><p><strong>Instructions :<\/strong><\/p><ol start=\"1\" data-spread=\"false\"><li><p>Creusez de petits trous r\u00e9guli\u00e8rement espac\u00e9s dans le sol.<\/p><\/li><li><p>Ins\u00e9rez les poteaux ronds trait\u00e9s profond\u00e9ment dans les trous pour plus de solidit\u00e9.<\/p><\/li><li><p>Fixez des lattes de bois horizontales (purline) aux poteaux pour les renforcer.<\/p><\/li><\/ol><div><hr><\/div><h3>\ud83c\udfe0 \u00c9tape 3 : Construction du toit<\/h3><p><strong>Mat\u00e9riel n\u00e9cessaire :<\/strong><\/p><ul data-spread=\"false\"><li><p>Poutrelles (20 pi\u00e8ces \u00e0 1 000 Ksh chacune) : <strong>20 000 Ksh<\/strong><\/p><\/li><li><p>Feuilles de fer (33 pi\u00e8ces \u00e0 1 050 Ksh chacune) : <strong>34 650 Ksh<\/strong><\/p><\/li><li><p>Clous de couverture (5kg) : <strong>Ksh 15,000<\/strong><\/p><\/li><li><p>Panneaux de fa\u00e7ade (10 pi\u00e8ces @ Ksh 1,000 chacune) : <strong>Ksh 10 000<\/strong><\/p><\/li><\/ul><p><strong>Instructions :<\/strong><\/p><ol start=\"1\" data-spread=\"false\"><li><p>Construisez la charpente du toit \u00e0 l&#8217;aide de fermes en bois solides.<\/p><\/li><li><p>Fixez les pannes (supports horizontaux) en travers des fermes.<\/p><\/li><li><p>Fixez 33 feuilles de fer sur le cadre \u00e0 l&#8217;aide de clous de toiture.<\/p><\/li><li><p>Faites chevaucher correctement les feuilles de fer pour \u00e9viter les fuites.<\/p><\/li><\/ol><div><hr><\/div><h3>\ud83e\uddf1 \u00c9tape 4 : Construire les murs (en utilisant du ciment au lieu de la boue)<\/h3><p><strong>Mat\u00e9riel n\u00e9cessaire :<\/strong> (le co\u00fbt du ciment n&#8217;est pas inclus dans ce budget, ajustez-le si n\u00e9cessaire)<\/p><p><strong>Instructions :<\/strong><\/p><ol start=\"1\" data-spread=\"false\"><li><p>Pr\u00e9parez un m\u00e9lange de ciment (ciment + sable + eau).<\/p><\/li><li><p>Appliquez le m\u00e9lange en couches sur le cadre en bois.<\/p><\/li><li><p>Laissez s\u00e9cher compl\u00e8tement chaque couche avant d&#8217;ajouter la suivante afin d&#8217;\u00e9viter les fissures.<\/p><\/li><li><p>Lissez et compactez les murs pour obtenir une finition uniforme et durable.<\/p><\/li><\/ol><div><hr><\/div><h3>\ud83d\udeaa \u00c9tape 5 : Installation des portes et des fen\u00eatres<\/h3><p><strong>Mat\u00e9riel n\u00e9cessaire :<\/strong><\/p><ul data-spread=\"false\"><li><p>Portes et fen\u00eatres : <strong>18 000 Ksh<\/strong><\/p><\/li><\/ul><p><strong>Instructions :<\/strong><\/p><ol start=\"1\" data-spread=\"false\"><li><p>Installez des portes en bois ou en m\u00e9tal et veillez \u00e0 ce qu&#8217;elles soient correctement fix\u00e9es.<\/p><\/li><li><p>Fixez des fen\u00eatres simples pour la ventilation.<\/p><\/li><li><p>S\u00e9curisez toutes les ouvertures \u00e0 l&#8217;aide de charni\u00e8res et de serrures.<\/p><\/li><\/ol><div><hr><\/div><h3>\ud83c\udfe1 \u00c9tape 6 : Pr\u00e9paration du sol<\/h3><p><strong>Instructions :<\/strong><\/p><ol start=\"1\" data-spread=\"false\"><li><p>Compactez le sol \u00e0 l&#8217;int\u00e9rieur de la maison pour cr\u00e9er une base solide.<\/p><\/li><li><p><em>(optionnel)<\/em>  Si le budget le permet, appliquez un sol en ciment pour une plus grande durabilit\u00e9.<\/p><\/li><\/ol><div><hr><\/div><h3>\u2705 \u00c9tape 7 : Touches finales<\/h3><ol start=\"1\" data-spread=\"false\"><li><p>Laissez les murs s\u00e9cher compl\u00e8tement avant de les utiliser.<\/p><\/li><li><p>Appliquez un enduit de protection en ciment pour \u00e9viter les fissures et les d\u00e9g\u00e2ts des eaux.<\/p><\/li><li><p>Veillez \u00e0 un bon drainage en creusant de petites tranch\u00e9es autour de la maison pour d\u00e9tourner l&#8217;eau de pluie.<\/p><\/li><\/ol><div><hr><\/div><h2>\ud83d\udcb0 Budget total (Ksh)<\/h2><ul data-spread=\"false\"><li><p><strong>Feuilles de fer :<\/strong> 34 650 Ksh<\/p><\/li><li><p><strong>Clous de toiture :<\/strong> 15 000 Ksh<\/p><\/li><li><p><strong>Poteaux ronds :<\/strong> Ksh 12,000<\/p><\/li><li><p><strong>Poutrelles :<\/strong> 20 000 Ksh<\/p><\/li><li><p><strong>Purline :<\/strong> 10 000 Ksh<\/p><\/li><li><p><strong>Panneaux de fa\u00e7ade :<\/strong> Ksh 10,000<\/p><\/li><li><p><strong>Portes et fen\u00eatres :<\/strong> 18 000 Ksh<\/p><\/li><li><p><strong>Main d&#8217;\u0153uvre (3 personnes) :<\/strong> 15 000 Ksh<\/p><\/li><\/ul><p><strong>\ud83d\udd39 Total g\u00e9n\u00e9ral :<\/strong> <strong>129 650 Ksh<\/strong> <em>(Cent vingt-neuf mille six cent cinquante shillings kenyans)<\/em><\/p><div><hr><\/div><p>\ud83d\udd25 <strong>Et le tour est jou\u00e9 !<\/strong> Vous disposez d\u00e9sormais d&#8217;une maison traditionnelle solide, abordable et construite localement.<\/p><p>Seriez-vous pr\u00eat \u00e0 essayer cette m\u00e9thode dans votre propre maison ? Vous avez des conseils pour \u00e9conomiser de l&#8217;argent ? Discutez-en dans les commentaires ci-dessous !  <\/p><p>#Logements abordables #Kenya #DIYConstruction #LowCostBuilding #TraditionalHomes #SustainableLiving<\/p>\t\t\t\t\t\t\t\t<\/div>\n\t\t\t\t<\/div>\n\t\t\t\t\t<\/div>\n\t\t\t\t<\/div>\n\t\t<div class=\"elementor-element elementor-element-3bdcc06 e-grid e-con-boxed e-con e-parent\" data-id=\"3bdcc06\" data-element_type=\"container\" data-e-type=\"container\">\n\t\t\t\t\t<div class=\"e-con-inner\">\n\t\t\t\t<div class=\"elementor-element elementor-element-f052c5b elementor-widget elementor-widget-image\" data-id=\"f052c5b\" data-element_type=\"widget\" data-e-type=\"widget\" data-widget_type=\"image.default\">\n\t\t\t\t<div class=\"elementor-widget-container\">\n\t\t\t\t\t\t\t\t\t\t\t\t\t\t\t<img loading=\"lazy\" decoding=\"async\" loading=\"lazy\" width=\"709\" height=\"1024\" src=\"https:\/\/i0.wp.com\/umojagreenlands.org\/wp-content\/uploads\/2025\/03\/HouseConstruction1.jpg?fit=709%2C1024&amp;ssl=1\" class=\"attachment-large size-large wp-image-241\" alt=\"\" srcset=\"https:\/\/i0.wp.com\/umojagreenlands.org\/wp-content\/uploads\/2025\/03\/HouseConstruction1.jpg?w=864&amp;ssl=1 864w, https:\/\/i0.wp.com\/umojagreenlands.org\/wp-content\/uploads\/2025\/03\/HouseConstruction1.jpg?resize=208%2C300&amp;ssl=1 208w, https:\/\/i0.wp.com\/umojagreenlands.org\/wp-content\/uploads\/2025\/03\/HouseConstruction1.jpg?resize=709%2C1024&amp;ssl=1 709w, https:\/\/i0.wp.com\/umojagreenlands.org\/wp-content\/uploads\/2025\/03\/HouseConstruction1.jpg?resize=768%2C1109&amp;ssl=1 768w\" sizes=\"auto, (max-width: 709px) 100vw, 709px\" \/>\t\t\t\t\t\t\t\t\t\t\t\t\t\t\t<\/div>\n\t\t\t\t<\/div>\n\t\t\t\t<div class=\"elementor-element elementor-element-db7494d elementor-widget elementor-widget-image\" data-id=\"db7494d\" data-element_type=\"widget\" data-e-type=\"widget\" data-widget_type=\"image.default\">\n\t\t\t\t<div class=\"elementor-widget-container\">\n\t\t\t\t\t\t\t\t\t\t\t\t\t\t\t<img loading=\"lazy\" decoding=\"async\" loading=\"lazy\" width=\"709\" height=\"1024\" src=\"https:\/\/i0.wp.com\/umojagreenlands.org\/wp-content\/uploads\/2025\/03\/IMG-20250327-WA0022.jpg?fit=709%2C1024&amp;ssl=1\" class=\"attachment-large size-large wp-image-245\" alt=\"\" srcset=\"https:\/\/i0.wp.com\/umojagreenlands.org\/wp-content\/uploads\/2025\/03\/IMG-20250327-WA0022.jpg?w=864&amp;ssl=1 864w, https:\/\/i0.wp.com\/umojagreenlands.org\/wp-content\/uploads\/2025\/03\/IMG-20250327-WA0022.jpg?resize=208%2C300&amp;ssl=1 208w, https:\/\/i0.wp.com\/umojagreenlands.org\/wp-content\/uploads\/2025\/03\/IMG-20250327-WA0022.jpg?resize=709%2C1024&amp;ssl=1 709w, https:\/\/i0.wp.com\/umojagreenlands.org\/wp-content\/uploads\/2025\/03\/IMG-20250327-WA0022.jpg?resize=768%2C1109&amp;ssl=1 768w\" sizes=\"auto, (max-width: 709px) 100vw, 709px\" \/>\t\t\t\t\t\t\t\t\t\t\t\t\t\t\t<\/div>\n\t\t\t\t<\/div>\n\t\t\t\t<div class=\"elementor-element elementor-element-13e31d5 elementor-widget elementor-widget-image\" data-id=\"13e31d5\" data-element_type=\"widget\" data-e-type=\"widget\" data-widget_type=\"image.default\">\n\t\t\t\t<div class=\"elementor-widget-container\">\n\t\t\t\t\t\t\t\t\t\t\t\t\t\t\t<img loading=\"lazy\" decoding=\"async\" loading=\"lazy\" width=\"708\" height=\"1024\" src=\"https:\/\/i0.wp.com\/umojagreenlands.org\/wp-content\/uploads\/2025\/03\/HouseConstructed3.jpg?fit=708%2C1024&amp;ssl=1\" class=\"attachment-large size-large wp-image-249\" alt=\"\" srcset=\"https:\/\/i0.wp.com\/umojagreenlands.org\/wp-content\/uploads\/2025\/03\/HouseConstructed3.jpg?w=1107&amp;ssl=1 1107w, https:\/\/i0.wp.com\/umojagreenlands.org\/wp-content\/uploads\/2025\/03\/HouseConstructed3.jpg?resize=208%2C300&amp;ssl=1 208w, https:\/\/i0.wp.com\/umojagreenlands.org\/wp-content\/uploads\/2025\/03\/HouseConstructed3.jpg?resize=708%2C1024&amp;ssl=1 708w, https:\/\/i0.wp.com\/umojagreenlands.org\/wp-content\/uploads\/2025\/03\/HouseConstructed3.jpg?resize=768%2C1110&amp;ssl=1 768w, https:\/\/i0.wp.com\/umojagreenlands.org\/wp-content\/uploads\/2025\/03\/HouseConstructed3.jpg?resize=1063%2C1536&amp;ssl=1 1063w\" sizes=\"auto, (max-width: 708px) 100vw, 708px\" \/>\t\t\t\t\t\t\t\t\t\t\t\t\t\t\t<\/div>\n\t\t\t\t<\/div>\n\t\t\t\t\t<\/div>\n\t\t\t\t<\/div>\n\t\t\t\t<\/div>\n\t\t","protected":false},"excerpt":{"rendered":"<p>Comment construire une maison traditionnelle bon march\u00e9 au Kenya &#8211; Guide \u00e9tape par \u00e9tape et budget Vous souhaitez construire une maison traditionnelle abordable et durable au Kenya ? Suivez ce guide simple avec des instructions \u00e9tape par \u00e9tape et une ventilation compl\u00e8te des co\u00fbts ! \ud83d\udee0 \u00c9tape 1 : Pr\u00e9parer le site D\u00e9barrassez le terrain [&hellip;]<\/p>\n","protected":false},"author":1,"featured_media":0,"parent":0,"menu_order":0,"comment_status":"closed","ping_status":"closed","template":"","meta":{"nf_dc_page":"","om_disable_all_campaigns":false,"_monsterinsights_skip_tracking":false,"_monsterinsights_sitenote_active":false,"_monsterinsights_sitenote_note":"","_monsterinsights_sitenote_category":0,"footnotes":""},"class_list":["post-283","page","type-page","status-publish","hentry"],"yoast_head":"<!-- This site is optimized with the Yoast SEO plugin v27.4 - https:\/\/yoast.com\/product\/yoast-seo-wordpress\/ -->\n<title>Abri abordable - Umoja Greenlands<\/title>\n<meta name=\"robots\" content=\"index, follow, max-snippet:-1, max-image-preview:large, max-video-preview:-1\" \/>\n<link rel=\"canonical\" href=\"https:\/\/umojagreenlands.org\/fr\/abri-abordable\/\" \/>\n<meta property=\"og:locale\" content=\"fr_FR\" \/>\n<meta property=\"og:type\" content=\"article\" \/>\n<meta property=\"og:title\" content=\"Abri abordable - Umoja Greenlands\" \/>\n<meta property=\"og:description\" content=\"Comment construire une maison traditionnelle bon march\u00e9 au Kenya &#8211; Guide \u00e9tape par \u00e9tape et budget Vous souhaitez construire une maison traditionnelle abordable et durable au Kenya ? Suivez ce guide simple avec des instructions \u00e9tape par \u00e9tape et une ventilation compl\u00e8te des co\u00fbts ! \ud83d\udee0 \u00c9tape 1 : Pr\u00e9parer le site D\u00e9barrassez le terrain [&hellip;]\" \/>\n<meta property=\"og:url\" content=\"https:\/\/umojagreenlands.org\/fr\/abri-abordable\/\" \/>\n<meta property=\"og:site_name\" content=\"Umoja Greenlands\" \/>\n<meta property=\"article:publisher\" content=\"https:\/\/www.facebook.com\/profile.php?id=61574025178042\" \/>\n<meta property=\"article:modified_time\" content=\"2025-03-29T13:02:36+00:00\" \/>\n<meta property=\"og:image\" content=\"https:\/\/i0.wp.com\/umojagreenlands.org\/wp-content\/uploads\/2025\/03\/HouseConstruction1.jpg?fit=864%2C1248&ssl=1\" \/>\n\t<meta property=\"og:image:width\" content=\"864\" \/>\n\t<meta property=\"og:image:height\" content=\"1248\" \/>\n\t<meta property=\"og:image:type\" content=\"image\/jpeg\" \/>\n<meta name=\"twitter:card\" content=\"summary_large_image\" \/>\n<meta name=\"twitter:label1\" content=\"Dur\u00e9e de lecture estim\u00e9e\" \/>\n\t<meta name=\"twitter:data1\" content=\"3 minutes\" \/>\n<script type=\"application\/ld+json\" class=\"yoast-schema-graph\">{\"@context\":\"https:\\\/\\\/schema.org\",\"@graph\":[{\"@type\":\"WebPage\",\"@id\":\"https:\\\/\\\/umojagreenlands.org\\\/fr\\\/abri-abordable\\\/\",\"url\":\"https:\\\/\\\/umojagreenlands.org\\\/fr\\\/abri-abordable\\\/\",\"name\":\"Abri abordable - Umoja Greenlands\",\"isPartOf\":{\"@id\":\"https:\\\/\\\/umojagreenlands.org\\\/fr\\\/#website\"},\"primaryImageOfPage\":{\"@id\":\"https:\\\/\\\/umojagreenlands.org\\\/fr\\\/abri-abordable\\\/#primaryimage\"},\"image\":{\"@id\":\"https:\\\/\\\/umojagreenlands.org\\\/fr\\\/abri-abordable\\\/#primaryimage\"},\"thumbnailUrl\":\"https:\\\/\\\/i0.wp.com\\\/umojagreenlands.org\\\/wp-content\\\/uploads\\\/2025\\\/03\\\/HouseConstruction1.jpg?fit=709%2C1024&amp;ssl=1\",\"datePublished\":\"2025-03-27T13:15:10+00:00\",\"dateModified\":\"2025-03-29T13:02:36+00:00\",\"breadcrumb\":{\"@id\":\"https:\\\/\\\/umojagreenlands.org\\\/fr\\\/abri-abordable\\\/#breadcrumb\"},\"inLanguage\":\"fr-FR\",\"potentialAction\":[{\"@type\":\"ReadAction\",\"target\":[\"https:\\\/\\\/umojagreenlands.org\\\/fr\\\/abri-abordable\\\/\"]}]},{\"@type\":\"ImageObject\",\"inLanguage\":\"fr-FR\",\"@id\":\"https:\\\/\\\/umojagreenlands.org\\\/fr\\\/abri-abordable\\\/#primaryimage\",\"url\":\"https:\\\/\\\/i0.wp.com\\\/umojagreenlands.org\\\/wp-content\\\/uploads\\\/2025\\\/03\\\/HouseConstruction1.jpg?fit=709%2C1024&amp;ssl=1\",\"contentUrl\":\"https:\\\/\\\/i0.wp.com\\\/umojagreenlands.org\\\/wp-content\\\/uploads\\\/2025\\\/03\\\/HouseConstruction1.jpg?fit=709%2C1024&amp;ssl=1\"},{\"@type\":\"BreadcrumbList\",\"@id\":\"https:\\\/\\\/umojagreenlands.org\\\/fr\\\/abri-abordable\\\/#breadcrumb\",\"itemListElement\":[{\"@type\":\"ListItem\",\"position\":1,\"name\":\"Home\",\"item\":\"https:\\\/\\\/umojagreenlands.org\\\/fr\\\/zones-vertes-dumoja\\\/\"},{\"@type\":\"ListItem\",\"position\":2,\"name\":\"Abri abordable\"}]},{\"@type\":\"WebSite\",\"@id\":\"https:\\\/\\\/umojagreenlands.org\\\/fr\\\/#website\",\"url\":\"https:\\\/\\\/umojagreenlands.org\\\/fr\\\/\",\"name\":\"Umoja Greenlands\",\"description\":\"Umoja Greenlands is a community-driven initiative focused on sustainable living, environmental stewardship, and water resilience. Centered in rural Africa, it empowers local communities through rainwater harvesting, regenerative agriculture, and eco-friendly infrastructure, all rooted in the spirit of umoja\u2014Swahili for unity.\",\"publisher\":{\"@id\":\"https:\\\/\\\/umojagreenlands.org\\\/fr\\\/#organization\"},\"potentialAction\":[{\"@type\":\"SearchAction\",\"target\":{\"@type\":\"EntryPoint\",\"urlTemplate\":\"https:\\\/\\\/umojagreenlands.org\\\/fr\\\/?s={search_term_string}\"},\"query-input\":{\"@type\":\"PropertyValueSpecification\",\"valueRequired\":true,\"valueName\":\"search_term_string\"}}],\"inLanguage\":\"fr-FR\"},{\"@type\":\"Organization\",\"@id\":\"https:\\\/\\\/umojagreenlands.org\\\/fr\\\/#organization\",\"name\":\"Umoja Greenlands\",\"url\":\"https:\\\/\\\/umojagreenlands.org\\\/fr\\\/\",\"logo\":{\"@type\":\"ImageObject\",\"inLanguage\":\"fr-FR\",\"@id\":\"https:\\\/\\\/umojagreenlands.org\\\/fr\\\/#\\\/schema\\\/logo\\\/image\\\/\",\"url\":\"https:\\\/\\\/i0.wp.com\\\/umojagreenlands.org\\\/wp-content\\\/uploads\\\/2025\\\/03\\\/logo.png?fit=1024%2C1024&ssl=1\",\"contentUrl\":\"https:\\\/\\\/i0.wp.com\\\/umojagreenlands.org\\\/wp-content\\\/uploads\\\/2025\\\/03\\\/logo.png?fit=1024%2C1024&ssl=1\",\"width\":1024,\"height\":1024,\"caption\":\"Umoja Greenlands\"},\"image\":{\"@id\":\"https:\\\/\\\/umojagreenlands.org\\\/fr\\\/#\\\/schema\\\/logo\\\/image\\\/\"},\"sameAs\":[\"https:\\\/\\\/www.facebook.com\\\/profile.php?id=61574025178042\"]}]}<\/script>\n<!-- \/ Yoast SEO plugin. -->","yoast_head_json":{"title":"Abri abordable - Umoja Greenlands","robots":{"index":"index","follow":"follow","max-snippet":"max-snippet:-1","max-image-preview":"max-image-preview:large","max-video-preview":"max-video-preview:-1"},"canonical":"https:\/\/umojagreenlands.org\/fr\/abri-abordable\/","og_locale":"fr_FR","og_type":"article","og_title":"Abri abordable - Umoja Greenlands","og_description":"Comment construire une maison traditionnelle bon march\u00e9 au Kenya &#8211; Guide \u00e9tape par \u00e9tape et budget Vous souhaitez construire une maison traditionnelle abordable et durable au Kenya ? Suivez ce guide simple avec des instructions \u00e9tape par \u00e9tape et une ventilation compl\u00e8te des co\u00fbts ! \ud83d\udee0 \u00c9tape 1 : Pr\u00e9parer le site D\u00e9barrassez le terrain [&hellip;]","og_url":"https:\/\/umojagreenlands.org\/fr\/abri-abordable\/","og_site_name":"Umoja Greenlands","article_publisher":"https:\/\/www.facebook.com\/profile.php?id=61574025178042","article_modified_time":"2025-03-29T13:02:36+00:00","og_image":[{"width":864,"height":1248,"url":"https:\/\/i0.wp.com\/umojagreenlands.org\/wp-content\/uploads\/2025\/03\/HouseConstruction1.jpg?fit=864%2C1248&ssl=1","type":"image\/jpeg"}],"twitter_card":"summary_large_image","twitter_misc":{"Dur\u00e9e de lecture estim\u00e9e":"3 minutes"},"schema":{"@context":"https:\/\/schema.org","@graph":[{"@type":"WebPage","@id":"https:\/\/umojagreenlands.org\/fr\/abri-abordable\/","url":"https:\/\/umojagreenlands.org\/fr\/abri-abordable\/","name":"Abri abordable - Umoja Greenlands","isPartOf":{"@id":"https:\/\/umojagreenlands.org\/fr\/#website"},"primaryImageOfPage":{"@id":"https:\/\/umojagreenlands.org\/fr\/abri-abordable\/#primaryimage"},"image":{"@id":"https:\/\/umojagreenlands.org\/fr\/abri-abordable\/#primaryimage"},"thumbnailUrl":"https:\/\/i0.wp.com\/umojagreenlands.org\/wp-content\/uploads\/2025\/03\/HouseConstruction1.jpg?fit=709%2C1024&amp;ssl=1","datePublished":"2025-03-27T13:15:10+00:00","dateModified":"2025-03-29T13:02:36+00:00","breadcrumb":{"@id":"https:\/\/umojagreenlands.org\/fr\/abri-abordable\/#breadcrumb"},"inLanguage":"fr-FR","potentialAction":[{"@type":"ReadAction","target":["https:\/\/umojagreenlands.org\/fr\/abri-abordable\/"]}]},{"@type":"ImageObject","inLanguage":"fr-FR","@id":"https:\/\/umojagreenlands.org\/fr\/abri-abordable\/#primaryimage","url":"https:\/\/i0.wp.com\/umojagreenlands.org\/wp-content\/uploads\/2025\/03\/HouseConstruction1.jpg?fit=709%2C1024&amp;ssl=1","contentUrl":"https:\/\/i0.wp.com\/umojagreenlands.org\/wp-content\/uploads\/2025\/03\/HouseConstruction1.jpg?fit=709%2C1024&amp;ssl=1"},{"@type":"BreadcrumbList","@id":"https:\/\/umojagreenlands.org\/fr\/abri-abordable\/#breadcrumb","itemListElement":[{"@type":"ListItem","position":1,"name":"Home","item":"https:\/\/umojagreenlands.org\/fr\/zones-vertes-dumoja\/"},{"@type":"ListItem","position":2,"name":"Abri abordable"}]},{"@type":"WebSite","@id":"https:\/\/umojagreenlands.org\/fr\/#website","url":"https:\/\/umojagreenlands.org\/fr\/","name":"Umoja Greenlands","description":"Umoja Greenlands is a community-driven initiative focused on sustainable living, environmental stewardship, and water resilience. Centered in rural Africa, it empowers local communities through rainwater harvesting, regenerative agriculture, and eco-friendly infrastructure, all rooted in the spirit of umoja\u2014Swahili for unity.","publisher":{"@id":"https:\/\/umojagreenlands.org\/fr\/#organization"},"potentialAction":[{"@type":"SearchAction","target":{"@type":"EntryPoint","urlTemplate":"https:\/\/umojagreenlands.org\/fr\/?s={search_term_string}"},"query-input":{"@type":"PropertyValueSpecification","valueRequired":true,"valueName":"search_term_string"}}],"inLanguage":"fr-FR"},{"@type":"Organization","@id":"https:\/\/umojagreenlands.org\/fr\/#organization","name":"Umoja Greenlands","url":"https:\/\/umojagreenlands.org\/fr\/","logo":{"@type":"ImageObject","inLanguage":"fr-FR","@id":"https:\/\/umojagreenlands.org\/fr\/#\/schema\/logo\/image\/","url":"https:\/\/i0.wp.com\/umojagreenlands.org\/wp-content\/uploads\/2025\/03\/logo.png?fit=1024%2C1024&ssl=1","contentUrl":"https:\/\/i0.wp.com\/umojagreenlands.org\/wp-content\/uploads\/2025\/03\/logo.png?fit=1024%2C1024&ssl=1","width":1024,"height":1024,"caption":"Umoja Greenlands"},"image":{"@id":"https:\/\/umojagreenlands.org\/fr\/#\/schema\/logo\/image\/"},"sameAs":["https:\/\/www.facebook.com\/profile.php?id=61574025178042"]}]}},"jetpack_sharing_enabled":true,"_links":{"self":[{"href":"https:\/\/umojagreenlands.org\/fr\/wp-json\/wp\/v2\/pages\/283","targetHints":{"allow":["GET"]}}],"collection":[{"href":"https:\/\/umojagreenlands.org\/fr\/wp-json\/wp\/v2\/pages"}],"about":[{"href":"https:\/\/umojagreenlands.org\/fr\/wp-json\/wp\/v2\/types\/page"}],"author":[{"embeddable":true,"href":"https:\/\/umojagreenlands.org\/fr\/wp-json\/wp\/v2\/users\/1"}],"replies":[{"embeddable":true,"href":"https:\/\/umojagreenlands.org\/fr\/wp-json\/wp\/v2\/comments?post=283"}],"version-history":[{"count":1,"href":"https:\/\/umojagreenlands.org\/fr\/wp-json\/wp\/v2\/pages\/283\/revisions"}],"predecessor-version":[{"id":284,"href":"https:\/\/umojagreenlands.org\/fr\/wp-json\/wp\/v2\/pages\/283\/revisions\/284"}],"wp:attachment":[{"href":"https:\/\/umojagreenlands.org\/fr\/wp-json\/wp\/v2\/media?parent=283"}],"curies":[{"name":"wp","href":"https:\/\/api.w.org\/{rel}","templated":true}]}}