{"id":1219,"date":"2025-05-10T15:52:10","date_gmt":"2025-05-10T15:52:10","guid":{"rendered":"https:\/\/umojagreenlands.org\/formulaire-de-demande-de-projet-deau-propre\/"},"modified":"2025-05-10T15:53:43","modified_gmt":"2025-05-10T15:53:43","slug":"formulaire-de-demande-de-projet-deau-propre","status":"publish","type":"page","link":"https:\/\/umojagreenlands.org\/fr\/formulaire-de-demande-de-projet-deau-propre\/","title":{"rendered":"Formulaire de demande de projet d&#8217;eau propre"},"content":{"rendered":"\t\t<div data-elementor-type=\"wp-page\" data-elementor-id=\"1219\" class=\"elementor elementor-1219 elementor-1212\" data-elementor-post-type=\"page\">\n\t\t\t\t<div class=\"elementor-element elementor-element-795eb43 e-flex e-con-boxed e-con e-parent\" data-id=\"795eb43\" data-element_type=\"container\" data-e-type=\"container\">\n\t\t\t\t\t<div class=\"e-con-inner\">\n\t\t\t\t<div class=\"elementor-element elementor-element-00e98e4 elementor-widget elementor-widget-html\" data-id=\"00e98e4\" data-element_type=\"widget\" data-e-type=\"widget\" data-widget_type=\"html.default\">\n\t\t\t\t<div class=\"elementor-widget-container\">\n\t\t\t\t\t<section>\r\n  <h2 style=\"text-align:center;\">Postulez pour le soutien au projet Clean Water<\/h2>\r\n  <p style=\"text-align:center;\">Umoja Greenlands accueille les demandes de projets \u00e9manant de communaut\u00e9s \u00e0 la recherche de solutions durables en mati\u00e8re d'eau. Veuillez remplir le formulaire avec soin. Seules les propositions officiellement approuv\u00e9es par les dirigeants de la communaut\u00e9 seront prises en consid\u00e9ration. Aucune demande individuelle n'est accept\u00e9e afin de prot\u00e9ger l'int\u00e9grit\u00e9 de notre travail.   <\/p>\r\n\r\n  <iframe src=\"https:\/\/docs.google.com\/forms\/d\/e\/1FAIpQLSe16AL1pypKRMo9gBGQx2cXNdGJ7aicxGxI7OS3sGA3CGE6Ng\/viewform?embedded=true\" width=\"100%\" height=\"1200\" frameborder=\"0\" marginheight=\"0\" marginwidth=\"0\">Chargement...<\/iframe>\r\n<\/section>\r\n\t\t\t\t<\/div>\n\t\t\t\t<\/div>\n\t\t\t\t\t<\/div>\n\t\t\t\t<\/div>\n\t\t\t\t<\/div>\n\t\t","protected":false},"excerpt":{"rendered":"<p>Postulez pour le soutien au projet Clean Water Umoja Greenlands accueille les demandes de projets \u00e9manant de communaut\u00e9s \u00e0 la recherche de solutions durables en mati\u00e8re d&#8217;eau. Veuillez remplir le formulaire avec soin. Seules les propositions officiellement approuv\u00e9es par les dirigeants de la communaut\u00e9 seront prises en consid\u00e9ration. Aucune demande individuelle n&#8217;est accept\u00e9e afin de [&hellip;]<\/p>\n","protected":false},"author":1,"featured_media":0,"parent":0,"menu_order":0,"comment_status":"closed","ping_status":"closed","template":"","meta":{"nf_dc_page":"","om_disable_all_campaigns":false,"_monsterinsights_skip_tracking":false,"_monsterinsights_sitenote_active":false,"_monsterinsights_sitenote_note":"","_monsterinsights_sitenote_category":0,"footnotes":""},"class_list":["post-1219","page","type-page","status-publish","hentry"],"yoast_head":"<!-- This site is optimized with the Yoast SEO plugin v27.4 - https:\/\/yoast.com\/product\/yoast-seo-wordpress\/ -->\n<title>Formulaire de demande de projet d&#039;eau propre - Umoja Greenlands<\/title>\n<meta name=\"robots\" content=\"index, follow, max-snippet:-1, max-image-preview:large, max-video-preview:-1\" \/>\n<link rel=\"canonical\" href=\"https:\/\/umojagreenlands.org\/fr\/formulaire-de-demande-de-projet-deau-propre\/\" \/>\n<meta property=\"og:locale\" content=\"fr_FR\" \/>\n<meta property=\"og:type\" content=\"article\" \/>\n<meta property=\"og:title\" content=\"Formulaire de demande de projet d&#039;eau propre - Umoja Greenlands\" \/>\n<meta property=\"og:description\" content=\"Postulez pour le soutien au projet Clean Water Umoja Greenlands accueille les demandes de projets \u00e9manant de communaut\u00e9s \u00e0 la recherche de solutions durables en mati\u00e8re d&#8217;eau. Veuillez remplir le formulaire avec soin. Seules les propositions officiellement approuv\u00e9es par les dirigeants de la communaut\u00e9 seront prises en consid\u00e9ration. Aucune demande individuelle n&#8217;est accept\u00e9e afin de [&hellip;]\" \/>\n<meta property=\"og:url\" content=\"https:\/\/umojagreenlands.org\/fr\/formulaire-de-demande-de-projet-deau-propre\/\" \/>\n<meta property=\"og:site_name\" content=\"Umoja Greenlands\" \/>\n<meta property=\"article:publisher\" content=\"https:\/\/www.facebook.com\/profile.php?id=61574025178042\" \/>\n<meta property=\"article:modified_time\" content=\"2025-05-10T15:53:43+00:00\" \/>\n<meta name=\"twitter:card\" content=\"summary_large_image\" \/>\n<script type=\"application\/ld+json\" class=\"yoast-schema-graph\">{\"@context\":\"https:\\\/\\\/schema.org\",\"@graph\":[{\"@type\":\"WebPage\",\"@id\":\"https:\\\/\\\/umojagreenlands.org\\\/fr\\\/formulaire-de-demande-de-projet-deau-propre\\\/\",\"url\":\"https:\\\/\\\/umojagreenlands.org\\\/fr\\\/formulaire-de-demande-de-projet-deau-propre\\\/\",\"name\":\"Formulaire de demande de projet d'eau propre - Umoja Greenlands\",\"isPartOf\":{\"@id\":\"https:\\\/\\\/umojagreenlands.org\\\/fr\\\/#website\"},\"datePublished\":\"2025-05-10T15:52:10+00:00\",\"dateModified\":\"2025-05-10T15:53:43+00:00\",\"breadcrumb\":{\"@id\":\"https:\\\/\\\/umojagreenlands.org\\\/fr\\\/formulaire-de-demande-de-projet-deau-propre\\\/#breadcrumb\"},\"inLanguage\":\"fr-FR\",\"potentialAction\":[{\"@type\":\"ReadAction\",\"target\":[\"https:\\\/\\\/umojagreenlands.org\\\/fr\\\/formulaire-de-demande-de-projet-deau-propre\\\/\"]}]},{\"@type\":\"BreadcrumbList\",\"@id\":\"https:\\\/\\\/umojagreenlands.org\\\/fr\\\/formulaire-de-demande-de-projet-deau-propre\\\/#breadcrumb\",\"itemListElement\":[{\"@type\":\"ListItem\",\"position\":1,\"name\":\"Home\",\"item\":\"https:\\\/\\\/umojagreenlands.org\\\/fr\\\/zones-vertes-dumoja\\\/\"},{\"@type\":\"ListItem\",\"position\":2,\"name\":\"Formulaire de demande de projet d&#8217;eau propre\"}]},{\"@type\":\"WebSite\",\"@id\":\"https:\\\/\\\/umojagreenlands.org\\\/fr\\\/#website\",\"url\":\"https:\\\/\\\/umojagreenlands.org\\\/fr\\\/\",\"name\":\"Umoja Greenlands\",\"description\":\"Umoja Greenlands is a community-driven initiative focused on sustainable living, environmental stewardship, and water resilience. Centered in rural Africa, it empowers local communities through rainwater harvesting, regenerative agriculture, and eco-friendly infrastructure, all rooted in the spirit of umoja\u2014Swahili for unity.\",\"publisher\":{\"@id\":\"https:\\\/\\\/umojagreenlands.org\\\/fr\\\/#organization\"},\"potentialAction\":[{\"@type\":\"SearchAction\",\"target\":{\"@type\":\"EntryPoint\",\"urlTemplate\":\"https:\\\/\\\/umojagreenlands.org\\\/fr\\\/?s={search_term_string}\"},\"query-input\":{\"@type\":\"PropertyValueSpecification\",\"valueRequired\":true,\"valueName\":\"search_term_string\"}}],\"inLanguage\":\"fr-FR\"},{\"@type\":\"Organization\",\"@id\":\"https:\\\/\\\/umojagreenlands.org\\\/fr\\\/#organization\",\"name\":\"Umoja Greenlands\",\"url\":\"https:\\\/\\\/umojagreenlands.org\\\/fr\\\/\",\"logo\":{\"@type\":\"ImageObject\",\"inLanguage\":\"fr-FR\",\"@id\":\"https:\\\/\\\/umojagreenlands.org\\\/fr\\\/#\\\/schema\\\/logo\\\/image\\\/\",\"url\":\"https:\\\/\\\/i0.wp.com\\\/umojagreenlands.org\\\/wp-content\\\/uploads\\\/2025\\\/03\\\/logo.png?fit=1024%2C1024&ssl=1\",\"contentUrl\":\"https:\\\/\\\/i0.wp.com\\\/umojagreenlands.org\\\/wp-content\\\/uploads\\\/2025\\\/03\\\/logo.png?fit=1024%2C1024&ssl=1\",\"width\":1024,\"height\":1024,\"caption\":\"Umoja Greenlands\"},\"image\":{\"@id\":\"https:\\\/\\\/umojagreenlands.org\\\/fr\\\/#\\\/schema\\\/logo\\\/image\\\/\"},\"sameAs\":[\"https:\\\/\\\/www.facebook.com\\\/profile.php?id=61574025178042\"]}]}<\/script>\n<!-- \/ Yoast SEO plugin. -->","yoast_head_json":{"title":"Formulaire de demande de projet d'eau propre - Umoja Greenlands","robots":{"index":"index","follow":"follow","max-snippet":"max-snippet:-1","max-image-preview":"max-image-preview:large","max-video-preview":"max-video-preview:-1"},"canonical":"https:\/\/umojagreenlands.org\/fr\/formulaire-de-demande-de-projet-deau-propre\/","og_locale":"fr_FR","og_type":"article","og_title":"Formulaire de demande de projet d'eau propre - Umoja Greenlands","og_description":"Postulez pour le soutien au projet Clean Water Umoja Greenlands accueille les demandes de projets \u00e9manant de communaut\u00e9s \u00e0 la recherche de solutions durables en mati\u00e8re d&#8217;eau. Veuillez remplir le formulaire avec soin. Seules les propositions officiellement approuv\u00e9es par les dirigeants de la communaut\u00e9 seront prises en consid\u00e9ration. Aucune demande individuelle n&#8217;est accept\u00e9e afin de [&hellip;]","og_url":"https:\/\/umojagreenlands.org\/fr\/formulaire-de-demande-de-projet-deau-propre\/","og_site_name":"Umoja Greenlands","article_publisher":"https:\/\/www.facebook.com\/profile.php?id=61574025178042","article_modified_time":"2025-05-10T15:53:43+00:00","twitter_card":"summary_large_image","schema":{"@context":"https:\/\/schema.org","@graph":[{"@type":"WebPage","@id":"https:\/\/umojagreenlands.org\/fr\/formulaire-de-demande-de-projet-deau-propre\/","url":"https:\/\/umojagreenlands.org\/fr\/formulaire-de-demande-de-projet-deau-propre\/","name":"Formulaire de demande de projet d'eau propre - Umoja Greenlands","isPartOf":{"@id":"https:\/\/umojagreenlands.org\/fr\/#website"},"datePublished":"2025-05-10T15:52:10+00:00","dateModified":"2025-05-10T15:53:43+00:00","breadcrumb":{"@id":"https:\/\/umojagreenlands.org\/fr\/formulaire-de-demande-de-projet-deau-propre\/#breadcrumb"},"inLanguage":"fr-FR","potentialAction":[{"@type":"ReadAction","target":["https:\/\/umojagreenlands.org\/fr\/formulaire-de-demande-de-projet-deau-propre\/"]}]},{"@type":"BreadcrumbList","@id":"https:\/\/umojagreenlands.org\/fr\/formulaire-de-demande-de-projet-deau-propre\/#breadcrumb","itemListElement":[{"@type":"ListItem","position":1,"name":"Home","item":"https:\/\/umojagreenlands.org\/fr\/zones-vertes-dumoja\/"},{"@type":"ListItem","position":2,"name":"Formulaire de demande de projet d&#8217;eau propre"}]},{"@type":"WebSite","@id":"https:\/\/umojagreenlands.org\/fr\/#website","url":"https:\/\/umojagreenlands.org\/fr\/","name":"Umoja Greenlands","description":"Umoja Greenlands is a community-driven initiative focused on sustainable living, environmental stewardship, and water resilience. Centered in rural Africa, it empowers local communities through rainwater harvesting, regenerative agriculture, and eco-friendly infrastructure, all rooted in the spirit of umoja\u2014Swahili for unity.","publisher":{"@id":"https:\/\/umojagreenlands.org\/fr\/#organization"},"potentialAction":[{"@type":"SearchAction","target":{"@type":"EntryPoint","urlTemplate":"https:\/\/umojagreenlands.org\/fr\/?s={search_term_string}"},"query-input":{"@type":"PropertyValueSpecification","valueRequired":true,"valueName":"search_term_string"}}],"inLanguage":"fr-FR"},{"@type":"Organization","@id":"https:\/\/umojagreenlands.org\/fr\/#organization","name":"Umoja Greenlands","url":"https:\/\/umojagreenlands.org\/fr\/","logo":{"@type":"ImageObject","inLanguage":"fr-FR","@id":"https:\/\/umojagreenlands.org\/fr\/#\/schema\/logo\/image\/","url":"https:\/\/i0.wp.com\/umojagreenlands.org\/wp-content\/uploads\/2025\/03\/logo.png?fit=1024%2C1024&ssl=1","contentUrl":"https:\/\/i0.wp.com\/umojagreenlands.org\/wp-content\/uploads\/2025\/03\/logo.png?fit=1024%2C1024&ssl=1","width":1024,"height":1024,"caption":"Umoja Greenlands"},"image":{"@id":"https:\/\/umojagreenlands.org\/fr\/#\/schema\/logo\/image\/"},"sameAs":["https:\/\/www.facebook.com\/profile.php?id=61574025178042"]}]}},"jetpack_sharing_enabled":true,"_links":{"self":[{"href":"https:\/\/umojagreenlands.org\/fr\/wp-json\/wp\/v2\/pages\/1219","targetHints":{"allow":["GET"]}}],"collection":[{"href":"https:\/\/umojagreenlands.org\/fr\/wp-json\/wp\/v2\/pages"}],"about":[{"href":"https:\/\/umojagreenlands.org\/fr\/wp-json\/wp\/v2\/types\/page"}],"author":[{"embeddable":true,"href":"https:\/\/umojagreenlands.org\/fr\/wp-json\/wp\/v2\/users\/1"}],"replies":[{"embeddable":true,"href":"https:\/\/umojagreenlands.org\/fr\/wp-json\/wp\/v2\/comments?post=1219"}],"version-history":[{"count":2,"href":"https:\/\/umojagreenlands.org\/fr\/wp-json\/wp\/v2\/pages\/1219\/revisions"}],"predecessor-version":[{"id":1226,"href":"https:\/\/umojagreenlands.org\/fr\/wp-json\/wp\/v2\/pages\/1219\/revisions\/1226"}],"wp:attachment":[{"href":"https:\/\/umojagreenlands.org\/fr\/wp-json\/wp\/v2\/media?parent=1219"}],"curies":[{"name":"wp","href":"https:\/\/api.w.org\/{rel}","templated":true}]}}